{"id":10173,"date":"2025-01-31T17:11:41","date_gmt":"2025-01-31T15:11:41","guid":{"rendered":"https:\/\/candeebaar.ee\/?post_type=product&#038;p=10173"},"modified":"2026-04-07T09:23:26","modified_gmt":"2026-04-07T07:23:26","slug":"choco25-kultaa","status":"publish","type":"product","link":"https:\/\/candeebaar.ee\/fi\/kauppa\/choco25-kultaa\/","title":{"rendered":"Kultainen suklaakoristelusarja 25g"},"content":{"rendered":"<p>Helppok\u00e4ytt\u00f6inen sisustussarja sis\u00e4lt\u00e4\u00e4:<br \/>\n25 g puhdasta suklaata;<br \/>\n2x putkipussia.<\/p>\n<p>Ohjeet:<br \/>\n1) Tiivist\u00e4 pussi ja laita se l\u00e4mpim\u00e4\u00e4n veteen (noin 45\u00b0C), jotta suklaa sulaa kokonaan.<br \/>\n2) Pyyhi j\u00e4ljelle j\u00e4\u00e4nyt vesi pois.<br \/>\n3) Leikkaa pussin kulma saadaksesi oikean kokoisen suoran py\u00f6re\u00e4n rei\u00e4n k\u00e4rkeen.<br \/>\n4) Testaa sit\u00e4 saadaksesi oikean kirjoitustuloksen.<br \/>\n5) Levit\u00e4 vasta sitten valmiille tuotteelle ja anna j\u00e4\u00e4hty\u00e4.<br \/>\n6) Viimeistelyn j\u00e4lkeen k\u00e4yt\u00e4 toista putkistopussia (mukana) kaatamaan ylij\u00e4\u00e4m\u00e4t my\u00f6hemp\u00e4\u00e4 k\u00e4ytt\u00f6\u00e4 varten.<br \/>\nJos tarvitset pehme\u00e4mp\u00e4\u00e4 ja kiilt\u00e4v\u00e4mp\u00e4\u00e4 koostumusta \u2013 kokeile tehd\u00e4 ganache (resepti l\u00f6ytyy helposti netist\u00e4) ja levit\u00e4 samalla tavalla.<\/p>\n<p>Callebaut kultainen suklaa. Valmistettu valkosuklaasta lis\u00e4ttyn\u00e4 karamellia.<br \/>\nKaakaopitoisuus 30.4%.<br \/>\n25 g<\/p>\n<table style=\"height: 160px; width: 409px;\" width=\"409\">\n<tbody>\n<tr>\n<td style=\"width: 244px;\">Sis\u00e4lt\u00f6 per<\/td>\n<td style=\"width: 150.4px;\">100g<\/td>\n<\/tr>\n<tr>\n<td style=\"width: 244px;\">Ravintoarvo<\/td>\n<td style=\"width: 150.4px;\">571 kcal 2388 kJ<\/td>\n<\/tr>\n<tr>\n<td style=\"width: 244px;\">Rasvat (joista tyydyttyneit\u00e4)<\/td>\n<td style=\"width: 150.4px;\">37 g (23 g)<\/td>\n<\/tr>\n<tr>\n<td style=\"width: 244px;\">Hiilihydraatit (sokeri)<\/td>\n<td style=\"width: 150.4px;\">50g (51g)<\/td>\n<\/tr>\n<tr>\n<td style=\"width: 244px;\">Proteiinit<\/td>\n<td style=\"width: 150.4px;\">8g<\/td>\n<\/tr>\n<tr>\n<td style=\"width: 244px;\">Suolaa<\/td>\n<td style=\"width: 150.4px;\">0,51 g<\/td>\n<\/tr>\n<\/tbody>\n<\/table>\n<p>&nbsp;<\/p>\n<p>Koostumus: kaakaovoi, sokeri, kuiva <strong>maitoa<\/strong>, karamellisoitu sokeri, emulgointiaine (<strong>soija<\/strong> lesitiini), luonnollinen aromi (vanilliini), suola.<br \/>\nTS\u00e4ilytysl\u00e4mp\u00f6tila: <strong>12-20 \u00b0C<br \/>\n<\/strong>Valmistaja: CALLEBAUT Belgia<\/p>\n<p>&nbsp;<\/p>","protected":false},"excerpt":{"rendered":"<p>Helppok\u00e4ytt\u00f6inen koristelusarja sis\u00e4lt\u00e4\u00e4: 25g puhdasta suklaata; 2x putkipussia. Ohjeet: 1) Tiivist\u00e4 pussi ja laita se l\u00e4mpim\u00e4\u00e4n veteen (noin 45\u00b0C), jotta suklaa sulaa kokonaan. 2) Pyyhi j\u00e4ljelle j\u00e4\u00e4nyt vesi pois. 3) Leikkaa pussin kulma saadaksesi tarvittavan kokoisen suoran py\u00f6re\u00e4n rei\u00e4n [\u2026]<\/p>","protected":false},"featured_media":10151,"template":"","meta":{"_seopress_robots_primary_cat":"none","_seopress_titles_title":"","_seopress_titles_desc":"","_seopress_robots_index":""},"product_brand":[],"product_cat":[182,181,15,110,174,106],"product_tag":[],"class_list":{"0":"post-10173","1":"product","2":"type-product","3":"status-publish","4":"has-post-thumbnail","6":"product_cat-christmas","7":"product_cat-christmas-new-year","8":"product_cat-all-products","9":"product_cat-callebaut","10":"product_cat-chocotoppers","11":"product_cat-new","12":"brand-callebaut","14":"first","15":"instock","16":"taxable","17":"shipping-taxable","18":"purchasable","19":"product-type-simple"},"_links":{"self":[{"href":"https:\/\/candeebaar.ee\/fi\/wp-json\/wp\/v2\/product\/10173","targetHints":{"allow":["GET"]}}],"collection":[{"href":"https:\/\/candeebaar.ee\/fi\/wp-json\/wp\/v2\/product"}],"about":[{"href":"https:\/\/candeebaar.ee\/fi\/wp-json\/wp\/v2\/types\/product"}],"version-history":[{"count":2,"href":"https:\/\/candeebaar.ee\/fi\/wp-json\/wp\/v2\/product\/10173\/revisions"}],"predecessor-version":[{"id":10178,"href":"https:\/\/candeebaar.ee\/fi\/wp-json\/wp\/v2\/product\/10173\/revisions\/10178"}],"wp:featuredmedia":[{"embeddable":true,"href":"https:\/\/candeebaar.ee\/fi\/wp-json\/wp\/v2\/media\/10151"}],"wp:attachment":[{"href":"https:\/\/candeebaar.ee\/fi\/wp-json\/wp\/v2\/media?parent=10173"}],"wp:term":[{"taxonomy":"product_brand","embeddable":true,"href":"https:\/\/candeebaar.ee\/fi\/wp-json\/wp\/v2\/product_brand?post=10173"},{"taxonomy":"product_cat","embeddable":true,"href":"https:\/\/candeebaar.ee\/fi\/wp-json\/wp\/v2\/product_cat?post=10173"},{"taxonomy":"product_tag","embeddable":true,"href":"https:\/\/candeebaar.ee\/fi\/wp-json\/wp\/v2\/product_tag?post=10173"}],"curies":[{"name":"wp","href":"https:\/\/api.w.org\/{rel}","templated":true}]}}