{"id":10487,"date":"2025-02-16T10:12:34","date_gmt":"2025-02-16T08:12:34","guid":{"rendered":"https:\/\/candeebaar.ee\/?post_type=product&#038;p=10487"},"modified":"2025-12-04T15:46:26","modified_gmt":"2025-12-04T13:46:26","slug":"karkkirasia-sydan-22-22-3-askartelu","status":"publish","type":"product","link":"https:\/\/candeebaar.ee\/fi\/kauppa\/karkkirasia-sydan-22-22-3-askartelu\/","title":{"rendered":"Karkkirasia &quot;Syd\u00e4n&quot; 22*22*3,5cm Craft"},"content":{"rendered":"<p>Pahvilaatikko, jossa syd\u00e4men muotoinen muoviikkuna.<br \/>\nErottimet sopivat t\u00e4ydellisesti x25 karkkeihin (1 aukon koko: 40*40*h35mm).<br \/>\nKoko: 220*220*k35mm<br \/>\nV\u00e4ri: askartelu<\/p>","protected":false},"excerpt":{"rendered":"<p>Pahvilaatikko, jossa syd\u00e4men muotoinen muoviikkuna. Erottimet sopivat t\u00e4ydellisesti x25 karkkeihin (1 aukon koko: 40*40*h35mm). Koko: 220*220*h35mm V\u00e4ri: askartelu<\/p>","protected":false},"featured_media":10484,"template":"","meta":{"_seopress_robots_primary_cat":"none","_seopress_titles_title":"","_seopress_titles_desc":"","_seopress_robots_index":""},"product_brand":[],"product_cat":[182,181,156,93,106],"product_tag":[],"class_list":{"0":"post-10487","1":"product","2":"type-product","3":"status-publish","4":"has-post-thumbnail","6":"product_cat-christmas","7":"product_cat-christmas-new-year","8":"product_cat-low-boxes","9":"product_cat-gift-packaging","10":"product_cat-new","12":"first","13":"outofstock","14":"taxable","15":"shipping-taxable","16":"purchasable","17":"product-type-simple"},"_links":{"self":[{"href":"https:\/\/candeebaar.ee\/fi\/wp-json\/wp\/v2\/product\/10487","targetHints":{"allow":["GET"]}}],"collection":[{"href":"https:\/\/candeebaar.ee\/fi\/wp-json\/wp\/v2\/product"}],"about":[{"href":"https:\/\/candeebaar.ee\/fi\/wp-json\/wp\/v2\/types\/product"}],"version-history":[{"count":1,"href":"https:\/\/candeebaar.ee\/fi\/wp-json\/wp\/v2\/product\/10487\/revisions"}],"predecessor-version":[{"id":10488,"href":"https:\/\/candeebaar.ee\/fi\/wp-json\/wp\/v2\/product\/10487\/revisions\/10488"}],"wp:featuredmedia":[{"embeddable":true,"href":"https:\/\/candeebaar.ee\/fi\/wp-json\/wp\/v2\/media\/10484"}],"wp:attachment":[{"href":"https:\/\/candeebaar.ee\/fi\/wp-json\/wp\/v2\/media?parent=10487"}],"wp:term":[{"taxonomy":"product_brand","embeddable":true,"href":"https:\/\/candeebaar.ee\/fi\/wp-json\/wp\/v2\/product_brand?post=10487"},{"taxonomy":"product_cat","embeddable":true,"href":"https:\/\/candeebaar.ee\/fi\/wp-json\/wp\/v2\/product_cat?post=10487"},{"taxonomy":"product_tag","embeddable":true,"href":"https:\/\/candeebaar.ee\/fi\/wp-json\/wp\/v2\/product_tag?post=10487"}],"curies":[{"name":"wp","href":"https:\/\/api.w.org\/{rel}","templated":true}]}}