{"id":10502,"date":"2025-02-17T08:42:59","date_gmt":"2025-02-17T06:42:59","guid":{"rendered":"https:\/\/candeebaar.ee\/?post_type=product&#038;p=10502"},"modified":"2026-04-02T10:52:38","modified_gmt":"2026-04-02T08:52:38","slug":"vohvelipaperi-0-35mm-a4-1-arkki","status":"publish","type":"product","link":"https:\/\/candeebaar.ee\/fi\/kauppa\/vohvelipaperi-0-35mm-a4-1-arkki\/","title":{"rendered":"Vohvelipaperi 0,35mm A4 1 arkki"},"content":{"rendered":"<p>Vohvelipaperia k\u00e4ytet\u00e4\u00e4n ruoan painamiseen ja sy\u00f6t\u00e4vien koristeiden luomiseen.<br \/>\nSiin\u00e4 on sile\u00e4 (tulostusta varten) ja karkea puoli.<br \/>\nPaksuus: 0,35 mm<br \/>\nKoko: 210x297mm<br \/>\nM\u00e4\u00e4r\u00e4: 1kpl<br \/>\nPaino (yhteens\u00e4): ~7g<br \/>\nRavintoarvo per 100g:<br \/>\n1589kJ\/380kcal<br \/>\nRasvat (tyydyttyneet): 3 g (0,4 g)<br \/>\nHiilihydraatit: 88,1 g<br \/>\nProteiinit: 0,1<br \/>\nKoostumus: perunat\u00e4rkkelys, vesi, oliivi\u00f6ljy.<br \/>\nS\u00e4ilyt\u00e4 tiiviisti suljetussa pakkauksessa, viile\u00e4ss\u00e4 pime\u00e4ss\u00e4 paikassa.<br \/>\nValmistaja: Saksa<\/p>","protected":false},"excerpt":{"rendered":"<p>Vohvelipaperia k\u00e4ytet\u00e4\u00e4n ruoan painamiseen ja sy\u00f6t\u00e4vien koristeiden luomiseen. Siin\u00e4 on sile\u00e4 (tulostusta varten) ja karkea puoli. Paksuus: 0.35mm Koko: 210x297mm M\u00e4\u00e4r\u00e4: 1kpl Paino (yhteens\u00e4): ~7g Ravintoarvo per 100g: 1589kJ\/380kcal Rasvat (tyydyttyneet): 3g(0.4g) Hiilihydraatit: 88.1g, Pota. \u00f6ljy\u00e4. S\u00e4ilyt\u00e4 tiiviisti suljetussa pakkauksessa [\u2026]<\/p>","protected":false},"featured_media":10508,"template":"","meta":{"_seopress_robots_primary_cat":"none","_seopress_titles_title":"","_seopress_titles_desc":"","_seopress_robots_index":""},"product_brand":[],"product_cat":[15,105],"product_tag":[],"class_list":{"0":"post-10502","1":"product","2":"type-product","3":"status-publish","4":"has-post-thumbnail","6":"product_cat-all-products","7":"product_cat-edible-print","9":"first","10":"instock","11":"taxable","12":"shipping-taxable","13":"purchasable","14":"product-type-simple"},"_links":{"self":[{"href":"https:\/\/candeebaar.ee\/fi\/wp-json\/wp\/v2\/product\/10502","targetHints":{"allow":["GET"]}}],"collection":[{"href":"https:\/\/candeebaar.ee\/fi\/wp-json\/wp\/v2\/product"}],"about":[{"href":"https:\/\/candeebaar.ee\/fi\/wp-json\/wp\/v2\/types\/product"}],"version-history":[{"count":2,"href":"https:\/\/candeebaar.ee\/fi\/wp-json\/wp\/v2\/product\/10502\/revisions"}],"predecessor-version":[{"id":10511,"href":"https:\/\/candeebaar.ee\/fi\/wp-json\/wp\/v2\/product\/10502\/revisions\/10511"}],"wp:featuredmedia":[{"embeddable":true,"href":"https:\/\/candeebaar.ee\/fi\/wp-json\/wp\/v2\/media\/10508"}],"wp:attachment":[{"href":"https:\/\/candeebaar.ee\/fi\/wp-json\/wp\/v2\/media?parent=10502"}],"wp:term":[{"taxonomy":"product_brand","embeddable":true,"href":"https:\/\/candeebaar.ee\/fi\/wp-json\/wp\/v2\/product_brand?post=10502"},{"taxonomy":"product_cat","embeddable":true,"href":"https:\/\/candeebaar.ee\/fi\/wp-json\/wp\/v2\/product_cat?post=10502"},{"taxonomy":"product_tag","embeddable":true,"href":"https:\/\/candeebaar.ee\/fi\/wp-json\/wp\/v2\/product_tag?post=10502"}],"curies":[{"name":"wp","href":"https:\/\/api.w.org\/{rel}","templated":true}]}}