{"id":10599,"date":"2025-02-21T10:08:44","date_gmt":"2025-02-21T08:08:44","guid":{"rendered":"https:\/\/candeebaar.ee\/?post_type=product&#038;p=10599"},"modified":"2026-03-26T13:51:55","modified_gmt":"2026-03-26T11:51:55","slug":"suutinkudonta-20mm","status":"publish","type":"product","link":"https:\/\/candeebaar.ee\/fi\/kauppa\/suutinkudonta-20mm\/","title":{"rendered":"Putken k\u00e4rjen kudonta 20mm"},"content":{"rendered":"<p>Ruostumattomasta ter\u00e4ksest\u00e4 valmistettu leivonnainen k\u00e4rki.<br \/>\nKoko: 30x42mm:<br \/>\nL\u00e4ht\u00f6: 20mm<\/p>","protected":false},"excerpt":{"rendered":"<p>Ruostumattomasta ter\u00e4ksest\u00e4 valmistettu leivonnainen k\u00e4rki. Koko: 30x42mm: L\u00e4ht\u00f6: 20mm<\/p>","protected":false},"featured_media":5430,"template":"","meta":{"_seopress_robots_primary_cat":"none","_seopress_titles_title":"","_seopress_titles_desc":"","_seopress_robots_index":""},"product_brand":[],"product_cat":[15,122],"product_tag":[],"class_list":{"0":"post-10599","1":"product","2":"type-product","3":"status-publish","4":"has-post-thumbnail","6":"product_cat-all-products","7":"product_cat-miscellaneous","9":"first","10":"instock","11":"taxable","12":"shipping-taxable","13":"purchasable","14":"product-type-simple"},"_links":{"self":[{"href":"https:\/\/candeebaar.ee\/fi\/wp-json\/wp\/v2\/product\/10599","targetHints":{"allow":["GET"]}}],"collection":[{"href":"https:\/\/candeebaar.ee\/fi\/wp-json\/wp\/v2\/product"}],"about":[{"href":"https:\/\/candeebaar.ee\/fi\/wp-json\/wp\/v2\/types\/product"}],"version-history":[{"count":1,"href":"https:\/\/candeebaar.ee\/fi\/wp-json\/wp\/v2\/product\/10599\/revisions"}],"predecessor-version":[{"id":10600,"href":"https:\/\/candeebaar.ee\/fi\/wp-json\/wp\/v2\/product\/10599\/revisions\/10600"}],"wp:featuredmedia":[{"embeddable":true,"href":"https:\/\/candeebaar.ee\/fi\/wp-json\/wp\/v2\/media\/5430"}],"wp:attachment":[{"href":"https:\/\/candeebaar.ee\/fi\/wp-json\/wp\/v2\/media?parent=10599"}],"wp:term":[{"taxonomy":"product_brand","embeddable":true,"href":"https:\/\/candeebaar.ee\/fi\/wp-json\/wp\/v2\/product_brand?post=10599"},{"taxonomy":"product_cat","embeddable":true,"href":"https:\/\/candeebaar.ee\/fi\/wp-json\/wp\/v2\/product_cat?post=10599"},{"taxonomy":"product_tag","embeddable":true,"href":"https:\/\/candeebaar.ee\/fi\/wp-json\/wp\/v2\/product_tag?post=10599"}],"curies":[{"name":"wp","href":"https:\/\/api.w.org\/{rel}","templated":true}]}}