{"id":10648,"date":"2025-02-25T20:18:03","date_gmt":"2025-02-25T18:18:03","guid":{"rendered":"https:\/\/candeebaar.ee\/?post_type=product&#038;p=10648"},"modified":"2026-03-05T13:53:32","modified_gmt":"2026-03-05T11:53:32","slug":"vari-mylly-meloni","status":"publish","type":"product","link":"https:\/\/candeebaar.ee\/fi\/kauppa\/vari-mylly-meloni\/","title":{"rendered":"Meloni \u2013 Color Mill Oil Blend 20ml"},"content":{"rendered":"<p>Geelipohjainen \u00f6ljyinen elintarvikev\u00e4ri sopii erinomaisesti suklaalle ja muille rasvamassoille. Huomaa, ett\u00e4 v\u00e4riaine vaatii jonkin aikaa liukenemaan, joten lis\u00e4\u00e4 vain pieni\u00e4 m\u00e4\u00e4ri\u00e4 parhaan tuloksen saavuttamiseksi.<br \/>\nAinekset:<br \/>\nGlyseroli, rypsi\u00f6ljy, lesitiini, v\u00e4riaine (E129*)<br \/>\n* Saattaa heikent\u00e4\u00e4 lasten aktiivisuutta ja tarkkaavaisuutta.<br \/>\nTuotanto: Australia<\/p>","protected":false},"excerpt":{"rendered":"<p>Geelipohjainen \u00f6ljyinen elintarvikev\u00e4ri sopii erinomaisesti suklaalle ja muille rasvamassoille. Huomaa, ett\u00e4 v\u00e4riaine vaatii jonkin aikaa liukenemaan, joten lis\u00e4\u00e4 vain pieni\u00e4 m\u00e4\u00e4ri\u00e4 parhaan tuloksen saavuttamiseksi. Ainesosat: Glyseroli, rypsi\u00f6ljy, lesitiini, v\u00e4riaine (E129*) * Saattaa heikent\u00e4\u00e4 lasten aktiivisuutta ja tarkkaavaisuutta. Tuotanto: Australia<\/p>","protected":false},"featured_media":10655,"template":"","meta":{"_seopress_robots_primary_cat":"none","_seopress_titles_title":"%%post_title%% %%sitetitle%%","_seopress_titles_desc":"Gel based oil food coloring is perfect for chocolate and other fat masses. Production: Australia","_seopress_robots_index":""},"product_brand":[],"product_cat":[15,176,106],"product_tag":[],"class_list":{"0":"post-10648","1":"product","2":"type-product","3":"status-publish","4":"has-post-thumbnail","6":"product_cat-all-products","7":"product_cat-gel-dyes-fat-soluble","8":"product_cat-new","10":"first","11":"instock","12":"taxable","13":"shipping-taxable","14":"purchasable","15":"product-type-simple"},"_links":{"self":[{"href":"https:\/\/candeebaar.ee\/fi\/wp-json\/wp\/v2\/product\/10648","targetHints":{"allow":["GET"]}}],"collection":[{"href":"https:\/\/candeebaar.ee\/fi\/wp-json\/wp\/v2\/product"}],"about":[{"href":"https:\/\/candeebaar.ee\/fi\/wp-json\/wp\/v2\/types\/product"}],"version-history":[{"count":1,"href":"https:\/\/candeebaar.ee\/fi\/wp-json\/wp\/v2\/product\/10648\/revisions"}],"predecessor-version":[{"id":10656,"href":"https:\/\/candeebaar.ee\/fi\/wp-json\/wp\/v2\/product\/10648\/revisions\/10656"}],"wp:featuredmedia":[{"embeddable":true,"href":"https:\/\/candeebaar.ee\/fi\/wp-json\/wp\/v2\/media\/10655"}],"wp:attachment":[{"href":"https:\/\/candeebaar.ee\/fi\/wp-json\/wp\/v2\/media?parent=10648"}],"wp:term":[{"taxonomy":"product_brand","embeddable":true,"href":"https:\/\/candeebaar.ee\/fi\/wp-json\/wp\/v2\/product_brand?post=10648"},{"taxonomy":"product_cat","embeddable":true,"href":"https:\/\/candeebaar.ee\/fi\/wp-json\/wp\/v2\/product_cat?post=10648"},{"taxonomy":"product_tag","embeddable":true,"href":"https:\/\/candeebaar.ee\/fi\/wp-json\/wp\/v2\/product_tag?post=10648"}],"curies":[{"name":"wp","href":"https:\/\/api.w.org\/{rel}","templated":true}]}}