{"id":10676,"date":"2025-02-26T08:57:15","date_gmt":"2025-02-26T06:57:15","guid":{"rendered":"https:\/\/candeebaar.ee\/?post_type=product&#038;p=10676"},"modified":"2026-04-13T13:50:21","modified_gmt":"2026-04-13T11:50:21","slug":"pirskottaa-valkoisia-oita","status":"publish","type":"product","link":"https:\/\/candeebaar.ee\/fi\/kauppa\/pirskottaa-valkoisia-oita\/","title":{"rendered":"Sprinkleet \u201cWhite Nights\u201d 45g"},"content":{"rendered":"<p>Sprinklej\u00e4 j\u00e4lkiruokien koristeluun. Palloissa on pehme\u00e4 suklaapohja<br \/>\nPaino: 45g<br \/>\nSokeri, t\u00e4rkkelys (<b>VEHN\u00c4<\/b>, maissi, peruna, riisi), jauhot (<b>VEHN\u00c4<\/b>,\u00a0<b>T\u00c4YSAJOS VEHN\u00c4<\/b>, mallastettu\u00a0<b>VEHN\u00c4<\/b>, riisi),\u00a0<b>VEHN\u00c4\u00a0<\/b>mannasuurimot,\u00a0<b>VEHN\u00c4\u00a0<\/b>gluteeni, kasvi\u00f6ljyt (rypsi, t\u00e4ysin hydrattu rypsi, kookos), glukoosisiirappi, kokonaiset\u00a0<b>MAITO\u00a0<\/b>jauhe, kaakaovoi, kaakaomassa, aromi, luonnollinen vanilja-aromi, pintak\u00e4sittelyaine (E901, E903), sakeuttamisaine (E414), emulgointiaine (lesitiini (auringonkukka,\u00a0<b>SOIJA)<\/b>, E473), irrotusaine (E553b), ruokasooda (E500), suola. Saattaa sis\u00e4lt\u00e4\u00e4 j\u00e4lki\u00e4\u00a0<b>P\u00c4HKIN\u00c4T<\/b>.<br \/>\nSis\u00e4lt\u00f6 per 100g:<br \/>\nkcal: 440; kj: 1856; rasva: 10,1 g; josta tyydyttynytt\u00e4: 6g; hiilihydraatit: 83,8g; josta sokereita: 74,7g; proteiini: 2,7g; suolaa: 0,1 g<\/p>\n<p>Ei sovellu alle 3-vuotiaille lapsille.<br \/>\nValmistaja: Saksa<br \/>\nS\u00e4ilyvyysaika: lokakuu 2027<\/p>","protected":false},"excerpt":{"rendered":"<p>Sprinklej\u00e4 j\u00e4lkiruokien koristeluun. Palloissa on pehme\u00e4 suklaapohja Paino: 45g Sokeri, t\u00e4rkkelys (VEHN\u00c4, maissi, peruna, riisi), jauhot (VEHN\u00c4, T\u00c4YSAJAVEHN\u00c4, mallasvehn\u00e4, riisi), VEHN\u00c4MANNA, VEHN\u00c4gluteeni, kasvi\u00f6ljyt (rypsi, t\u00e4yshydrattu rypsi, kookos, butter, kookossiirappi), kaakaomassa, aromi, luonnollinen vanilja-aromi, pintak\u00e4sittelyaine (E901, E903), sakeuttamisaine (E414), emulgointiaine (lesitiini (auringonkukka, SOIJA), E473), irrotusaine [\u2026]<\/p>","protected":false},"featured_media":10700,"template":"","meta":{"_seopress_robots_primary_cat":"none","_seopress_titles_title":"","_seopress_titles_desc":"","_seopress_robots_index":""},"product_brand":[],"product_cat":[180,15,104,106],"product_tag":[],"class_list":{"0":"post-10676","1":"product","2":"type-product","3":"status-publish","4":"has-post-thumbnail","6":"product_cat-wedding-products","7":"product_cat-all-products","8":"product_cat-sprinkles","9":"product_cat-new","11":"first","12":"instock","13":"taxable","14":"shipping-taxable","15":"purchasable","16":"product-type-simple"},"_links":{"self":[{"href":"https:\/\/candeebaar.ee\/fi\/wp-json\/wp\/v2\/product\/10676","targetHints":{"allow":["GET"]}}],"collection":[{"href":"https:\/\/candeebaar.ee\/fi\/wp-json\/wp\/v2\/product"}],"about":[{"href":"https:\/\/candeebaar.ee\/fi\/wp-json\/wp\/v2\/types\/product"}],"version-history":[{"count":3,"href":"https:\/\/candeebaar.ee\/fi\/wp-json\/wp\/v2\/product\/10676\/revisions"}],"predecessor-version":[{"id":14181,"href":"https:\/\/candeebaar.ee\/fi\/wp-json\/wp\/v2\/product\/10676\/revisions\/14181"}],"wp:featuredmedia":[{"embeddable":true,"href":"https:\/\/candeebaar.ee\/fi\/wp-json\/wp\/v2\/media\/10700"}],"wp:attachment":[{"href":"https:\/\/candeebaar.ee\/fi\/wp-json\/wp\/v2\/media?parent=10676"}],"wp:term":[{"taxonomy":"product_brand","embeddable":true,"href":"https:\/\/candeebaar.ee\/fi\/wp-json\/wp\/v2\/product_brand?post=10676"},{"taxonomy":"product_cat","embeddable":true,"href":"https:\/\/candeebaar.ee\/fi\/wp-json\/wp\/v2\/product_cat?post=10676"},{"taxonomy":"product_tag","embeddable":true,"href":"https:\/\/candeebaar.ee\/fi\/wp-json\/wp\/v2\/product_tag?post=10676"}],"curies":[{"name":"wp","href":"https:\/\/api.w.org\/{rel}","templated":true}]}}