{"id":10691,"date":"2025-02-26T09:03:26","date_gmt":"2025-02-26T07:03:26","guid":{"rendered":"https:\/\/candeebaar.ee\/?post_type=product&#038;p=10691"},"modified":"2026-03-29T21:20:57","modified_gmt":"2026-03-29T19:20:57","slug":"ripottelee-kultapisaroita","status":"publish","type":"product","link":"https:\/\/candeebaar.ee\/fi\/kauppa\/ripottelee-kultapisaroita\/","title":{"rendered":"Sprinkleet \u201cDrops of Gold\u201d 45g"},"content":{"rendered":"<p>Sprinklej\u00e4 j\u00e4lkiruokien koristeluun. Palloissa on pehme\u00e4 suklaapohja.<br \/>\nPaino: 45g<br \/>\nSokeri, t\u00e4rkkelys (<b>VEHN\u00c4<\/b>, maissi), jauhot (<b>VEHN\u00c4<\/b>, mallastettu\u00a0<b>VEHN\u00c4<\/b>, riisi),\u00a0<b>VEHN\u00c4<\/b>\u00a0mannasuurimot,\u00a0<b>VEHN\u00c4<\/b>\u00a0gluteenia, glukoosisiirappia, kokonaisena\u00a0<b>MAITO<\/b>\u00a0jauhe, kaakaovoi, kaakaomassa, v\u00e4ri (E160b, E174), luonnollinen vanilja-aromi, pintak\u00e4sittelyaine (E903, E904), sakeuttamisaine (E406, E414), emulgointiaine (lesitiini (<b>SOIJA<\/b>), E473), gelatiini (naudanliha,\u00a0<b>KALASTAA<\/b>), irrotusaine (E470b), suola. Saattaa sis\u00e4lt\u00e4\u00e4 j\u00e4lki\u00e4\u00a0<b>P\u00c4HKIN\u00c4T<\/b>.<br \/>\nSis\u00e4lt\u00f6 per 100g:<br \/>\nkcal: 400; kj: 1700; rasvaa: 2,1 g; josta tyydyttynytt\u00e4: 1,2g; hiilihydraatit: 92,9g; josta sokereita: 81,5 g; proteiini: 2,1 g; suolaa: 0,1 g<\/p>\n<p>Ei sovellu alle 3-vuotiaille lapsille.<br \/>\nValmistaja: Saksa<br \/>\nS\u00e4ilyvyysaika: lokakuu 2027<\/p>","protected":false},"excerpt":{"rendered":"<p>Sprinklej\u00e4 j\u00e4lkiruokien koristeluun. Palloissa on pehme\u00e4 suklaapohja. Paino: 45g Sokeri, t\u00e4rkkelys (VEHN\u00c4, maissi), jauhot (VEHN\u00c4, mallasvehn\u00e4, riisi), VEHN\u00c4MANNA, VEHN\u00c4gluteeni, glukoosisiirappi, t\u00e4ysMAITOjauhe, kaakaovoi, kaakaomassa, v\u00e4ri (E160b, E174), luonnollinen vanilja-aromi (E9403), sakeuttamisaine (E9403) (E406, E414), emulgointiaine (lesitiini (SOIJA), E473), gelatiini (naudanliha, KALA), irrotusaine (E470b), suola. Saattaa sis\u00e4lt\u00e4\u00e4 j\u00e4\u00e4mi\u00e4 P\u00e4hkin\u00f6ist\u00e4. [\u2026]<\/p>","protected":false},"featured_media":10699,"template":"","meta":{"_seopress_robots_primary_cat":"none","_seopress_titles_title":"","_seopress_titles_desc":"","_seopress_robots_index":""},"product_brand":[],"product_cat":[180,15,104,106],"product_tag":[],"class_list":{"0":"post-10691","1":"product","2":"type-product","3":"status-publish","4":"has-post-thumbnail","6":"product_cat-wedding-products","7":"product_cat-all-products","8":"product_cat-sprinkles","9":"product_cat-new","11":"first","12":"instock","13":"taxable","14":"shipping-taxable","15":"purchasable","16":"product-type-simple"},"_links":{"self":[{"href":"https:\/\/candeebaar.ee\/fi\/wp-json\/wp\/v2\/product\/10691","targetHints":{"allow":["GET"]}}],"collection":[{"href":"https:\/\/candeebaar.ee\/fi\/wp-json\/wp\/v2\/product"}],"about":[{"href":"https:\/\/candeebaar.ee\/fi\/wp-json\/wp\/v2\/types\/product"}],"version-history":[{"count":5,"href":"https:\/\/candeebaar.ee\/fi\/wp-json\/wp\/v2\/product\/10691\/revisions"}],"predecessor-version":[{"id":14180,"href":"https:\/\/candeebaar.ee\/fi\/wp-json\/wp\/v2\/product\/10691\/revisions\/14180"}],"wp:featuredmedia":[{"embeddable":true,"href":"https:\/\/candeebaar.ee\/fi\/wp-json\/wp\/v2\/media\/10699"}],"wp:attachment":[{"href":"https:\/\/candeebaar.ee\/fi\/wp-json\/wp\/v2\/media?parent=10691"}],"wp:term":[{"taxonomy":"product_brand","embeddable":true,"href":"https:\/\/candeebaar.ee\/fi\/wp-json\/wp\/v2\/product_brand?post=10691"},{"taxonomy":"product_cat","embeddable":true,"href":"https:\/\/candeebaar.ee\/fi\/wp-json\/wp\/v2\/product_cat?post=10691"},{"taxonomy":"product_tag","embeddable":true,"href":"https:\/\/candeebaar.ee\/fi\/wp-json\/wp\/v2\/product_tag?post=10691"}],"curies":[{"name":"wp","href":"https:\/\/api.w.org\/{rel}","templated":true}]}}