{"id":10695,"date":"2025-02-26T09:09:53","date_gmt":"2025-02-26T07:09:53","guid":{"rendered":"https:\/\/candeebaar.ee\/?post_type=product&#038;p=10695"},"modified":"2026-04-13T19:07:18","modified_gmt":"2026-04-13T17:07:18","slug":"ripottelee-hopeapisaroita","status":"publish","type":"product","link":"https:\/\/candeebaar.ee\/fi\/kauppa\/ripottelee-hopeapisaroita\/","title":{"rendered":"Sprinkleet \u201cSilver Drops\u201d 45g"},"content":{"rendered":"<p>Sprinklej\u00e4 j\u00e4lkiruokien koristeluun. Palloissa on pehme\u00e4 suklaapohja.<br \/>\nPaino: 45g<br \/>\nSokeri, t\u00e4rkkelys (<strong>VEHN\u00c4<\/strong>, maissi, riisi), jauhot (<strong>VEHN\u00c4<\/strong>,\u00a0<strong>KOKO<\/strong>\u00a0<strong>AUTIO VEHN\u00c4<\/strong>, mallastettu\u00a0<strong>VEHN\u00c4<\/strong>, riisi),\u00a0<strong>VEHN\u00c4<\/strong>\u00a0mannasuurimot,\u00a0<strong>VEHN\u00c4<\/strong>\u00a0gluteeni, kasvi\u00f6ljyt (rypsi, kookos), glukoosisiirappi, kokonaisena\u00a0<strong>MAITO<\/strong>\u00a0jauhe, kaakaovoi, kaakaomassa, v\u00e4ri (E160a, E173, E174), luonnollinen vanilja-aromi, pintak\u00e4sittelyaine (E901, E903), sakeuttamisaine (E406, E414), emulgointiaine (lesitiini (<strong>SOIJA<\/strong>), E473), gelatiini (naudanliha), irrotusaine (E470b), ruokasooda (E500), suola. Saattaa sis\u00e4lt\u00e4\u00e4 j\u00e4lki\u00e4\u00a0<strong>P\u00c4HKIN\u00c4T<\/strong>.<br \/>\nSis\u00e4lt\u00f6 per 100g:<br \/>\nkcal: 429; kj: 1815; rasva: 7,6 g; josta tyydyttynytt\u00e4: 4,6g; hiilihydraatit: 87,6 g; josta sokereita: 79,9 g; proteiini: 2,2g; suolaa: 0,1 g<\/p>\n<p>Ei sovellu alle 3-vuotiaille lapsille.<br \/>\nValmistaja: Saksa<br \/>\nS\u00e4ilyvyys: toukokuu 2026<\/p>","protected":false},"excerpt":{"rendered":"<p>Sprinklej\u00e4 j\u00e4lkiruokien koristeluun. Palloissa on pehme\u00e4 suklaapohja. Paino: 45g Sokeri, t\u00e4rkkelys (VEHN\u00c4, maissi, riisi), jauhot (VEHN\u00c4, T\u00c4YSAJAVEHN\u00c4, mallasvehn\u00e4, riisi), VEHN\u00c4MANNA, VEHN\u00c4gluteeni, kasvi\u00f6ljyt (rypsi, kookos), glukoosisiirappi, t\u00e4ysMAITOJAUHE, kaakaovoi, kookosmaitojauhe, kaakaovoi, cocoa170, E174), luonnollinen vanilja-aromi, pintak\u00e4sittelyaine (E901, E903), sakeuttamisaine (E406, E414), emulgointiaine (lesitiini (SOIJA), E473), gelatiini (naudanliha), irrotusaine [\u2026]<\/p>","protected":false},"featured_media":10697,"template":"","meta":{"_seopress_robots_primary_cat":"none","_seopress_titles_title":"","_seopress_titles_desc":"","_seopress_robots_index":""},"product_brand":[],"product_cat":[180,15,104,106],"product_tag":[],"class_list":{"0":"post-10695","1":"product","2":"type-product","3":"status-publish","4":"has-post-thumbnail","6":"product_cat-wedding-products","7":"product_cat-all-products","8":"product_cat-sprinkles","9":"product_cat-new","11":"first","12":"instock","13":"taxable","14":"shipping-taxable","15":"purchasable","16":"product-type-simple"},"_links":{"self":[{"href":"https:\/\/candeebaar.ee\/fi\/wp-json\/wp\/v2\/product\/10695","targetHints":{"allow":["GET"]}}],"collection":[{"href":"https:\/\/candeebaar.ee\/fi\/wp-json\/wp\/v2\/product"}],"about":[{"href":"https:\/\/candeebaar.ee\/fi\/wp-json\/wp\/v2\/types\/product"}],"version-history":[{"count":1,"href":"https:\/\/candeebaar.ee\/fi\/wp-json\/wp\/v2\/product\/10695\/revisions"}],"predecessor-version":[{"id":10698,"href":"https:\/\/candeebaar.ee\/fi\/wp-json\/wp\/v2\/product\/10695\/revisions\/10698"}],"wp:featuredmedia":[{"embeddable":true,"href":"https:\/\/candeebaar.ee\/fi\/wp-json\/wp\/v2\/media\/10697"}],"wp:attachment":[{"href":"https:\/\/candeebaar.ee\/fi\/wp-json\/wp\/v2\/media?parent=10695"}],"wp:term":[{"taxonomy":"product_brand","embeddable":true,"href":"https:\/\/candeebaar.ee\/fi\/wp-json\/wp\/v2\/product_brand?post=10695"},{"taxonomy":"product_cat","embeddable":true,"href":"https:\/\/candeebaar.ee\/fi\/wp-json\/wp\/v2\/product_cat?post=10695"},{"taxonomy":"product_tag","embeddable":true,"href":"https:\/\/candeebaar.ee\/fi\/wp-json\/wp\/v2\/product_tag?post=10695"}],"curies":[{"name":"wp","href":"https:\/\/api.w.org\/{rel}","templated":true}]}}