{"id":10701,"date":"2025-02-26T09:22:55","date_gmt":"2025-02-26T07:22:55","guid":{"rendered":"https:\/\/candeebaar.ee\/?post_type=product&#038;p=10701"},"modified":"2026-02-06T20:20:10","modified_gmt":"2026-02-06T18:20:10","slug":"sprinkles-valkoisia-suklaapalloja-xl","status":"publish","type":"product","link":"https:\/\/candeebaar.ee\/fi\/kauppa\/sprinkles-valkoisia-suklaapalloja-xl\/","title":{"rendered":"Sprinkleet \u201cWhite Chocoballs XL\u201d 45g"},"content":{"rendered":"<p>Sprinklej\u00e4 j\u00e4lkiruokien koristeluun. Palloissa (halkaisija noin 18 mm) on pehme\u00e4 suklaa- ja riisipohja.<br \/>\nPaino: 45g<br \/>\nSokeri, t\u00e4rkkelys (riisi), jauhot (<strong>VEHN\u00c4, T\u00c4YSAJOSVEHN\u00c4<\/strong>, mallastettu <strong>VEHN\u00c4<\/strong>), <strong>VEHN\u00c4<\/strong> gluteeni, maltodekstriini, kokonaiset <strong>MAITO<\/strong> jauhe, kaakaovoi, kaakaomassa, luonnollinen vanilja-aromi, pintak\u00e4sittelyaine (E903), sakeuttamisaine (E414), emulgointiaine (lesitiini (<strong>SOIJA<\/strong>), E473), ruokasooda (E500), suola. Saattaa sis\u00e4lt\u00e4\u00e4 j\u00e4lki\u00e4 <strong>P\u00c4HKIN\u00c4T<\/strong>.<br \/>\nSis\u00e4lt\u00f6 per 100g:<br \/>\nkcal: 472; kj: 1982; rasva: 17,2 g; josta tyydyttynytt\u00e4: 10,5g; hiilihydraatit: 73,7g; josta sokereita: 65,1g; proteiini: 4,4 g; suolaa: 0,25 g<\/p>\n<p>Ei sovellu alle 3-vuotiaille lapsille.<br \/>\nValmistaja: Saksa<br \/>\nS\u00e4ilyvyys: tammikuu 2027<\/p>","protected":false},"excerpt":{"rendered":"<p>Sprinklej\u00e4 j\u00e4lkiruokien koristeluun. Palloissa (halkaisija noin 18 mm) on pehme\u00e4 suklaa- ja riisipohja. Paino: 45g Sokeri, t\u00e4rkkelys (riisi), jauhot (VEHN\u00c4, T\u00c4YSAJOSVEHN\u00c4, mallasvehn\u00e4), VEHN\u00c4gluteeni, maltodekstriini, t\u00e4ysMAITOjauhe, kaakaovoi, kaakaomassa, luonnollinen vanilja-aromi, pintak\u00e4sittelyaine (E903), sakeuttamisaine (E414), sooda-emulgointiaine (S3), OY (E500), suola. toukokuuta [\u2026]<\/p>","protected":false},"featured_media":10677,"template":"","meta":{"_seopress_robots_primary_cat":"none","_seopress_titles_title":"","_seopress_titles_desc":"","_seopress_robots_index":""},"product_brand":[],"product_cat":[180,15,104],"product_tag":[],"class_list":{"0":"post-10701","1":"product","2":"type-product","3":"status-publish","4":"has-post-thumbnail","6":"product_cat-wedding-products","7":"product_cat-all-products","8":"product_cat-sprinkles","10":"first","11":"instock","12":"taxable","13":"shipping-taxable","14":"purchasable","15":"product-type-simple"},"_links":{"self":[{"href":"https:\/\/candeebaar.ee\/fi\/wp-json\/wp\/v2\/product\/10701","targetHints":{"allow":["GET"]}}],"collection":[{"href":"https:\/\/candeebaar.ee\/fi\/wp-json\/wp\/v2\/product"}],"about":[{"href":"https:\/\/candeebaar.ee\/fi\/wp-json\/wp\/v2\/types\/product"}],"version-history":[{"count":4,"href":"https:\/\/candeebaar.ee\/fi\/wp-json\/wp\/v2\/product\/10701\/revisions"}],"predecessor-version":[{"id":14178,"href":"https:\/\/candeebaar.ee\/fi\/wp-json\/wp\/v2\/product\/10701\/revisions\/14178"}],"wp:featuredmedia":[{"embeddable":true,"href":"https:\/\/candeebaar.ee\/fi\/wp-json\/wp\/v2\/media\/10677"}],"wp:attachment":[{"href":"https:\/\/candeebaar.ee\/fi\/wp-json\/wp\/v2\/media?parent=10701"}],"wp:term":[{"taxonomy":"product_brand","embeddable":true,"href":"https:\/\/candeebaar.ee\/fi\/wp-json\/wp\/v2\/product_brand?post=10701"},{"taxonomy":"product_cat","embeddable":true,"href":"https:\/\/candeebaar.ee\/fi\/wp-json\/wp\/v2\/product_cat?post=10701"},{"taxonomy":"product_tag","embeddable":true,"href":"https:\/\/candeebaar.ee\/fi\/wp-json\/wp\/v2\/product_tag?post=10701"}],"curies":[{"name":"wp","href":"https:\/\/api.w.org\/{rel}","templated":true}]}}