{"id":10707,"date":"2025-02-26T09:43:23","date_gmt":"2025-02-26T07:43:23","guid":{"rendered":"https:\/\/candeebaar.ee\/?post_type=product&#038;p=10707"},"modified":"2025-11-16T10:44:18","modified_gmt":"2025-11-16T08:44:18","slug":"ripottele-paasiaisjyvia-45g","status":"publish","type":"product","link":"https:\/\/candeebaar.ee\/fi\/kauppa\/ripottele-paasiaisjyvia-45g\/","title":{"rendered":"Sprinkleet \u201cEaster Grains\u201d 45g"},"content":{"rendered":"<p>Sprinklej\u00e4 j\u00e4lkiruokien koristeluun.<br \/>\nPallon halkaisija: 2 mm<br \/>\nPaino: 45g<br \/>\nAinekset:<br \/>\nSokeri, t\u00e4rkkelys (<b>VEHN\u00c4<\/b>, maissi), kasvi\u00f6ljyt (rypsi, kookos), glukoosisiirappi, elintarvikev\u00e4ri (omenatiiviste, mustaherukka, porkkanamehu, retiisi, punajuurimehu, saflori, spirulina, sitruuna), pintak\u00e4sittelyaine (E901).<br \/>\nSis\u00e4lt\u00f6 per 100g:<br \/>\nkcal: 387; kj: 1637; rasvaa: 0 g; josta tyydyttynytt\u00e4: 0g; hiilihydraatit: 96 g; josta sokereita: 75 g; proteiini: 0 g; suolaa: 0 g<br \/>\nEi sovellu alle 3-vuotiaille lapsille.<br \/>\nValmistaja: Saksa<br \/>\nS\u00e4ilyvyys: helmikuu 2026<\/p>","protected":false},"excerpt":{"rendered":"<p>Sprinklej\u00e4 j\u00e4lkiruokien koristeluun. Pallien halkaisija: 2mm Massa: 45g Ainesosat: Sokeri, t\u00e4rkkelys (VEHN\u00c4, maissi), kasvi\u00f6ljyt (rypsi, kookos), glukoosisiirappi, elintarvikev\u00e4ri (omenatiiviste, mustaherukka, porkkanamehu, retiisi, punajuuri, saflori, spirulina, sitruuna, 901 lasia). Sis\u00e4lt\u00f6 per 100 g: kcal: 387; kj: 1637; rasvaa: 0 g; josta tyydyttynytt\u00e4: 0g; hiilihydraatit: 96 g; [\u2026]<\/p>","protected":false},"featured_media":10682,"template":"","meta":{"_seopress_robots_primary_cat":"none","_seopress_titles_title":"","_seopress_titles_desc":"","_seopress_robots_index":""},"product_brand":[],"product_cat":[178,15,104,106],"product_tag":[175],"class_list":{"0":"post-10707","1":"product","2":"type-product","3":"status-publish","4":"has-post-thumbnail","6":"product_cat-easter-products","7":"product_cat-all-products","8":"product_cat-sprinkles","9":"product_cat-new","10":"product_tag-easter","12":"first","13":"outofstock","14":"taxable","15":"shipping-taxable","16":"purchasable","17":"product-type-simple"},"_links":{"self":[{"href":"https:\/\/candeebaar.ee\/fi\/wp-json\/wp\/v2\/product\/10707","targetHints":{"allow":["GET"]}}],"collection":[{"href":"https:\/\/candeebaar.ee\/fi\/wp-json\/wp\/v2\/product"}],"about":[{"href":"https:\/\/candeebaar.ee\/fi\/wp-json\/wp\/v2\/types\/product"}],"version-history":[{"count":1,"href":"https:\/\/candeebaar.ee\/fi\/wp-json\/wp\/v2\/product\/10707\/revisions"}],"predecessor-version":[{"id":10708,"href":"https:\/\/candeebaar.ee\/fi\/wp-json\/wp\/v2\/product\/10707\/revisions\/10708"}],"wp:featuredmedia":[{"embeddable":true,"href":"https:\/\/candeebaar.ee\/fi\/wp-json\/wp\/v2\/media\/10682"}],"wp:attachment":[{"href":"https:\/\/candeebaar.ee\/fi\/wp-json\/wp\/v2\/media?parent=10707"}],"wp:term":[{"taxonomy":"product_brand","embeddable":true,"href":"https:\/\/candeebaar.ee\/fi\/wp-json\/wp\/v2\/product_brand?post=10707"},{"taxonomy":"product_cat","embeddable":true,"href":"https:\/\/candeebaar.ee\/fi\/wp-json\/wp\/v2\/product_cat?post=10707"},{"taxonomy":"product_tag","embeddable":true,"href":"https:\/\/candeebaar.ee\/fi\/wp-json\/wp\/v2\/product_tag?post=10707"}],"curies":[{"name":"wp","href":"https:\/\/api.w.org\/{rel}","templated":true}]}}