{"id":10709,"date":"2025-02-26T09:53:30","date_gmt":"2025-02-26T07:53:30","guid":{"rendered":"https:\/\/candeebaar.ee\/?post_type=product&#038;p=10709"},"modified":"2025-05-02T08:49:38","modified_gmt":"2025-05-02T06:49:38","slug":"pirskottaa-hyvaa-paasiaista","status":"publish","type":"product","link":"https:\/\/candeebaar.ee\/fi\/kauppa\/pirskottaa-hyvaa-paasiaista\/","title":{"rendered":"Sprinkleet \u201cHyv\u00e4\u00e4 p\u00e4\u00e4si\u00e4ist\u00e4\u201d 45g"},"content":{"rendered":"<p>Sprinklej\u00e4 j\u00e4lkiruokien koristeluun. Palloissa on pehme\u00e4 suklaapohja.<br \/>\nPaino: 45g<br \/>\nSokeri, t\u00e4rkkelys (<strong>VEHN\u00c4<\/strong>, maissi, peruna, riisi), jauhot (<strong>VEHN\u00c4<\/strong>, riisi), kasvi\u00f6ljyt (rypsi, t\u00e4ysin hydrattu rypsi, kookos), kasvirasva (palmu\u00f6ljy), glukoosisiirappi, dekstroosi, maltodekstriini, kokonaiset <strong>MAITO<\/strong> jauhe, kaakaovoi, kaakaomassa, v\u00e4rit (E100, E102*, E110*, E120, E132, E133, E160a, E162, E172, E174), elintarvikev\u00e4ri (omenatiiviste, omenamehu, mustaherukka, porkkanamehu, saspirina, paprika, radikat acerola kirsikka), aromi, vanilja-aromi, pintak\u00e4sittelyaine (E901, E903, E904), sakeuttamisaine (E414), emulgointiaine (lesitiini (auringonkukka, rapsi, <strong>SOIJA<\/strong>), E473), gelatiini (naudanliha), irrotusaine (E470b, E553b). Saattaa sis\u00e4lt\u00e4\u00e4 j\u00e4lki\u00e4<strong> P\u00c4HKIN\u00c4T<\/strong>. *&quot;E102, E110: Saattaa vaikuttaa haitallisesti lasten aktiivisuuteen ja tarkkaavaisuuteen&quot;.<br \/>\nSis\u00e4lt\u00f6 per 100g:<br \/>\nKcal: 396; Kj: 1673; Rasvaa: 2,3 g; josta tyydyttynytt\u00e4: 1,5 g; Hiilihydraatit: 92,6 g; josta sokereita: 74,7; Proteiini: 0,5 g; Suola: 0,0 g<\/p>\n<p>Ei sovellu alle 3-vuotiaille lapsille.<br \/>\nValmistaja: Saksa<br \/>\nS\u00e4ilyvyys: huhtikuu 2026<\/p>","protected":false},"excerpt":{"rendered":"<p>Sprinklej\u00e4 j\u00e4lkiruokien koristeluun. Palloissa on pehme\u00e4 suklaapohja. Paino: 45g Sokeri, t\u00e4rkkelys (VEHN\u00c4, maissi, peruna, riisi), jauhot (VEHN\u00c4, riisi), kasvi\u00f6ljyt (rypsi, t\u00e4ysin hydrattu rypsi, kookos), kasvirasva (palmu\u00f6ljy), glukoosisiirappi, dekstroosi, maltodekstriini, t\u00e4ysMAITOJAUHE, kaakaovoi, E101*0, cocoa. E110*, E120, E132, E133, E160a, E162, E172, E174), [\u2026]<\/p>","protected":false},"featured_media":10712,"template":"","meta":{"_seopress_robots_primary_cat":"none","_seopress_titles_title":"","_seopress_titles_desc":"","_seopress_robots_index":""},"product_brand":[],"product_cat":[178,15,104],"product_tag":[175],"class_list":{"0":"post-10709","1":"product","2":"type-product","3":"status-publish","4":"has-post-thumbnail","6":"product_cat-easter-products","7":"product_cat-all-products","8":"product_cat-sprinkles","9":"product_tag-easter","11":"first","12":"outofstock","13":"taxable","14":"shipping-taxable","15":"purchasable","16":"product-type-simple"},"_links":{"self":[{"href":"https:\/\/candeebaar.ee\/fi\/wp-json\/wp\/v2\/product\/10709","targetHints":{"allow":["GET"]}}],"collection":[{"href":"https:\/\/candeebaar.ee\/fi\/wp-json\/wp\/v2\/product"}],"about":[{"href":"https:\/\/candeebaar.ee\/fi\/wp-json\/wp\/v2\/types\/product"}],"version-history":[{"count":1,"href":"https:\/\/candeebaar.ee\/fi\/wp-json\/wp\/v2\/product\/10709\/revisions"}],"predecessor-version":[{"id":10711,"href":"https:\/\/candeebaar.ee\/fi\/wp-json\/wp\/v2\/product\/10709\/revisions\/10711"}],"wp:featuredmedia":[{"embeddable":true,"href":"https:\/\/candeebaar.ee\/fi\/wp-json\/wp\/v2\/media\/10712"}],"wp:attachment":[{"href":"https:\/\/candeebaar.ee\/fi\/wp-json\/wp\/v2\/media?parent=10709"}],"wp:term":[{"taxonomy":"product_brand","embeddable":true,"href":"https:\/\/candeebaar.ee\/fi\/wp-json\/wp\/v2\/product_brand?post=10709"},{"taxonomy":"product_cat","embeddable":true,"href":"https:\/\/candeebaar.ee\/fi\/wp-json\/wp\/v2\/product_cat?post=10709"},{"taxonomy":"product_tag","embeddable":true,"href":"https:\/\/candeebaar.ee\/fi\/wp-json\/wp\/v2\/product_tag?post=10709"}],"curies":[{"name":"wp","href":"https:\/\/api.w.org\/{rel}","templated":true}]}}