{"id":10714,"date":"2025-02-26T10:32:37","date_gmt":"2025-02-26T08:32:37","guid":{"rendered":"https:\/\/candeebaar.ee\/?post_type=product&#038;p=10714"},"modified":"2026-04-07T13:29:37","modified_gmt":"2026-04-07T11:29:37","slug":"ripottelee-piilotettuja-munia","status":"publish","type":"product","link":"https:\/\/candeebaar.ee\/fi\/kauppa\/ripottelee-piilotettuja-munia\/","title":{"rendered":"Sprinkles \u201cHidden Eggs\u201d 45g"},"content":{"rendered":"<p>Sprinklej\u00e4 j\u00e4lkiruokien koristeluun. Palloissa on pehme\u00e4 suklaapohja.<br \/>\nPaino: 45g<br \/>\nSokeri, t\u00e4rkkelys (maissi), kasvirasva (palmu\u00f6ljy), glukoosisiirappi, dekstroosi, maltodekstriini, v\u00e4ri (E100, E102*, E133, E160a, E162), aromi, pintak\u00e4sittelyaine (E903, E904), sakeuttamisaine (E414), irrotusaine (0) (bE4) emulgointiaine (0). Saattaa sis\u00e4lt\u00e4\u00e4 j\u00e4lki\u00e4\u00a0<strong>GLUTEENI<\/strong>,\u00a0<strong>P\u00c4HKIN\u00c4T<\/strong>,\u00a0<strong>SOIJA<\/strong>\u00a0ja\u00a0<strong>MAITO<\/strong>. *&quot;E102: Saattaa vaikuttaa haitallisesti lasten aktiivisuuteen ja tarkkaavaisuuteen&quot;.<br \/>\nSis\u00e4lt\u00f6 per 100g:<br \/>\nkcal: 383; kj: 1604; rasva: 0,5 g; josta tyydyttynytt\u00e4: 0,5g; hiilihydraatit: 91,3g; josta sokereita: 61,2g; proteiini: 0,3g; suolaa: 0,1 g<\/p>\n<p>Ei sovellu alle 3-vuotiaille lapsille.<br \/>\nValmistaja: Saksa<br \/>\nS\u00e4ilyvyysaika: Elokuu 2028<\/p>","protected":false},"excerpt":{"rendered":"<p>Sprinklej\u00e4 j\u00e4lkiruokien koristeluun. Palloissa on pehme\u00e4 suklaapohja. Paino: 45g Sokeri, t\u00e4rkkelys (maissi), kasvirasva (palmu\u00f6ljy), glukoosisiirappi, dekstroosi, maltodekstriini, v\u00e4rit (E100, E102*, E133, E160a, E162), aromi, pintak\u00e4sittelyaine (E903, E904), sakeuttamisaine (E41) emulsiirapes (4) (E470b). Saattaa sis\u00e4lt\u00e4\u00e4 j\u00e4\u00e4mi\u00e4 GLUTEENISTA, P\u00c4HKIN\u00d6ist\u00e4, SOIJASTA ja MAIDOSTA. *\u201dE102: Saattaa vaikuttaa haitallisesti aktiivisuuteen [\u2026]<\/p>","protected":false},"featured_media":10680,"template":"","meta":{"_seopress_robots_primary_cat":"none","_seopress_titles_title":"","_seopress_titles_desc":"","_seopress_robots_index":""},"product_brand":[],"product_cat":[178,15,104],"product_tag":[175],"class_list":{"0":"post-10714","1":"product","2":"type-product","3":"status-publish","4":"has-post-thumbnail","6":"product_cat-easter-products","7":"product_cat-all-products","8":"product_cat-sprinkles","9":"product_tag-easter","11":"first","12":"instock","13":"taxable","14":"shipping-taxable","15":"purchasable","16":"product-type-simple"},"_links":{"self":[{"href":"https:\/\/candeebaar.ee\/fi\/wp-json\/wp\/v2\/product\/10714","targetHints":{"allow":["GET"]}}],"collection":[{"href":"https:\/\/candeebaar.ee\/fi\/wp-json\/wp\/v2\/product"}],"about":[{"href":"https:\/\/candeebaar.ee\/fi\/wp-json\/wp\/v2\/types\/product"}],"version-history":[{"count":3,"href":"https:\/\/candeebaar.ee\/fi\/wp-json\/wp\/v2\/product\/10714\/revisions"}],"predecessor-version":[{"id":15823,"href":"https:\/\/candeebaar.ee\/fi\/wp-json\/wp\/v2\/product\/10714\/revisions\/15823"}],"wp:featuredmedia":[{"embeddable":true,"href":"https:\/\/candeebaar.ee\/fi\/wp-json\/wp\/v2\/media\/10680"}],"wp:attachment":[{"href":"https:\/\/candeebaar.ee\/fi\/wp-json\/wp\/v2\/media?parent=10714"}],"wp:term":[{"taxonomy":"product_brand","embeddable":true,"href":"https:\/\/candeebaar.ee\/fi\/wp-json\/wp\/v2\/product_brand?post=10714"},{"taxonomy":"product_cat","embeddable":true,"href":"https:\/\/candeebaar.ee\/fi\/wp-json\/wp\/v2\/product_cat?post=10714"},{"taxonomy":"product_tag","embeddable":true,"href":"https:\/\/candeebaar.ee\/fi\/wp-json\/wp\/v2\/product_tag?post=10714"}],"curies":[{"name":"wp","href":"https:\/\/api.w.org\/{rel}","templated":true}]}}