{"id":10717,"date":"2025-02-26T10:46:38","date_gmt":"2025-02-26T08:46:38","guid":{"rendered":"https:\/\/candeebaar.ee\/?post_type=product&#038;p=10717"},"modified":"2025-05-02T08:49:29","modified_gmt":"2025-05-02T06:49:29","slug":"ripottelee-viiriaisen-munia-realistisesti","status":"publish","type":"product","link":"https:\/\/candeebaar.ee\/fi\/kauppa\/ripottelee-viiriaisen-munia-realistisesti\/","title":{"rendered":"Sprinkleet \u201cQuail Eggs\u201d 45g"},"content":{"rendered":"<p>Sprinklej\u00e4 j\u00e4lkiruokien koristeluun. Munissa (20*25mm) on pehme\u00e4 ja maukas suklaa\/marsipaanipohja.<br \/>\nPaino: 45g (+-3g)<br \/>\nSokeri, kaakaovoi, kaakaomassa, kokonaisena\u00a0<strong>MAITO<\/strong>\u00a0jauhe,\u00a0<strong>MANTELIT<\/strong>, t\u00e4rkkelys (riisi),\u00a0<strong>KERMA<\/strong>, mokkalik\u00f6\u00f6ri (3%), glukoosisiirappi, amarettolik\u00f6\u00f6ri (0,8%), inverttisokerisiirappi,\u00a0<strong>MAITO<\/strong>\u00a0sokeri, rasvaton\u00a0<strong>MAITO<\/strong>\u00a0jauhe,\u00a0<strong>HERA<\/strong>\u00a0jauhe, v\u00e4ri (E100, E141, E172), luontainen aromi, vaniljauute, sakeuttamisaine (E414), emulgointiaine (lesitiini (<strong>SOIJA<\/strong>)), kosteuttava aine (invertaasi), paahdettu kahvi (0,27%), kasvi\u00f6ljyt (rypsi, kookos). Saattaa sis\u00e4lt\u00e4\u00e4 j\u00e4lki\u00e4\u00a0<strong>GLUTEENI<\/strong>,\u00a0<strong>MAAP\u00c4HKIN\u00c4T<\/strong>\u00a0ja muut\u00a0<strong>P\u00c4HKIN\u00c4T<\/strong>.<br \/>\nSis\u00e4lt\u00f6 per 100g:<br \/>\nkcal: 424; kj: 1783; rasva: 13,1 g; josta tyydyttynytt\u00e4: 5,9g; hiilihydraatit: 72 g; josta sokereita: 67 g; proteiini: 3,5 g; suolaa: 0,1 g<\/p>\n<p>Ei sovellu alle 3-vuotiaille lapsille.<br \/>\nValmistaja: Saksa<br \/>\nS\u00e4ilyvyys: tammikuu 2026<\/p>","protected":false},"excerpt":{"rendered":"<p>Sprinklej\u00e4 j\u00e4lkiruokien koristeluun. Munissa (20*25mm) on pehme\u00e4 ja maukas suklaa\/marsipaanipohja. Paino: 45g(+-3g) Sokeri, kaakaovoi, kaakaomassa, t\u00e4ysMAITOJAUHE, MANTELIT, t\u00e4rkkelys (riisi), KERMA, mokkalik\u00f6\u00f6ri (3%), glukoosisiirappi, amarettolik\u00f6\u00f6ri (0,8%), inverttisokerisiirappi, MAITOMAITOSokeri, rasvaton jauhe, WHEY10 jauhe E141, E172), luonnollinen aromi, vaniljauute, sakeuttamisaine (E414), emulgointiaine (lesitiini (SOIJA)), kosteuttava aine (invertaasi), paahdettu kahvi (0,27%), kasvi\u00f6ljyt [\u2026]<\/p>","protected":false},"featured_media":10687,"template":"","meta":{"_seopress_robots_primary_cat":"none","_seopress_titles_title":"","_seopress_titles_desc":"","_seopress_robots_index":""},"product_brand":[],"product_cat":[178,15,104],"product_tag":[175],"class_list":{"0":"post-10717","1":"product","2":"type-product","3":"status-publish","4":"has-post-thumbnail","6":"product_cat-easter-products","7":"product_cat-all-products","8":"product_cat-sprinkles","9":"product_tag-easter","11":"first","12":"outofstock","13":"taxable","14":"shipping-taxable","15":"purchasable","16":"product-type-simple"},"_links":{"self":[{"href":"https:\/\/candeebaar.ee\/fi\/wp-json\/wp\/v2\/product\/10717","targetHints":{"allow":["GET"]}}],"collection":[{"href":"https:\/\/candeebaar.ee\/fi\/wp-json\/wp\/v2\/product"}],"about":[{"href":"https:\/\/candeebaar.ee\/fi\/wp-json\/wp\/v2\/types\/product"}],"version-history":[{"count":2,"href":"https:\/\/candeebaar.ee\/fi\/wp-json\/wp\/v2\/product\/10717\/revisions"}],"predecessor-version":[{"id":10719,"href":"https:\/\/candeebaar.ee\/fi\/wp-json\/wp\/v2\/product\/10717\/revisions\/10719"}],"wp:featuredmedia":[{"embeddable":true,"href":"https:\/\/candeebaar.ee\/fi\/wp-json\/wp\/v2\/media\/10687"}],"wp:attachment":[{"href":"https:\/\/candeebaar.ee\/fi\/wp-json\/wp\/v2\/media?parent=10717"}],"wp:term":[{"taxonomy":"product_brand","embeddable":true,"href":"https:\/\/candeebaar.ee\/fi\/wp-json\/wp\/v2\/product_brand?post=10717"},{"taxonomy":"product_cat","embeddable":true,"href":"https:\/\/candeebaar.ee\/fi\/wp-json\/wp\/v2\/product_cat?post=10717"},{"taxonomy":"product_tag","embeddable":true,"href":"https:\/\/candeebaar.ee\/fi\/wp-json\/wp\/v2\/product_tag?post=10717"}],"curies":[{"name":"wp","href":"https:\/\/api.w.org\/{rel}","templated":true}]}}