{"id":10720,"date":"2025-02-26T10:57:24","date_gmt":"2025-02-26T08:57:24","guid":{"rendered":"https:\/\/candeebaar.ee\/?post_type=product&#038;p=10720"},"modified":"2026-04-07T13:29:37","modified_gmt":"2026-04-07T11:29:37","slug":"ripottelee-viiriaisen-munia-pastellina","status":"publish","type":"product","link":"https:\/\/candeebaar.ee\/fi\/kauppa\/ripottelee-viiriaisen-munia-pastellina\/","title":{"rendered":"Str\u00f6sselit \u201cViiri\u00e4isenmunat Pastelli\u201d 50g"},"content":{"rendered":"<p>J\u00e4lkiruokien koristeluun tarkoitettuja str\u00f6sseleit\u00e4. Munissa (noin 20 * 25 mm, 6 kpl) on pehme\u00e4 ja maukas suklaa-\/marsipaanipohja.<br \/>\nPaino: 50 g (+-3 g)<\/p>\n<p>Sokeri, kaakaovoi, kaakaomassa, kokonaisena\u00a0<strong>MAITO<\/strong>\u00a0jauhe,\u00a0<strong>MANTELIT<\/strong>, t\u00e4rkkelys (riisi),\u00a0<strong>KERMA<\/strong>, marc de champagne (5%), glukoosisiirappi, amarettolik\u00f6\u00f6ri (0,8%), inverttisokerisiirappi,\u00a0<strong>MAITO<\/strong>\u00a0sokeri, rasvaton\u00a0<strong>MAITO<\/strong>\u00a0jauhe,\u00a0<strong>HERA<\/strong>\u00a0jauhe, v\u00e4ri (E100, E120, E132, E141, E172), luonnollinen aromi, vaniljauute, sakeuttamisaine (E414, E466), emulgointiaine (lesitiini (<strong>SOIJA<\/strong>)), kosteuttava aine (invertaasi), kasvi\u00f6ljyt (rypsi, kookos). Saattaa sis\u00e4lt\u00e4\u00e4 j\u00e4lki\u00e4\u00a0<strong>GLUTEENI<\/strong>,\u00a0<strong>MAAP\u00c4HKIN\u00c4T<\/strong>\u00a0ja muut\u00a0<strong>P\u00c4HKIN\u00c4T<\/strong>.<br \/>\nSis\u00e4lt\u00f6 per 100g:<br \/>\nkcal: 425; kj: 1790; rasva: 13,1 g; josta tyydyttynytt\u00e4: 5,9g; hiilihydraatit: 72,5g; josta sokereita: 67,5 g; proteiini: 3,6 g; suolaa: 0,1 g<\/p>\n<p>Ei sovellu alle 3-vuotiaille lapsille.<br \/>\nValmistaja: Saksa<br \/>\nS\u00e4ilyvyys: joulukuu 2027<\/p>","protected":false},"excerpt":{"rendered":"<p>J\u00e4lkiruokien koristeluun tarkoitettuja str\u00f6sseleit\u00e4. Munat (noin 20 * 25 mm, 6 kpl) on pehme\u00e4n ja maukkaan suklaa-\/marsipaanipohjan omaava. Paino: 50 g (+-3 g) Sokeri, kaakaovoi, kaakaomassa, t\u00e4ysMAITOjauhe, MANTELIT, riisit\u00e4rkkelys, KERMA, samppanjaj\u00e4\u00e4tel\u00f6 (5%), glukoosisiirappi, amarettolik\u00f6\u00f6ri (0,8%), inverttisokerisiirappi, MAITOsokeri, rasvaton MAITOjauhe, HERAjauhe, v\u00e4rit (E100, E120, E132, E141, E172), luontainen aromi, vaniljauute, sakeuttamisaine (E414, E466), emulgointiaine (lesitiini (SOIJA)), kosteudens\u00e4ilytt\u00e4j\u00e4 [\u2026]<\/p>","protected":false},"featured_media":15515,"template":"","meta":{"_seopress_robots_primary_cat":"none","_seopress_titles_title":"","_seopress_titles_desc":"","_seopress_robots_index":""},"product_brand":[],"product_cat":[178,15,104,109],"product_tag":[175],"class_list":{"0":"post-10720","1":"product","2":"type-product","3":"status-publish","4":"has-post-thumbnail","6":"product_cat-easter-products","7":"product_cat-all-products","8":"product_cat-sprinkles","9":"product_cat-sale","10":"product_tag-easter","12":"first","13":"instock","14":"sale","15":"taxable","16":"shipping-taxable","17":"purchasable","18":"product-type-simple"},"_links":{"self":[{"href":"https:\/\/candeebaar.ee\/fi\/wp-json\/wp\/v2\/product\/10720","targetHints":{"allow":["GET"]}}],"collection":[{"href":"https:\/\/candeebaar.ee\/fi\/wp-json\/wp\/v2\/product"}],"about":[{"href":"https:\/\/candeebaar.ee\/fi\/wp-json\/wp\/v2\/types\/product"}],"version-history":[{"count":4,"href":"https:\/\/candeebaar.ee\/fi\/wp-json\/wp\/v2\/product\/10720\/revisions"}],"predecessor-version":[{"id":15516,"href":"https:\/\/candeebaar.ee\/fi\/wp-json\/wp\/v2\/product\/10720\/revisions\/15516"}],"wp:featuredmedia":[{"embeddable":true,"href":"https:\/\/candeebaar.ee\/fi\/wp-json\/wp\/v2\/media\/15515"}],"wp:attachment":[{"href":"https:\/\/candeebaar.ee\/fi\/wp-json\/wp\/v2\/media?parent=10720"}],"wp:term":[{"taxonomy":"product_brand","embeddable":true,"href":"https:\/\/candeebaar.ee\/fi\/wp-json\/wp\/v2\/product_brand?post=10720"},{"taxonomy":"product_cat","embeddable":true,"href":"https:\/\/candeebaar.ee\/fi\/wp-json\/wp\/v2\/product_cat?post=10720"},{"taxonomy":"product_tag","embeddable":true,"href":"https:\/\/candeebaar.ee\/fi\/wp-json\/wp\/v2\/product_tag?post=10720"}],"curies":[{"name":"wp","href":"https:\/\/api.w.org\/{rel}","templated":true}]}}