{"id":10743,"date":"2025-02-26T16:57:54","date_gmt":"2025-02-26T14:57:54","guid":{"rendered":"https:\/\/candeebaar.ee\/?post_type=product&#038;p=10743"},"modified":"2026-03-31T12:06:37","modified_gmt":"2026-03-31T10:06:37","slug":"lahjapakkaus-18124-pehmea-pinkki","status":"publish","type":"product","link":"https:\/\/candeebaar.ee\/fi\/kauppa\/lahjapakkaus-18124-pehmea-pinkki\/","title":{"rendered":"Lahjarasia 18*12*4cm pehme\u00e4 pinkki"},"content":{"rendered":"<p>Kivan n\u00e4k\u00f6inen pahvilaatikko l\u00e4pin\u00e4kyv\u00e4ll\u00e4 kannella.<br \/>\nHuomaa: kansi menee laatikon sis\u00e4\u00e4n<br \/>\nV\u00e4ri: pehme\u00e4 pinkki<br \/>\nKoko: 178*118*40mm<\/p>","protected":false},"excerpt":{"rendered":"<p>Kivan n\u00e4k\u00f6inen pahvilaatikko l\u00e4pin\u00e4kyv\u00e4ll\u00e4 kannella. Huomautus: kansi menee laatikon sis\u00e4\u00e4n V\u00e4ri: pehme\u00e4 pinkki Koko: 178*118*40mm<\/p>","protected":false},"featured_media":10746,"template":"","meta":{"_seopress_robots_primary_cat":"none","_seopress_titles_title":"","_seopress_titles_desc":"","_seopress_robots_index":""},"product_brand":[],"product_cat":[153,154,156,93,106],"product_tag":[],"class_list":{"0":"post-10743","1":"product","2":"type-product","3":"status-publish","4":"has-post-thumbnail","6":"product_cat-candy-boxes","7":"product_cat-different-style","8":"product_cat-low-boxes","9":"product_cat-gift-packaging","10":"product_cat-new","12":"first","13":"instock","14":"taxable","15":"shipping-taxable","16":"purchasable","17":"product-type-simple"},"_links":{"self":[{"href":"https:\/\/candeebaar.ee\/fi\/wp-json\/wp\/v2\/product\/10743","targetHints":{"allow":["GET"]}}],"collection":[{"href":"https:\/\/candeebaar.ee\/fi\/wp-json\/wp\/v2\/product"}],"about":[{"href":"https:\/\/candeebaar.ee\/fi\/wp-json\/wp\/v2\/types\/product"}],"version-history":[{"count":1,"href":"https:\/\/candeebaar.ee\/fi\/wp-json\/wp\/v2\/product\/10743\/revisions"}],"predecessor-version":[{"id":10749,"href":"https:\/\/candeebaar.ee\/fi\/wp-json\/wp\/v2\/product\/10743\/revisions\/10749"}],"wp:featuredmedia":[{"embeddable":true,"href":"https:\/\/candeebaar.ee\/fi\/wp-json\/wp\/v2\/media\/10746"}],"wp:attachment":[{"href":"https:\/\/candeebaar.ee\/fi\/wp-json\/wp\/v2\/media?parent=10743"}],"wp:term":[{"taxonomy":"product_brand","embeddable":true,"href":"https:\/\/candeebaar.ee\/fi\/wp-json\/wp\/v2\/product_brand?post=10743"},{"taxonomy":"product_cat","embeddable":true,"href":"https:\/\/candeebaar.ee\/fi\/wp-json\/wp\/v2\/product_cat?post=10743"},{"taxonomy":"product_tag","embeddable":true,"href":"https:\/\/candeebaar.ee\/fi\/wp-json\/wp\/v2\/product_tag?post=10743"}],"curies":[{"name":"wp","href":"https:\/\/api.w.org\/{rel}","templated":true}]}}