{"id":10767,"date":"2025-02-27T10:41:29","date_gmt":"2025-02-27T08:41:29","guid":{"rendered":"https:\/\/candeebaar.ee\/?post_type=product&#038;p=10767"},"modified":"2026-04-13T21:21:32","modified_gmt":"2026-04-13T19:21:32","slug":"jalkiruokalaatikon-sydan-15156-6cm","status":"publish","type":"product","link":"https:\/\/candeebaar.ee\/fi\/kauppa\/jalkiruokalaatikon-sydan-15156-6cm\/","title":{"rendered":"J\u00e4lkiruokarasia &quot;Syd\u00e4n&quot; 15*15*6,5cm"},"content":{"rendered":"<p>Laatikko l\u00e4pin\u00e4kyv\u00e4ll\u00e4 syd\u00e4menmuotoisella ikkunalla.<br \/>\nHelppo koota.<br \/>\nKoko: 150*150*k65mm<br \/>\nMateriaali: pahvi, muovi<br \/>\nV\u00e4ri: valkoinen<\/p>","protected":false},"excerpt":{"rendered":"<p>Laatikko l\u00e4pin\u00e4kyv\u00e4ll\u00e4 syd\u00e4menmuotoisella ikkunalla. Helppo koota. Koko: 150*150*h65mm Materiaali: pahvi, muovi V\u00e4ri: valkoinen<\/p>","protected":false},"featured_media":10772,"template":"","meta":{"_seopress_robots_primary_cat":"none","_seopress_titles_title":"","_seopress_titles_desc":"","_seopress_robots_index":""},"product_brand":[],"product_cat":[183,15,152,154,93,106],"product_tag":[],"class_list":{"0":"post-10767","1":"product","2":"type-product","3":"status-publish","4":"has-post-thumbnail","6":"product_cat-valentines-day","7":"product_cat-all-products","8":"product_cat-cupcakes","9":"product_cat-different-style","10":"product_cat-gift-packaging","11":"product_cat-new","13":"first","14":"instock","15":"taxable","16":"shipping-taxable","17":"purchasable","18":"product-type-simple"},"_links":{"self":[{"href":"https:\/\/candeebaar.ee\/fi\/wp-json\/wp\/v2\/product\/10767","targetHints":{"allow":["GET"]}}],"collection":[{"href":"https:\/\/candeebaar.ee\/fi\/wp-json\/wp\/v2\/product"}],"about":[{"href":"https:\/\/candeebaar.ee\/fi\/wp-json\/wp\/v2\/types\/product"}],"version-history":[{"count":1,"href":"https:\/\/candeebaar.ee\/fi\/wp-json\/wp\/v2\/product\/10767\/revisions"}],"predecessor-version":[{"id":10776,"href":"https:\/\/candeebaar.ee\/fi\/wp-json\/wp\/v2\/product\/10767\/revisions\/10776"}],"wp:featuredmedia":[{"embeddable":true,"href":"https:\/\/candeebaar.ee\/fi\/wp-json\/wp\/v2\/media\/10772"}],"wp:attachment":[{"href":"https:\/\/candeebaar.ee\/fi\/wp-json\/wp\/v2\/media?parent=10767"}],"wp:term":[{"taxonomy":"product_brand","embeddable":true,"href":"https:\/\/candeebaar.ee\/fi\/wp-json\/wp\/v2\/product_brand?post=10767"},{"taxonomy":"product_cat","embeddable":true,"href":"https:\/\/candeebaar.ee\/fi\/wp-json\/wp\/v2\/product_cat?post=10767"},{"taxonomy":"product_tag","embeddable":true,"href":"https:\/\/candeebaar.ee\/fi\/wp-json\/wp\/v2\/product_tag?post=10767"}],"curies":[{"name":"wp","href":"https:\/\/api.w.org\/{rel}","templated":true}]}}