{"id":10784,"date":"2025-02-27T10:56:18","date_gmt":"2025-02-27T08:56:18","guid":{"rendered":"https:\/\/candeebaar.ee\/?post_type=product&#038;p=10784"},"modified":"2026-01-26T09:59:03","modified_gmt":"2026-01-26T07:59:03","slug":"mantelilastut","status":"publish","type":"product","link":"https:\/\/candeebaar.ee\/fi\/kauppa\/mantelilastut\/","title":{"rendered":"Mantelihiutaleet 100g"},"content":{"rendered":"<p>Raakoja, suolaamattomia mantelihiutaleita.<br \/>\nLuonnollinen terveellinen tuote, joka soveltuu erilaisiin k\u00e4ytt\u00f6tarkoituksiin.<br \/>\nKoostumus: manteli 100%<br \/>\nPaino: 100g<br \/>\nSis\u00e4lt\u00f6 per 100g:<br \/>\nRavintoarvo: 2528kJ\/602kcal<br \/>\nRasvat (tyydyttyneet): 50,6 g (3,9 g)<br \/>\nHiilihydraatit (sokerit): 9,5 g (5 g)<br \/>\nProteiinia: 21,9 g<br \/>\nKuitu: 10,4 g<br \/>\nSuola: 0,07 g (sis\u00e4lt\u00f6 voi vaihdella hieman)<br \/>\nAlkuper\u00e4: USA<br \/>\nS\u00e4ilyvyys: 22.02.2026<\/p>","protected":false},"excerpt":{"rendered":"<p>Raakoja, suolaamattomia mantelihiutaleita. Luonnollinen terveellinen tuote, joka soveltuu erilaisiin k\u00e4ytt\u00f6tarkoituksiin. Koostumus: manteli 100% Paino: 100g Sis\u00e4lt\u00f6 per 100g: Ravintoarvo: 2528kJ\/602kcal Rasvat (tyydyttyneet): 50.6g (3.9g) Hiilihydraatit (sokerit): 9.5g (5g) Proteiinit: 21.0g suolaa .7.0g. (sis\u00e4lt\u00f6 voi vaihdella hieman) Alkuper\u00e4: USA S\u00e4ilyvyys: 22.02.2026<\/p>","protected":false},"featured_media":10770,"template":"","meta":{"_seopress_robots_primary_cat":"none","_seopress_titles_title":"","_seopress_titles_desc":"","_seopress_robots_index":""},"product_brand":[],"product_cat":[15,101,106],"product_tag":[],"class_list":{"0":"post-10784","1":"product","2":"type-product","3":"status-publish","4":"has-post-thumbnail","6":"product_cat-all-products","7":"product_cat-nut-products","8":"product_cat-new","10":"first","11":"outofstock","12":"taxable","13":"shipping-taxable","14":"purchasable","15":"product-type-simple"},"_links":{"self":[{"href":"https:\/\/candeebaar.ee\/fi\/wp-json\/wp\/v2\/product\/10784","targetHints":{"allow":["GET"]}}],"collection":[{"href":"https:\/\/candeebaar.ee\/fi\/wp-json\/wp\/v2\/product"}],"about":[{"href":"https:\/\/candeebaar.ee\/fi\/wp-json\/wp\/v2\/types\/product"}],"version-history":[{"count":1,"href":"https:\/\/candeebaar.ee\/fi\/wp-json\/wp\/v2\/product\/10784\/revisions"}],"predecessor-version":[{"id":10786,"href":"https:\/\/candeebaar.ee\/fi\/wp-json\/wp\/v2\/product\/10784\/revisions\/10786"}],"wp:featuredmedia":[{"embeddable":true,"href":"https:\/\/candeebaar.ee\/fi\/wp-json\/wp\/v2\/media\/10770"}],"wp:attachment":[{"href":"https:\/\/candeebaar.ee\/fi\/wp-json\/wp\/v2\/media?parent=10784"}],"wp:term":[{"taxonomy":"product_brand","embeddable":true,"href":"https:\/\/candeebaar.ee\/fi\/wp-json\/wp\/v2\/product_brand?post=10784"},{"taxonomy":"product_cat","embeddable":true,"href":"https:\/\/candeebaar.ee\/fi\/wp-json\/wp\/v2\/product_cat?post=10784"},{"taxonomy":"product_tag","embeddable":true,"href":"https:\/\/candeebaar.ee\/fi\/wp-json\/wp\/v2\/product_tag?post=10784"}],"curies":[{"name":"wp","href":"https:\/\/api.w.org\/{rel}","templated":true}]}}