{"id":10788,"date":"2025-02-27T11:15:14","date_gmt":"2025-02-27T09:15:14","guid":{"rendered":"https:\/\/candeebaar.ee\/?post_type=product&#038;p=10788"},"modified":"2025-10-31T06:01:19","modified_gmt":"2025-10-31T04:01:19","slug":"kookoshiutaleita-200-g","status":"publish","type":"product","link":"https:\/\/candeebaar.ee\/fi\/kauppa\/kookoshiutaleita-200-g\/","title":{"rendered":"Kookoshiutaleet 200g"},"content":{"rendered":"<p>Kookoshiutaleet (2-5mm).<br \/>\nLuonnollinen terveellinen tuote, joka soveltuu erilaisiin k\u00e4ytt\u00f6tarkoituksiin.<br \/>\nKoostumus: kookos 100%<br \/>\nPaino: 100g<br \/>\nSis\u00e4lt\u00f6 per 100g:<br \/>\nRavintoarvo: 2720kJ\/661kcal<br \/>\nRasvat (tyydyttyneet): 63,2 g (53,25 g)<br \/>\nHiilihydraatit (sokerit): 5,9 g (5,6 g)<br \/>\nProteiinit: 6,6 g<br \/>\nKuitu: 21,1 g<br \/>\nSuola: 0,07 g (sis\u00e4lt\u00f6 voi vaihdella hieman)<br \/>\nAlkuper\u00e4: Sri Lanka<br \/>\nS\u00e4ilyvyys: 04.2026<\/p>","protected":false},"excerpt":{"rendered":"<p>Kookoshiutaleet (2-5mm). Luonnollinen terveellinen tuote, joka soveltuu erilaisiin k\u00e4ytt\u00f6tarkoituksiin. Koostumus: kookos 100% Paino: 100g Sis\u00e4lt\u00f6 per 100g: Ravintoarvo: 2720kJ\/661kcal Rasvat (tyydyttyneet): 63.2g (53.25g) Hiilihydraatit (sokerit): 5.9g (5.6g) Proteiinit.2.1:g:1. 0,07 g (sis\u00e4lt\u00f6 voi vaihdella hieman) Alkuper\u00e4: Sri Lanka S\u00e4ilyvyys: 04.2026<\/p>","protected":false},"featured_media":10771,"template":"","meta":{"_seopress_robots_primary_cat":"none","_seopress_titles_title":"","_seopress_titles_desc":"","_seopress_robots_index":""},"product_brand":[],"product_cat":[15,101,109,106],"product_tag":[],"class_list":{"0":"post-10788","1":"product","2":"type-product","3":"status-publish","4":"has-post-thumbnail","6":"product_cat-all-products","7":"product_cat-nut-products","8":"product_cat-sale","9":"product_cat-new","11":"first","12":"outofstock","13":"sale","14":"taxable","15":"shipping-taxable","16":"purchasable","17":"product-type-simple"},"_links":{"self":[{"href":"https:\/\/candeebaar.ee\/fi\/wp-json\/wp\/v2\/product\/10788","targetHints":{"allow":["GET"]}}],"collection":[{"href":"https:\/\/candeebaar.ee\/fi\/wp-json\/wp\/v2\/product"}],"about":[{"href":"https:\/\/candeebaar.ee\/fi\/wp-json\/wp\/v2\/types\/product"}],"version-history":[{"count":3,"href":"https:\/\/candeebaar.ee\/fi\/wp-json\/wp\/v2\/product\/10788\/revisions"}],"predecessor-version":[{"id":11074,"href":"https:\/\/candeebaar.ee\/fi\/wp-json\/wp\/v2\/product\/10788\/revisions\/11074"}],"wp:featuredmedia":[{"embeddable":true,"href":"https:\/\/candeebaar.ee\/fi\/wp-json\/wp\/v2\/media\/10771"}],"wp:attachment":[{"href":"https:\/\/candeebaar.ee\/fi\/wp-json\/wp\/v2\/media?parent=10788"}],"wp:term":[{"taxonomy":"product_brand","embeddable":true,"href":"https:\/\/candeebaar.ee\/fi\/wp-json\/wp\/v2\/product_brand?post=10788"},{"taxonomy":"product_cat","embeddable":true,"href":"https:\/\/candeebaar.ee\/fi\/wp-json\/wp\/v2\/product_cat?post=10788"},{"taxonomy":"product_tag","embeddable":true,"href":"https:\/\/candeebaar.ee\/fi\/wp-json\/wp\/v2\/product_tag?post=10788"}],"curies":[{"name":"wp","href":"https:\/\/api.w.org\/{rel}","templated":true}]}}