{"id":10792,"date":"2025-02-27T13:03:06","date_gmt":"2025-02-27T11:03:06","guid":{"rendered":"https:\/\/candeebaar.ee\/?post_type=product&#038;p=10792"},"modified":"2025-11-07T10:11:17","modified_gmt":"2025-11-07T08:11:17","slug":"callebaut-maitosuklaa-823-33-6-1000g","status":"publish","type":"product","link":"https:\/\/candeebaar.ee\/fi\/kauppa\/callebaut-maitosuklaa-823-33-6-1000g\/","title":{"rendered":"Callebaut Milk Chocolate 823 (33.6%) 1000g"},"content":{"rendered":"<p>Tunnettua suklaata. On korkein laatu.<br \/>\nPaino: 1000g<br \/>\nAinesosat: sokeri, kaakaovoi, kokonaisena <strong>MAITO<\/strong> jauhe, kaakaomassa, emulgointiaine: lesitiinit (<strong>SOIJA<\/strong>), luonnollinen vanilja-aromi.<\/p>\n<table style=\"height: 160px; width: 409px;\" width=\"409\">\n<tbody>\n<tr>\n<td style=\"width: 244px;\">Sis\u00e4lt\u00f6 per<\/td>\n<td style=\"width: 150.4px;\">100g<\/td>\n<\/tr>\n<tr>\n<td style=\"width: 244px;\">Ravintoarvo<\/td>\n<td style=\"width: 150.4px;\">563 kcal 2338 kJ<\/td>\n<\/tr>\n<tr>\n<td style=\"width: 244px;\">Rasvat (joista tyydyttyneit\u00e4)<\/td>\n<td style=\"width: 150.4px;\">36 g (22 g)<\/td>\n<\/tr>\n<tr>\n<td style=\"width: 244px;\">Hiilihydraatit (sokeri)<\/td>\n<td style=\"width: 150.4px;\">51 g (50 g)<\/td>\n<\/tr>\n<tr>\n<td style=\"width: 244px;\">Proteiinit<\/td>\n<td style=\"width: 150.4px;\">7 g<\/td>\n<\/tr>\n<tr>\n<td style=\"width: 244px;\">Suolaa<\/td>\n<td style=\"width: 150.4px;\">0,21 g<\/td>\n<\/tr>\n<\/tbody>\n<\/table>\n<p>Valmistaja: CALLEBAUT Belgia<br \/>\nVarastointil\u00e4mp\u00f6tila: <strong>12-20 \u00b0C<br \/>\n<\/strong>Saattaa sis\u00e4lt\u00e4\u00e4 <strong>maitoa.<br \/>\n<\/strong>Lis\u00e4ksi voit l\u00f6yt\u00e4\u00e4 verkkosivuilta monia uusia reseptej\u00e4 ja tutustua heid\u00e4n tuotteisiinsa <a href=\"https:\/\/www.callebaut.com\/\">callebaut.com<\/a>. nauttiakseen tuotteistaan.<\/p>\n<p>&nbsp;<\/p>","protected":false},"excerpt":{"rendered":"<p>Tunnettua suklaata. On korkein laatu. Massa: 1000g Ainesosat: sokeri, kaakaovoi, t\u00e4ysMAITOjauhe, kaakaomassa, emulgointiaine: lesitiinit (SOIJA), luonnollinen vanilja-aromi. Sis\u00e4lt\u00f6 per 100 g Ravintoarvo 563 kcal 2338 kJ Rasvat (joista tyydyttyneit\u00e4) 36 g (22 g) Hiilihydraatit (sokeri) 51 g (50 g) Proteiinit 7 g Suola 0,21 g Valmistaja: CALLEBAUT Belgia S\u00e4ilytysl\u00e4mp\u00f6tila: 20 [\u2026] 12 \u2013<\/p>","protected":false},"featured_media":4865,"template":"","meta":{"_seopress_robots_primary_cat":"none","_seopress_titles_title":"","_seopress_titles_desc":"","_seopress_robots_index":""},"product_brand":[],"product_cat":[182,181,15,110,106],"product_tag":[],"class_list":{"0":"post-10792","1":"product","2":"type-product","3":"status-publish","4":"has-post-thumbnail","6":"product_cat-christmas","7":"product_cat-christmas-new-year","8":"product_cat-all-products","9":"product_cat-callebaut","10":"product_cat-new","11":"brand-callebaut","13":"first","14":"instock","15":"taxable","16":"shipping-taxable","17":"purchasable","18":"product-type-simple"},"_links":{"self":[{"href":"https:\/\/candeebaar.ee\/fi\/wp-json\/wp\/v2\/product\/10792","targetHints":{"allow":["GET"]}}],"collection":[{"href":"https:\/\/candeebaar.ee\/fi\/wp-json\/wp\/v2\/product"}],"about":[{"href":"https:\/\/candeebaar.ee\/fi\/wp-json\/wp\/v2\/types\/product"}],"version-history":[{"count":2,"href":"https:\/\/candeebaar.ee\/fi\/wp-json\/wp\/v2\/product\/10792\/revisions"}],"predecessor-version":[{"id":11904,"href":"https:\/\/candeebaar.ee\/fi\/wp-json\/wp\/v2\/product\/10792\/revisions\/11904"}],"wp:featuredmedia":[{"embeddable":true,"href":"https:\/\/candeebaar.ee\/fi\/wp-json\/wp\/v2\/media\/4865"}],"wp:attachment":[{"href":"https:\/\/candeebaar.ee\/fi\/wp-json\/wp\/v2\/media?parent=10792"}],"wp:term":[{"taxonomy":"product_brand","embeddable":true,"href":"https:\/\/candeebaar.ee\/fi\/wp-json\/wp\/v2\/product_brand?post=10792"},{"taxonomy":"product_cat","embeddable":true,"href":"https:\/\/candeebaar.ee\/fi\/wp-json\/wp\/v2\/product_cat?post=10792"},{"taxonomy":"product_tag","embeddable":true,"href":"https:\/\/candeebaar.ee\/fi\/wp-json\/wp\/v2\/product_tag?post=10792"}],"curies":[{"name":"wp","href":"https:\/\/api.w.org\/{rel}","templated":true}]}}