{"id":11016,"date":"2025-03-07T16:32:23","date_gmt":"2025-03-07T14:32:23","guid":{"rendered":"https:\/\/candeebaar.ee\/?post_type=product&#038;p=11016"},"modified":"2025-05-07T11:38:36","modified_gmt":"2025-05-07T09:38:36","slug":"putkisuuttimen-kudonta-17mm","status":"publish","type":"product","link":"https:\/\/candeebaar.ee\/fi\/kauppa\/putkisuuttimen-kudonta-17mm\/","title":{"rendered":"Putkisuuttimen kudonta 17mm"},"content":{"rendered":"<p>Ruostumattomasta ter\u00e4ksest\u00e4 valmistettu leivonnainen k\u00e4rki.<br \/>\nKoko: 22x40mm:<br \/>\nL\u00e4ht\u00f6: 17mm<\/p>","protected":false},"excerpt":{"rendered":"<p>Ruostumattomasta ter\u00e4ksest\u00e4 valmistettu leivonnainen k\u00e4rki. Koko: 22x40mm: L\u00e4ht\u00f6: 17mm<\/p>","protected":false},"featured_media":11020,"template":"","meta":{"_seopress_robots_primary_cat":"none","_seopress_titles_title":"","_seopress_titles_desc":"","_seopress_robots_index":""},"product_brand":[],"product_cat":[15,122],"product_tag":[],"class_list":{"0":"post-11016","1":"product","2":"type-product","3":"status-publish","4":"has-post-thumbnail","6":"product_cat-all-products","7":"product_cat-miscellaneous","9":"first","10":"instock","11":"taxable","12":"shipping-taxable","13":"purchasable","14":"product-type-simple"},"_links":{"self":[{"href":"https:\/\/candeebaar.ee\/fi\/wp-json\/wp\/v2\/product\/11016","targetHints":{"allow":["GET"]}}],"collection":[{"href":"https:\/\/candeebaar.ee\/fi\/wp-json\/wp\/v2\/product"}],"about":[{"href":"https:\/\/candeebaar.ee\/fi\/wp-json\/wp\/v2\/types\/product"}],"version-history":[{"count":1,"href":"https:\/\/candeebaar.ee\/fi\/wp-json\/wp\/v2\/product\/11016\/revisions"}],"predecessor-version":[{"id":11024,"href":"https:\/\/candeebaar.ee\/fi\/wp-json\/wp\/v2\/product\/11016\/revisions\/11024"}],"wp:featuredmedia":[{"embeddable":true,"href":"https:\/\/candeebaar.ee\/fi\/wp-json\/wp\/v2\/media\/11020"}],"wp:attachment":[{"href":"https:\/\/candeebaar.ee\/fi\/wp-json\/wp\/v2\/media?parent=11016"}],"wp:term":[{"taxonomy":"product_brand","embeddable":true,"href":"https:\/\/candeebaar.ee\/fi\/wp-json\/wp\/v2\/product_brand?post=11016"},{"taxonomy":"product_cat","embeddable":true,"href":"https:\/\/candeebaar.ee\/fi\/wp-json\/wp\/v2\/product_cat?post=11016"},{"taxonomy":"product_tag","embeddable":true,"href":"https:\/\/candeebaar.ee\/fi\/wp-json\/wp\/v2\/product_tag?post=11016"}],"curies":[{"name":"wp","href":"https:\/\/api.w.org\/{rel}","templated":true}]}}