{"id":11050,"date":"2025-03-09T11:03:37","date_gmt":"2025-03-09T09:03:37","guid":{"rendered":"https:\/\/candeebaar.ee\/?post_type=product&#038;p=11050"},"modified":"2026-03-12T22:05:26","modified_gmt":"2026-03-12T20:05:26","slug":"suutin-suljettu-tahti-siksak","status":"publish","type":"product","link":"https:\/\/candeebaar.ee\/fi\/kauppa\/suutin-suljettu-tahti-siksak\/","title":{"rendered":"Suljettu t\u00e4htisuutin Zigzag L"},"content":{"rendered":"<p>Metallinen suutin, jossa 8 piikki\u00e4.<br \/>\nKoko: 35*47mm<br \/>\nL\u00e4ht\u00f6: 28mm<\/p>","protected":false},"excerpt":{"rendered":"<p>Metallinen suutin, jossa 8 piikki\u00e4. Koko: 35*47mm L\u00e4ht\u00f6: 28mm<\/p>","protected":false},"featured_media":11047,"template":"","meta":{"_seopress_robots_primary_cat":"none","_seopress_titles_title":"","_seopress_titles_desc":"","_seopress_robots_index":""},"product_brand":[],"product_cat":[15,119],"product_tag":[],"class_list":{"0":"post-11050","1":"product","2":"type-product","3":"status-publish","4":"has-post-thumbnail","6":"product_cat-all-products","7":"product_cat-closed-star","9":"first","10":"instock","11":"taxable","12":"shipping-taxable","13":"purchasable","14":"product-type-simple"},"_links":{"self":[{"href":"https:\/\/candeebaar.ee\/fi\/wp-json\/wp\/v2\/product\/11050","targetHints":{"allow":["GET"]}}],"collection":[{"href":"https:\/\/candeebaar.ee\/fi\/wp-json\/wp\/v2\/product"}],"about":[{"href":"https:\/\/candeebaar.ee\/fi\/wp-json\/wp\/v2\/types\/product"}],"version-history":[{"count":1,"href":"https:\/\/candeebaar.ee\/fi\/wp-json\/wp\/v2\/product\/11050\/revisions"}],"predecessor-version":[{"id":11052,"href":"https:\/\/candeebaar.ee\/fi\/wp-json\/wp\/v2\/product\/11050\/revisions\/11052"}],"wp:featuredmedia":[{"embeddable":true,"href":"https:\/\/candeebaar.ee\/fi\/wp-json\/wp\/v2\/media\/11047"}],"wp:attachment":[{"href":"https:\/\/candeebaar.ee\/fi\/wp-json\/wp\/v2\/media?parent=11050"}],"wp:term":[{"taxonomy":"product_brand","embeddable":true,"href":"https:\/\/candeebaar.ee\/fi\/wp-json\/wp\/v2\/product_brand?post=11050"},{"taxonomy":"product_cat","embeddable":true,"href":"https:\/\/candeebaar.ee\/fi\/wp-json\/wp\/v2\/product_cat?post=11050"},{"taxonomy":"product_tag","embeddable":true,"href":"https:\/\/candeebaar.ee\/fi\/wp-json\/wp\/v2\/product_tag?post=11050"}],"curies":[{"name":"wp","href":"https:\/\/api.w.org\/{rel}","templated":true}]}}