{"id":11056,"date":"2025-03-09T11:08:57","date_gmt":"2025-03-09T09:08:57","guid":{"rendered":"https:\/\/candeebaar.ee\/?post_type=product&#038;p=11056"},"modified":"2025-10-27T16:25:16","modified_gmt":"2025-10-27T14:25:16","slug":"ripottelee-viiriaisen-munia-mini","status":"publish","type":"product","link":"https:\/\/candeebaar.ee\/fi\/kauppa\/ripottelee-viiriaisen-munia-mini\/","title":{"rendered":"Sprinkles \u201cMini Viiri\u00e4isen Munat\u201d 45g"},"content":{"rendered":"<p>Sprinklej\u00e4 j\u00e4lkiruokien koristeluun. Munissa (20*15mm) on pehme\u00e4 ja maukas suklaapohja.<br \/>\nPaino: 45g (+-3g)<\/p>\n<p>Ainesosat: maitosuklaa 70%, (sokeri, kaakaovoi, rasvaton maitojauhe, kokamassa, herajauhe (<strong>maitoa<\/strong>), laktoosi (<strong>maitoa<\/strong>), voi\u00f6ljy (<strong>maitoa<\/strong>), emulgointiaine (<strong>soija<\/strong>lesitiinit), aromi), sokeri, pintak\u00e4sittelyaine (arabikumi), riisit\u00e4rkkelys, <strong>ohra<\/strong> mallasuute, v\u00e4riaineet (antosyaanit, karoteenit, kurkumiini), spirulinatiiviste. <strong>Saattaa sis\u00e4lt\u00e4\u00e4 j\u00e4\u00e4mi\u00e4 maap\u00e4hkin\u00f6ist\u00e4 ja muista p\u00e4hkin\u00f6ist\u00e4<\/strong>.<br \/>\nSis\u00e4lt\u00f6 per 100g:<br \/>\nkcal: 477; kj: 2006; rasva: 18 g; josta tyydyttynytt\u00e4: 11g; hiilihydraatteja: 74; josta sokereita: 73 g; proteiini: 3,9 g; suolaa: 0,21 g<\/p>\n<p>Ei sovellu alle 3-vuotiaille lapsille.<br \/>\nValmistaja: UK<br \/>\nS\u00e4ilyvyys: lokakuu 2025<\/p>","protected":false},"excerpt":{"rendered":"<p>Sprinklej\u00e4 j\u00e4lkiruokien koristeluun. Munissa (20*15mm) on pehme\u00e4 ja maukas suklaapohja. Paino: 45g(+-3g) Ainesosat: maitosuklaa 70%, (sokeri, kaakaovoi, rasvaton maitojauhe, kokamassa, herajauhe (maito), laktoosi (maito), voi\u00f6ljy (maito), emulgointiaine (soyylilesitiinit), aromit), sokerimaltattu, arley, barley lasite v\u00e4rit (antosyaanit, karoteenit, kurkumiini), spirulinatiiviste. Saattaa sis\u00e4lt\u00e4\u00e4 j\u00e4\u00e4mi\u00e4 maap\u00e4hkin\u00f6ist\u00e4 [\u2026]<\/p>","protected":false},"featured_media":11048,"template":"","meta":{"_seopress_robots_primary_cat":"none","_seopress_titles_title":"","_seopress_titles_desc":"","_seopress_robots_index":""},"product_brand":[],"product_cat":[178,15,104],"product_tag":[175],"class_list":{"0":"post-11056","1":"product","2":"type-product","3":"status-publish","4":"has-post-thumbnail","6":"product_cat-easter-products","7":"product_cat-all-products","8":"product_cat-sprinkles","9":"product_tag-easter","11":"first","12":"outofstock","13":"taxable","14":"shipping-taxable","15":"purchasable","16":"product-type-simple"},"_links":{"self":[{"href":"https:\/\/candeebaar.ee\/fi\/wp-json\/wp\/v2\/product\/11056","targetHints":{"allow":["GET"]}}],"collection":[{"href":"https:\/\/candeebaar.ee\/fi\/wp-json\/wp\/v2\/product"}],"about":[{"href":"https:\/\/candeebaar.ee\/fi\/wp-json\/wp\/v2\/types\/product"}],"version-history":[{"count":2,"href":"https:\/\/candeebaar.ee\/fi\/wp-json\/wp\/v2\/product\/11056\/revisions"}],"predecessor-version":[{"id":11073,"href":"https:\/\/candeebaar.ee\/fi\/wp-json\/wp\/v2\/product\/11056\/revisions\/11073"}],"wp:featuredmedia":[{"embeddable":true,"href":"https:\/\/candeebaar.ee\/fi\/wp-json\/wp\/v2\/media\/11048"}],"wp:attachment":[{"href":"https:\/\/candeebaar.ee\/fi\/wp-json\/wp\/v2\/media?parent=11056"}],"wp:term":[{"taxonomy":"product_brand","embeddable":true,"href":"https:\/\/candeebaar.ee\/fi\/wp-json\/wp\/v2\/product_brand?post=11056"},{"taxonomy":"product_cat","embeddable":true,"href":"https:\/\/candeebaar.ee\/fi\/wp-json\/wp\/v2\/product_cat?post=11056"},{"taxonomy":"product_tag","embeddable":true,"href":"https:\/\/candeebaar.ee\/fi\/wp-json\/wp\/v2\/product_tag?post=11056"}],"curies":[{"name":"wp","href":"https:\/\/api.w.org\/{rel}","templated":true}]}}