{"id":11066,"date":"2025-03-09T16:36:36","date_gmt":"2025-03-09T14:36:36","guid":{"rendered":"https:\/\/candeebaar.ee\/?post_type=product&#038;p=11066"},"modified":"2026-04-07T11:52:20","modified_gmt":"2026-04-07T09:52:20","slug":"leivontamuotti-paasiaiskakkuille-135x95mm-50kpl","status":"publish","type":"product","link":"https:\/\/candeebaar.ee\/fi\/kauppa\/leivontamuotti-paasiaiskakkuille-135x95mm-50kpl\/","title":{"rendered":"Leivontamuotti p\u00e4\u00e4si\u00e4iskakkuille 135x95mm 50kpl"},"content":{"rendered":"<p>Paperimuotti soveltuu p\u00e4\u00e4si\u00e4iskakkujen leivontaan.<br \/>\nLeveys: 135mm<br \/>\nKorkeus: 95mm<br \/>\nMateriaali: kuviollinen rei&#039;itetty paperi.<br \/>\nValmiin kakun paino: noin 500g.<br \/>\nPakkauksessa: 50kpl.<br \/>\nValmistaja: Italia<\/p>","protected":false},"excerpt":{"rendered":"<p>Paperimuotti soveltuu p\u00e4\u00e4si\u00e4iskakkujen leivontaan. Leveys: 135mm Korkeus: 95mm Materiaali: rei&#039;itetty kuviollinen paperi. Valmiin kakun paino: noin 500g. Pakkauksessa: 50kpl. Valmistaja: Italia<\/p>","protected":false},"featured_media":6110,"template":"","meta":{"_seopress_robots_primary_cat":"none","_seopress_titles_title":"Paper perforated molds set of x10 size 135x95mm for Easter cakes!","_seopress_titles_desc":"Top quality and classic design make this molds a perfect fit for baking Ester cakes! We have many sizes in stock selling by x10 x100 or bigger quantities!","_seopress_robots_index":""},"product_brand":[],"product_cat":[178,15,117,90,106],"product_tag":[175],"class_list":{"0":"post-11066","1":"product","2":"type-product","3":"status-publish","4":"has-post-thumbnail","6":"product_cat-easter-products","7":"product_cat-all-products","8":"product_cat-paper","9":"product_cat-paper-cups-and-tulips","10":"product_cat-new","11":"product_tag-easter","13":"first","14":"instock","15":"taxable","16":"shipping-taxable","17":"purchasable","18":"product-type-simple"},"_links":{"self":[{"href":"https:\/\/candeebaar.ee\/fi\/wp-json\/wp\/v2\/product\/11066","targetHints":{"allow":["GET"]}}],"collection":[{"href":"https:\/\/candeebaar.ee\/fi\/wp-json\/wp\/v2\/product"}],"about":[{"href":"https:\/\/candeebaar.ee\/fi\/wp-json\/wp\/v2\/types\/product"}],"version-history":[{"count":1,"href":"https:\/\/candeebaar.ee\/fi\/wp-json\/wp\/v2\/product\/11066\/revisions"}],"predecessor-version":[{"id":11067,"href":"https:\/\/candeebaar.ee\/fi\/wp-json\/wp\/v2\/product\/11066\/revisions\/11067"}],"wp:featuredmedia":[{"embeddable":true,"href":"https:\/\/candeebaar.ee\/fi\/wp-json\/wp\/v2\/media\/6110"}],"wp:attachment":[{"href":"https:\/\/candeebaar.ee\/fi\/wp-json\/wp\/v2\/media?parent=11066"}],"wp:term":[{"taxonomy":"product_brand","embeddable":true,"href":"https:\/\/candeebaar.ee\/fi\/wp-json\/wp\/v2\/product_brand?post=11066"},{"taxonomy":"product_cat","embeddable":true,"href":"https:\/\/candeebaar.ee\/fi\/wp-json\/wp\/v2\/product_cat?post=11066"},{"taxonomy":"product_tag","embeddable":true,"href":"https:\/\/candeebaar.ee\/fi\/wp-json\/wp\/v2\/product_tag?post=11066"}],"curies":[{"name":"wp","href":"https:\/\/api.w.org\/{rel}","templated":true}]}}