{"id":11080,"date":"2025-03-10T10:46:39","date_gmt":"2025-03-10T08:46:39","guid":{"rendered":"https:\/\/candeebaar.ee\/?post_type=product&#038;p=11080"},"modified":"2026-03-19T10:24:07","modified_gmt":"2026-03-19T08:24:07","slug":"agar-agar-500g-kopio","status":"publish","type":"product","link":"https:\/\/candeebaar.ee\/fi\/kauppa\/agar-agar-500g-kopio\/","title":{"rendered":"Agar-agar 500 g"},"content":{"rendered":"<p>Agar-agaria k\u00e4ytet\u00e4\u00e4n sakeuttamisaineena vaahtokarkkeja, hyytel\u00f6it\u00e4, &quot;lintumaitoa&quot; ja muita.<br \/>\nKasvipohjainen gelatiinin korvike ilman v\u00e4ri\u00e4 ja hajua.<br \/>\nValmistaja ei ole ilmoittanut vahvuutta, mutta <strong>vastaa 900 kukintaa<\/strong>.<br \/>\nPaino: 500g<br \/>\nSis\u00e4lt\u00f6 per 100g:<br \/>\nRavintoarvo: 1411kJ\/336kcal<br \/>\nProteiinia: 6,2 g<br \/>\nRasvat: 0,3 g<br \/>\nHiilihydraatit (sokerit): 73,2 g (3 g)<br \/>\nKuitua: 7,7 g<br \/>\nS\u00e4ilyt\u00e4 kuivassa, viile\u00e4ss\u00e4, suljetussa pakkauksessa. Saattaa sis\u00e4lt\u00e4\u00e4 j\u00e4lki\u00e4: <strong>p\u00e4hkin\u00e4t, soija, gluteeni<\/strong>.<br \/>\nTuotanto: Puola<br \/>\nAlkuper\u00e4: Kiina<\/p>","protected":false},"excerpt":{"rendered":"<p>Agar-agaria k\u00e4ytet\u00e4\u00e4n sakeuttamisaineena vaahtokarkkeja, hyytel\u00f6it\u00e4, &quot;lintumaitoa&quot; ja muita. Kasvipohjainen gelatiinin korvike ilman v\u00e4ri\u00e4 ja hajua. Valmistaja ei ole ilmoittanut vahvuutta, mutta se vastaa 900 kukintaa. Paino: 500 g Sis\u00e4lt\u00f6 per 100 g: Ravintoarvo: 1411 kJ\/336 kcal Proteiinit: 6,2 g Rasvat: 0,3 g Hiilihydraatit (sokerit): 73,2 g (3 g) Kuitu: 7,7 g S\u00e4ilyt\u00e4 [\u2026]<\/p>","protected":false},"featured_media":6171,"template":"","meta":{"_seopress_robots_primary_cat":"none","_seopress_titles_title":"","_seopress_titles_desc":"","_seopress_robots_index":""},"product_brand":[],"product_cat":[15,100,106],"product_tag":[],"class_list":{"0":"post-11080","1":"product","2":"type-product","3":"status-publish","4":"has-post-thumbnail","6":"product_cat-all-products","7":"product_cat-thickeners","8":"product_cat-new","10":"first","11":"instock","12":"taxable","13":"shipping-taxable","14":"purchasable","15":"product-type-simple"},"_links":{"self":[{"href":"https:\/\/candeebaar.ee\/fi\/wp-json\/wp\/v2\/product\/11080","targetHints":{"allow":["GET"]}}],"collection":[{"href":"https:\/\/candeebaar.ee\/fi\/wp-json\/wp\/v2\/product"}],"about":[{"href":"https:\/\/candeebaar.ee\/fi\/wp-json\/wp\/v2\/types\/product"}],"version-history":[{"count":1,"href":"https:\/\/candeebaar.ee\/fi\/wp-json\/wp\/v2\/product\/11080\/revisions"}],"predecessor-version":[{"id":11081,"href":"https:\/\/candeebaar.ee\/fi\/wp-json\/wp\/v2\/product\/11080\/revisions\/11081"}],"wp:featuredmedia":[{"embeddable":true,"href":"https:\/\/candeebaar.ee\/fi\/wp-json\/wp\/v2\/media\/6171"}],"wp:attachment":[{"href":"https:\/\/candeebaar.ee\/fi\/wp-json\/wp\/v2\/media?parent=11080"}],"wp:term":[{"taxonomy":"product_brand","embeddable":true,"href":"https:\/\/candeebaar.ee\/fi\/wp-json\/wp\/v2\/product_brand?post=11080"},{"taxonomy":"product_cat","embeddable":true,"href":"https:\/\/candeebaar.ee\/fi\/wp-json\/wp\/v2\/product_cat?post=11080"},{"taxonomy":"product_tag","embeddable":true,"href":"https:\/\/candeebaar.ee\/fi\/wp-json\/wp\/v2\/product_tag?post=11080"}],"curies":[{"name":"wp","href":"https:\/\/api.w.org\/{rel}","templated":true}]}}