{"id":11084,"date":"2025-03-10T10:52:05","date_gmt":"2025-03-10T08:52:05","guid":{"rendered":"https:\/\/candeebaar.ee\/?post_type=product&#038;p=11084"},"modified":"2026-03-29T19:38:21","modified_gmt":"2026-03-29T17:38:21","slug":"isomalt-beneo-1000g","status":"publish","type":"product","link":"https:\/\/candeebaar.ee\/fi\/kauppa\/isomalt-beneo-1000g\/","title":{"rendered":"Isomalt &quot;Beneo&quot; 1000g"},"content":{"rendered":"<p>Isomaltia k\u00e4ytet\u00e4\u00e4n karamellimassan valmistukseen.<br \/>\nSe ei muuta v\u00e4ri\u00e4 kuten tavallinen sokeri ja voidaan v\u00e4rj\u00e4t\u00e4.<br \/>\nKakkuihin voidaan luoda ep\u00e4tavallisia koristeita.<br \/>\nSulamisl\u00e4mp\u00f6tila 145 \u00b0C<br \/>\nKuumaa massaa k\u00e4ytett\u00e4ess\u00e4 tulee noudattaa varotoimia!<br \/>\nPaino: 1000g<br \/>\n100g sis\u00e4lt\u00e4\u00e4: 100g hiilihydraatteja<br \/>\n0 rasvaa<br \/>\n0 proteiinia<br \/>\nKoostumus: isomalti E953<br \/>\nS\u00e4ilyvyys: katso. pakkaus<br \/>\nValmistaja: Beneo, Saksa<\/p>","protected":false},"excerpt":{"rendered":"<p>Isomaltia k\u00e4ytet\u00e4\u00e4n karamellimassan valmistukseen. Se ei muuta v\u00e4ri\u00e4 kuten tavallinen sokeri ja voidaan v\u00e4rj\u00e4t\u00e4. Kakkuihin voidaan luoda ep\u00e4tavallisia koristeita. Sulamisl\u00e4mp\u00f6tila 145\u00b0C Kuumaa massaa k\u00e4ytett\u00e4ess\u00e4 tulee noudattaa varotoimia! Paino: 1000g 100g sis\u00e4lt\u00e4\u00e4: 100g hiilihydraatteja 0 rasvoja 0 proteiineja Koostumus: isomalti E953 S\u00e4ilyvyys: ks. pakkaus Valmistaja: [\u2026]<\/p>","protected":false},"featured_media":5074,"template":"","meta":{"_seopress_robots_primary_cat":"none","_seopress_titles_title":"","_seopress_titles_desc":"","_seopress_robots_index":""},"product_brand":[],"product_cat":[182,181,15,102,106],"product_tag":[],"class_list":{"0":"post-11084","1":"product","2":"type-product","3":"status-publish","4":"has-post-thumbnail","6":"product_cat-christmas","7":"product_cat-christmas-new-year","8":"product_cat-all-products","9":"product_cat-sugars","10":"product_cat-new","12":"first","13":"instock","14":"taxable","15":"shipping-taxable","16":"purchasable","17":"product-type-simple"},"_links":{"self":[{"href":"https:\/\/candeebaar.ee\/fi\/wp-json\/wp\/v2\/product\/11084","targetHints":{"allow":["GET"]}}],"collection":[{"href":"https:\/\/candeebaar.ee\/fi\/wp-json\/wp\/v2\/product"}],"about":[{"href":"https:\/\/candeebaar.ee\/fi\/wp-json\/wp\/v2\/types\/product"}],"version-history":[{"count":2,"href":"https:\/\/candeebaar.ee\/fi\/wp-json\/wp\/v2\/product\/11084\/revisions"}],"predecessor-version":[{"id":14556,"href":"https:\/\/candeebaar.ee\/fi\/wp-json\/wp\/v2\/product\/11084\/revisions\/14556"}],"wp:featuredmedia":[{"embeddable":true,"href":"https:\/\/candeebaar.ee\/fi\/wp-json\/wp\/v2\/media\/5074"}],"wp:attachment":[{"href":"https:\/\/candeebaar.ee\/fi\/wp-json\/wp\/v2\/media?parent=11084"}],"wp:term":[{"taxonomy":"product_brand","embeddable":true,"href":"https:\/\/candeebaar.ee\/fi\/wp-json\/wp\/v2\/product_brand?post=11084"},{"taxonomy":"product_cat","embeddable":true,"href":"https:\/\/candeebaar.ee\/fi\/wp-json\/wp\/v2\/product_cat?post=11084"},{"taxonomy":"product_tag","embeddable":true,"href":"https:\/\/candeebaar.ee\/fi\/wp-json\/wp\/v2\/product_tag?post=11084"}],"curies":[{"name":"wp","href":"https:\/\/api.w.org\/{rel}","templated":true}]}}