{"id":11109,"date":"2025-03-10T16:52:05","date_gmt":"2025-03-10T14:52:05","guid":{"rendered":"https:\/\/candeebaar.ee\/?post_type=product&#038;p=11109"},"modified":"2026-04-07T21:32:06","modified_gmt":"2026-04-07T19:32:06","slug":"albumiini-500-g","status":"publish","type":"product","link":"https:\/\/candeebaar.ee\/fi\/kauppa\/albumiini-500-g\/","title":{"rendered":"Albumiini 500 g"},"content":{"rendered":"<p>Albumiini, joka tunnetaan my\u00f6s munanvalkuaisena, on loistava ratkaisu kondiittoreille ja leipureille, jotka etsiv\u00e4t k\u00e4tev\u00e4\u00e4 ja tehokasta vaihtoehtoa tuoreelle munavalkuaiselle. Tuote on valmistettu korkealaatuisimmista kananmunista, mik\u00e4 takaa turvallisuuden ja luotettavuuden jokaisessa keitti\u00f6ss\u00e4.<\/p>\n<p>Tuotteen tekniset tiedot:<br \/>\nAinesosat: H\u00e4kkikanojen munanvalkuainen, E1505 trietyylisitraatti (vaahdon stabilointiaine)<br \/>\nProteiinipitoisuus: 82-86 g<br \/>\nRasvapitoisuus: 0,1-0,3 g<br \/>\nMuoto: Jauhe<br \/>\nSaanto: 100 g jauhetta + 900 ml vett\u00e4 = 1 kg nestem\u00e4ist\u00e4 proteiinia (noin 34 munanvalkuaista)<br \/>\nSovellus:<br \/>\nVaahtoava albumiini on eritt\u00e4in monipuolinen ja sit\u00e4 k\u00e4ytet\u00e4\u00e4n monissa resepteiss\u00e4:<\/p>\n<p>Albumiini macaroneille \u2013 tarjoaa erinomaisen rakenteen ja kest\u00e4vyyden<br \/>\nAlbumiini marenkiin \u2013 muodostaa j\u00e4yk\u00e4n ja vakaan vaahdon<br \/>\nT\u00e4ydellinen vaahtokarkkeihin, l\u00e4mpim\u00e4\u00e4n j\u00e4\u00e4tel\u00f6\u00f6n, kookoskekseihin, browniesiin ja muihin makeisiin tuotteisiin.<br \/>\nLis\u00e4ys kakkuihin, voiteisiin, kekseihin, kastikkeisiin ja pikaj\u00e4lkiruokiin.<br \/>\nT\u00e4rkeimm\u00e4t edut:<br \/>\nPitk\u00e4 s\u00e4ilyvyys<br \/>\nTurvallisuus past\u00f6roinnin avulla<br \/>\nHelppo s\u00e4ilytt\u00e4\u00e4 ja kuljettaa<br \/>\nKorkea suorituskyky ja tilaa s\u00e4\u00e4st\u00e4v\u00e4<br \/>\nK\u00e4ytt\u00f6ohjeet:<br \/>\nNestem\u00e4isen proteiinin valmistamiseksi sekoita jauhemaista albumiinia veteen suhteessa 1:9. Liuotettuaan saat tuotteen, jolla on tuoreen munanvalkuaisen ominaisuudet.<br \/>\nTuotanto: Puola<\/p>","protected":false},"excerpt":{"rendered":"<p>Albumiini, joka tunnetaan my\u00f6s munanvalkuaisena, on loistava ratkaisu kondiittoreille ja leipureille, jotka etsiv\u00e4t k\u00e4tev\u00e4\u00e4 ja tehokasta vaihtoehtoa tuoreelle munanvalkuaiselle. Tuote on valmistettu korkealaatuisimmista kananmunista, mik\u00e4 takaa turvallisuuden ja luotettavuuden jokaisessa keitti\u00f6ss\u00e4. Tuotetiedot: Ainesosat: H\u00e4kkikananmunanvalkuainen [\u2026]<\/p>","protected":false},"featured_media":11098,"template":"","meta":{"_seopress_robots_primary_cat":"none","_seopress_titles_title":"","_seopress_titles_desc":"","_seopress_robots_index":""},"product_brand":[],"product_cat":[178,15,100,106],"product_tag":[],"class_list":{"0":"post-11109","1":"product","2":"type-product","3":"status-publish","4":"has-post-thumbnail","6":"product_cat-easter-products","7":"product_cat-all-products","8":"product_cat-thickeners","9":"product_cat-new","11":"first","12":"instock","13":"taxable","14":"shipping-taxable","15":"purchasable","16":"product-type-simple"},"_links":{"self":[{"href":"https:\/\/candeebaar.ee\/fi\/wp-json\/wp\/v2\/product\/11109","targetHints":{"allow":["GET"]}}],"collection":[{"href":"https:\/\/candeebaar.ee\/fi\/wp-json\/wp\/v2\/product"}],"about":[{"href":"https:\/\/candeebaar.ee\/fi\/wp-json\/wp\/v2\/types\/product"}],"version-history":[{"count":1,"href":"https:\/\/candeebaar.ee\/fi\/wp-json\/wp\/v2\/product\/11109\/revisions"}],"predecessor-version":[{"id":11110,"href":"https:\/\/candeebaar.ee\/fi\/wp-json\/wp\/v2\/product\/11109\/revisions\/11110"}],"wp:featuredmedia":[{"embeddable":true,"href":"https:\/\/candeebaar.ee\/fi\/wp-json\/wp\/v2\/media\/11098"}],"wp:attachment":[{"href":"https:\/\/candeebaar.ee\/fi\/wp-json\/wp\/v2\/media?parent=11109"}],"wp:term":[{"taxonomy":"product_brand","embeddable":true,"href":"https:\/\/candeebaar.ee\/fi\/wp-json\/wp\/v2\/product_brand?post=11109"},{"taxonomy":"product_cat","embeddable":true,"href":"https:\/\/candeebaar.ee\/fi\/wp-json\/wp\/v2\/product_cat?post=11109"},{"taxonomy":"product_tag","embeddable":true,"href":"https:\/\/candeebaar.ee\/fi\/wp-json\/wp\/v2\/product_tag?post=11109"}],"curies":[{"name":"wp","href":"https:\/\/api.w.org\/{rel}","templated":true}]}}