{"id":11139,"date":"2025-03-12T10:04:50","date_gmt":"2025-03-12T08:04:50","guid":{"rendered":"https:\/\/candeebaar.ee\/?post_type=product&#038;p=11139"},"modified":"2025-06-16T13:26:51","modified_gmt":"2025-06-16T11:26:51","slug":"paallystetty-mallintahna-1000g-valkoinen","status":"publish","type":"product","link":"https:\/\/candeebaar.ee\/fi\/kauppa\/paallystetty-mallintahna-1000g-valkoinen\/","title":{"rendered":"Laped mallintahna 1000g (valkoinen)"},"content":{"rendered":"<p>K\u00e4ytt\u00f6valmis muotoileva sokeritahna, helppo v\u00e4rj\u00e4t\u00e4 geeli- tai jauhevesiliukoisilla v\u00e4riaineilla.<br \/>\nPaino: 1000g<br \/>\nAinesosat: sokeri, glukoosisiirappi, kasvirasvat (hydratut (palmu, kookos, shea); kaakaovoi), perunat\u00e4rkkelys, maissit\u00e4rkkelys, emulgointiaine: rasvahappojen monodiglyseridit E471.<br \/>\nSis\u00e4lt\u00f6 per 100g:<br \/>\nEnergiaa: 481kcal\/2015kJ<br \/>\nRasvat (tyydyttyneet): 22,3 (21,7) g<br \/>\nKarbonaatit (sokerit): 69,9 (48,1) g<br \/>\nProteiinia: 0 g<br \/>\nSuola: 0 g<br \/>\nS\u00e4ilyt\u00e4 viile\u00e4ss\u00e4, pime\u00e4ss\u00e4 paikassa tiiviisti suljettuna.<br \/>\nParasta ennen (er\u00e4numero): 07.06.2026 (24342100MB)<br \/>\nTuotanto: Laped, Italia<\/p>","protected":false},"excerpt":{"rendered":"<p>K\u00e4ytt\u00f6valmis muotoileva sokeritahna, helppo v\u00e4rj\u00e4t\u00e4 geeli- tai jauhevesiliukoisilla v\u00e4riaineilla. Paino: 1000g Ainesosat: sokeri, glukoosisiirappi, kasvirasvat (hydratut (palmu, kookos, shea); kaakaovoi), perunat\u00e4rkkelys, maissit\u00e4rkkelys, emulgointiaine: rasvahappojen monodiglyseridit E471. Sis\u00e4lt\u00f6 per 100 g: Energia: 481 kcal\/2015 kJ Rasvat (tyydyttyneet): 22,3 (21,7) g Karbonaatit (sokerit): 69,9 (48,1) g Proteiinit: 0 g Suola: [\u2026]<\/p>","protected":false},"featured_media":11142,"template":"","meta":{"_seopress_robots_primary_cat":"none","_seopress_titles_title":"","_seopress_titles_desc":"","_seopress_robots_index":""},"product_brand":[],"product_cat":[15,102,106],"product_tag":[],"class_list":{"0":"post-11139","1":"product","2":"type-product","3":"status-publish","4":"has-post-thumbnail","6":"product_cat-all-products","7":"product_cat-sugars","8":"product_cat-new","10":"first","11":"outofstock","12":"taxable","13":"shipping-taxable","14":"purchasable","15":"product-type-simple"},"_links":{"self":[{"href":"https:\/\/candeebaar.ee\/fi\/wp-json\/wp\/v2\/product\/11139","targetHints":{"allow":["GET"]}}],"collection":[{"href":"https:\/\/candeebaar.ee\/fi\/wp-json\/wp\/v2\/product"}],"about":[{"href":"https:\/\/candeebaar.ee\/fi\/wp-json\/wp\/v2\/types\/product"}],"version-history":[{"count":1,"href":"https:\/\/candeebaar.ee\/fi\/wp-json\/wp\/v2\/product\/11139\/revisions"}],"predecessor-version":[{"id":11143,"href":"https:\/\/candeebaar.ee\/fi\/wp-json\/wp\/v2\/product\/11139\/revisions\/11143"}],"wp:featuredmedia":[{"embeddable":true,"href":"https:\/\/candeebaar.ee\/fi\/wp-json\/wp\/v2\/media\/11142"}],"wp:attachment":[{"href":"https:\/\/candeebaar.ee\/fi\/wp-json\/wp\/v2\/media?parent=11139"}],"wp:term":[{"taxonomy":"product_brand","embeddable":true,"href":"https:\/\/candeebaar.ee\/fi\/wp-json\/wp\/v2\/product_brand?post=11139"},{"taxonomy":"product_cat","embeddable":true,"href":"https:\/\/candeebaar.ee\/fi\/wp-json\/wp\/v2\/product_cat?post=11139"},{"taxonomy":"product_tag","embeddable":true,"href":"https:\/\/candeebaar.ee\/fi\/wp-json\/wp\/v2\/product_tag?post=11139"}],"curies":[{"name":"wp","href":"https:\/\/api.w.org\/{rel}","templated":true}]}}