{"id":11157,"date":"2025-03-12T14:19:04","date_gmt":"2025-03-12T12:19:04","guid":{"rendered":"https:\/\/candeebaar.ee\/?post_type=product&#038;p=11157"},"modified":"2026-02-03T15:49:43","modified_gmt":"2026-02-03T13:49:43","slug":"paperi-tayteaine-pinkki-100g","status":"publish","type":"product","link":"https:\/\/candeebaar.ee\/fi\/kauppa\/paperi-tayteaine-pinkki-100g\/","title":{"rendered":"Paperi t\u00e4yteaine 100g vaaleanpunainen"},"content":{"rendered":"<p>Monik\u00e4ytt\u00f6inen koristepaperi t\u00e4yteaine.<br \/>\nPaino: 100g<br \/>\nV\u00e4ri: pinkki<\/p>","protected":false},"excerpt":{"rendered":"<p>Monik\u00e4ytt\u00f6inen koristeellinen paperit\u00e4yte. Paino: 100g V\u00e4ri: pinkki<\/p>","protected":false},"featured_media":11158,"template":"","meta":{"_seopress_robots_primary_cat":"none","_seopress_titles_title":"","_seopress_titles_desc":"","_seopress_robots_index":""},"product_brand":[],"product_cat":[182,181,15,93,95,106],"product_tag":[],"class_list":{"0":"post-11157","1":"product","2":"type-product","3":"status-publish","4":"has-post-thumbnail","6":"product_cat-christmas","7":"product_cat-christmas-new-year","8":"product_cat-all-products","9":"product_cat-gift-packaging","10":"product_cat-plastic-and-paper-bags","11":"product_cat-new","13":"first","14":"instock","15":"taxable","16":"shipping-taxable","17":"purchasable","18":"product-type-simple"},"_links":{"self":[{"href":"https:\/\/candeebaar.ee\/fi\/wp-json\/wp\/v2\/product\/11157","targetHints":{"allow":["GET"]}}],"collection":[{"href":"https:\/\/candeebaar.ee\/fi\/wp-json\/wp\/v2\/product"}],"about":[{"href":"https:\/\/candeebaar.ee\/fi\/wp-json\/wp\/v2\/types\/product"}],"version-history":[{"count":1,"href":"https:\/\/candeebaar.ee\/fi\/wp-json\/wp\/v2\/product\/11157\/revisions"}],"predecessor-version":[{"id":11159,"href":"https:\/\/candeebaar.ee\/fi\/wp-json\/wp\/v2\/product\/11157\/revisions\/11159"}],"wp:featuredmedia":[{"embeddable":true,"href":"https:\/\/candeebaar.ee\/fi\/wp-json\/wp\/v2\/media\/11158"}],"wp:attachment":[{"href":"https:\/\/candeebaar.ee\/fi\/wp-json\/wp\/v2\/media?parent=11157"}],"wp:term":[{"taxonomy":"product_brand","embeddable":true,"href":"https:\/\/candeebaar.ee\/fi\/wp-json\/wp\/v2\/product_brand?post=11157"},{"taxonomy":"product_cat","embeddable":true,"href":"https:\/\/candeebaar.ee\/fi\/wp-json\/wp\/v2\/product_cat?post=11157"},{"taxonomy":"product_tag","embeddable":true,"href":"https:\/\/candeebaar.ee\/fi\/wp-json\/wp\/v2\/product_tag?post=11157"}],"curies":[{"name":"wp","href":"https:\/\/api.w.org\/{rel}","templated":true}]}}