{"id":11449,"date":"2025-04-02T10:02:03","date_gmt":"2025-04-02T08:02:03","guid":{"rendered":"https:\/\/candeebaar.ee\/?post_type=product&#038;p=11449"},"modified":"2026-04-06T22:55:00","modified_gmt":"2026-04-06T20:55:00","slug":"kuivattuja-perovskia-kukkia-laventeli-vari-20g","status":"publish","type":"product","link":"https:\/\/candeebaar.ee\/fi\/kauppa\/kuivattuja-perovskia-kukkia-laventeli-vari-20g\/","title":{"rendered":"Kuivatut Mallow Flowers (laventelin v\u00e4ri) 15g"},"content":{"rendered":"<p>Kuivaa malvakukkia, anna laventelin v\u00e4ri\u00e4, kaunis luonnontuote eri tarkoituksiin.<br \/>\nPaino: 15g<br \/>\nKukkien koko: 1 cm<br \/>\nAlkuper\u00e4: Turkki<\/p>","protected":false},"excerpt":{"rendered":"<p>Kuivaa malvakukkia, anna laventelin v\u00e4ri\u00e4, kaunis luonnontuote eri tarkoituksiin. Paino: 15g Kukkien koko: 1cm Alkuper\u00e4: Turkki<\/p>","protected":false},"featured_media":11450,"template":"","meta":{"_seopress_robots_primary_cat":"none","_seopress_titles_title":"","_seopress_titles_desc":"","_seopress_robots_index":""},"product_brand":[],"product_cat":[180,15,98,106],"product_tag":[],"class_list":{"0":"post-11449","1":"product","2":"type-product","3":"status-publish","4":"has-post-thumbnail","6":"product_cat-wedding-products","7":"product_cat-all-products","8":"product_cat-dry-and-sublimated-products","9":"product_cat-new","11":"first","12":"instock","13":"sale","14":"taxable","15":"shipping-taxable","16":"purchasable","17":"product-type-simple"},"_links":{"self":[{"href":"https:\/\/candeebaar.ee\/fi\/wp-json\/wp\/v2\/product\/11449","targetHints":{"allow":["GET"]}}],"collection":[{"href":"https:\/\/candeebaar.ee\/fi\/wp-json\/wp\/v2\/product"}],"about":[{"href":"https:\/\/candeebaar.ee\/fi\/wp-json\/wp\/v2\/types\/product"}],"version-history":[{"count":4,"href":"https:\/\/candeebaar.ee\/fi\/wp-json\/wp\/v2\/product\/11449\/revisions"}],"predecessor-version":[{"id":13548,"href":"https:\/\/candeebaar.ee\/fi\/wp-json\/wp\/v2\/product\/11449\/revisions\/13548"}],"wp:featuredmedia":[{"embeddable":true,"href":"https:\/\/candeebaar.ee\/fi\/wp-json\/wp\/v2\/media\/11450"}],"wp:attachment":[{"href":"https:\/\/candeebaar.ee\/fi\/wp-json\/wp\/v2\/media?parent=11449"}],"wp:term":[{"taxonomy":"product_brand","embeddable":true,"href":"https:\/\/candeebaar.ee\/fi\/wp-json\/wp\/v2\/product_brand?post=11449"},{"taxonomy":"product_cat","embeddable":true,"href":"https:\/\/candeebaar.ee\/fi\/wp-json\/wp\/v2\/product_cat?post=11449"},{"taxonomy":"product_tag","embeddable":true,"href":"https:\/\/candeebaar.ee\/fi\/wp-json\/wp\/v2\/product_tag?post=11449"}],"curies":[{"name":"wp","href":"https:\/\/api.w.org\/{rel}","templated":true}]}}