{"id":11539,"date":"2025-04-07T08:16:29","date_gmt":"2025-04-07T06:16:29","guid":{"rendered":"https:\/\/candeebaar.ee\/?post_type=product&#038;p=11539"},"modified":"2025-05-02T08:50:23","modified_gmt":"2025-05-02T06:50:23","slug":"sokeroitu-kirsikka-100-g-sallistella","status":"publish","type":"product","link":"https:\/\/candeebaar.ee\/fi\/kauppa\/sokeroitu-kirsikka-100-g-sallistella\/","title":{"rendered":"Sokeroitu kirsikka 100 g Sallistelta"},"content":{"rendered":"<div dir=\"auto\">Ainesosat: kirsikat, glukoosi-fruktoosisiirappi, sokeri, v\u00e4riaine E330, v\u00e4rit E150a, E133, happamuudens\u00e4\u00e4t\u00f6aine E330, s\u00e4il\u00f6nt\u00e4aine (RIKKIDIOKSIDI). Saattaa sis\u00e4lt\u00e4\u00e4 kirsikkakivi\u00e4.<\/div>\n<div dir=\"auto\">\n<div dir=\"auto\">Ravintoarvo per 100 g:<\/div>\n<div dir=\"auto\">Energiaa: 1313 kJ \/ 314 kcal<\/div>\n<div dir=\"auto\">Rasva: 0 g<br \/>\nHiilihydraatit: 78 g, josta sokereita 70 g<br \/>\nKuitu: 1 g<\/div>\n<div dir=\"auto\">Proteiinia: 0 g<br \/>\nSuola: 0,02 g<br \/>\nValmistaja: Salliselta, Hollanti<\/div>\n<\/div>","protected":false},"excerpt":{"rendered":"<p>Ainesosat: kirsikat, glukoosi-fruktoosisiirappi, sokeri, v\u00e4riaine E330, v\u00e4rit E150a, E133, happamuudens\u00e4\u00e4t\u00f6aine E330, s\u00e4il\u00f6nt\u00e4aine (RIKKIDIOKSIDI). Saattaa sis\u00e4lt\u00e4\u00e4 kirsikkakivi\u00e4. Ravintoarvo per 100 g: Energia: 1313 kJ \/ 314 kcal Rasva: 0 g Hiilihydraatit: 78 g josta sokeria 70 g Kuitu: 1 g Proteiini: 0 g Suola: 0,02 g Valmistaja: Salliselta, Hollanti<\/p>","protected":false},"featured_media":11540,"template":"","meta":{"_seopress_robots_primary_cat":"none","_seopress_titles_title":"","_seopress_titles_desc":"","_seopress_robots_index":""},"product_brand":[],"product_cat":[178,15,98],"product_tag":[],"class_list":{"0":"post-11539","1":"product","2":"type-product","3":"status-publish","4":"has-post-thumbnail","6":"product_cat-easter-products","7":"product_cat-all-products","8":"product_cat-dry-and-sublimated-products","10":"first","11":"outofstock","12":"taxable","13":"shipping-taxable","14":"purchasable","15":"product-type-simple"},"_links":{"self":[{"href":"https:\/\/candeebaar.ee\/fi\/wp-json\/wp\/v2\/product\/11539","targetHints":{"allow":["GET"]}}],"collection":[{"href":"https:\/\/candeebaar.ee\/fi\/wp-json\/wp\/v2\/product"}],"about":[{"href":"https:\/\/candeebaar.ee\/fi\/wp-json\/wp\/v2\/types\/product"}],"version-history":[{"count":2,"href":"https:\/\/candeebaar.ee\/fi\/wp-json\/wp\/v2\/product\/11539\/revisions"}],"predecessor-version":[{"id":11543,"href":"https:\/\/candeebaar.ee\/fi\/wp-json\/wp\/v2\/product\/11539\/revisions\/11543"}],"wp:featuredmedia":[{"embeddable":true,"href":"https:\/\/candeebaar.ee\/fi\/wp-json\/wp\/v2\/media\/11540"}],"wp:attachment":[{"href":"https:\/\/candeebaar.ee\/fi\/wp-json\/wp\/v2\/media?parent=11539"}],"wp:term":[{"taxonomy":"product_brand","embeddable":true,"href":"https:\/\/candeebaar.ee\/fi\/wp-json\/wp\/v2\/product_brand?post=11539"},{"taxonomy":"product_cat","embeddable":true,"href":"https:\/\/candeebaar.ee\/fi\/wp-json\/wp\/v2\/product_cat?post=11539"},{"taxonomy":"product_tag","embeddable":true,"href":"https:\/\/candeebaar.ee\/fi\/wp-json\/wp\/v2\/product_tag?post=11539"}],"curies":[{"name":"wp","href":"https:\/\/api.w.org\/{rel}","templated":true}]}}