{"id":11626,"date":"2025-04-09T13:04:21","date_gmt":"2025-04-09T11:04:21","guid":{"rendered":"https:\/\/candeebaar.ee\/?post_type=product&#038;p=11626"},"modified":"2026-02-13T15:43:53","modified_gmt":"2026-02-13T13:43:53","slug":"rypaleen-varinen-myllyoljysekoitus-20ml","status":"publish","type":"product","link":"https:\/\/candeebaar.ee\/fi\/kauppa\/rypaleen-varinen-myllyoljysekoitus-20ml\/","title":{"rendered":"Merlot \u2013 Color Mill Oil Blend 20ml"},"content":{"rendered":"<p>Geelipohjainen \u00f6ljyinen elintarvikev\u00e4ri sopii erinomaisesti suklaalle ja muille rasvamassoille. Huomaa, ett\u00e4 v\u00e4riaine vaatii jonkin aikaa liukenemaan, joten lis\u00e4\u00e4 vain pieni\u00e4 m\u00e4\u00e4ri\u00e4 parhaan tuloksen saavuttamiseksi.<br \/>\nAinekset:<br \/>\nGlyseroli, rypsi\u00f6ljy, lesitiini, v\u00e4riaineet (E120, E172)<br \/>\nTuotanto: Australia<\/p>","protected":false},"excerpt":{"rendered":"<p>Geelipohjainen \u00f6ljyinen elintarvikev\u00e4ri sopii erinomaisesti suklaalle ja muille rasvamassoille. Huomaa, ett\u00e4 v\u00e4riaine vaatii jonkin aikaa liukenemaan, joten lis\u00e4\u00e4 vain pieni\u00e4 m\u00e4\u00e4ri\u00e4 parhaan tuloksen saavuttamiseksi. Ainesosat: glyseroli, rypsi\u00f6ljy, lesitiini, v\u00e4riaineet (E120, E172) Tuotanto: Australia<\/p>","protected":false},"featured_media":11630,"template":"","meta":{"_seopress_robots_primary_cat":"none","_seopress_titles_title":"%%post_title%% %%sitetitle%%","_seopress_titles_desc":"Gel based oil food coloring is perfect for chocolate and other fat masses. Production: Australia","_seopress_robots_index":""},"product_brand":[],"product_cat":[15,176,106],"product_tag":[],"class_list":{"0":"post-11626","1":"product","2":"type-product","3":"status-publish","4":"has-post-thumbnail","6":"product_cat-all-products","7":"product_cat-gel-dyes-fat-soluble","8":"product_cat-new","10":"first","11":"outofstock","12":"taxable","13":"shipping-taxable","14":"purchasable","15":"product-type-simple"},"_links":{"self":[{"href":"https:\/\/candeebaar.ee\/fi\/wp-json\/wp\/v2\/product\/11626","targetHints":{"allow":["GET"]}}],"collection":[{"href":"https:\/\/candeebaar.ee\/fi\/wp-json\/wp\/v2\/product"}],"about":[{"href":"https:\/\/candeebaar.ee\/fi\/wp-json\/wp\/v2\/types\/product"}],"version-history":[{"count":3,"href":"https:\/\/candeebaar.ee\/fi\/wp-json\/wp\/v2\/product\/11626\/revisions"}],"predecessor-version":[{"id":11631,"href":"https:\/\/candeebaar.ee\/fi\/wp-json\/wp\/v2\/product\/11626\/revisions\/11631"}],"wp:featuredmedia":[{"embeddable":true,"href":"https:\/\/candeebaar.ee\/fi\/wp-json\/wp\/v2\/media\/11630"}],"wp:attachment":[{"href":"https:\/\/candeebaar.ee\/fi\/wp-json\/wp\/v2\/media?parent=11626"}],"wp:term":[{"taxonomy":"product_brand","embeddable":true,"href":"https:\/\/candeebaar.ee\/fi\/wp-json\/wp\/v2\/product_brand?post=11626"},{"taxonomy":"product_cat","embeddable":true,"href":"https:\/\/candeebaar.ee\/fi\/wp-json\/wp\/v2\/product_cat?post=11626"},{"taxonomy":"product_tag","embeddable":true,"href":"https:\/\/candeebaar.ee\/fi\/wp-json\/wp\/v2\/product_tag?post=11626"}],"curies":[{"name":"wp","href":"https:\/\/api.w.org\/{rel}","templated":true}]}}