{"id":11634,"date":"2025-04-09T13:19:55","date_gmt":"2025-04-09T11:19:55","guid":{"rendered":"https:\/\/candeebaar.ee\/?post_type=product&#038;p=11634"},"modified":"2025-05-03T13:46:54","modified_gmt":"2025-05-03T11:46:54","slug":"sprinkleet-munkkiruukku-45g","status":"publish","type":"product","link":"https:\/\/candeebaar.ee\/fi\/kauppa\/sprinkleet-munkkiruukku-45g\/","title":{"rendered":"Sprinkleet \u201cDonut Rush\u201d 45g"},"content":{"rendered":"<p>Sprinkleet sekoitetaan.<\/p>\n<p>Sokeri, t\u00e4rkkelys (<strong>VEHN\u00c4<\/strong>, maissi, peruna, riisi), jauhot (riisi),\u00a0<strong>VEHN\u00c4<\/strong>\u00a0mannasuurimot, kasvi\u00f6ljyt (rypsi, t\u00e4ysin hydrattu rapsi, kookos), glukoosisiirappi, dekstroosi, maltodekstriini, kokonaiset\u00a0<strong>MAITO<\/strong>\u00a0jauhe, kaakaovoi, kaakaomassa, v\u00e4ri (E100, E102*, E120, E133), elintarvikev\u00e4ri (omenatiiviste, mustaherukka, retiisi), aromi, luonnollinen vanilja-aromi, pintak\u00e4sittelyaine (E901, E903, E904), sakeuttamisaine (E414), juokseva emulsiaine\u00a0<strong>SOIJA<\/strong>), E473), irrotusaine (E470b, E553b). Saattaa sis\u00e4lt\u00e4\u00e4 j\u00e4lki\u00e4\u00a0<strong>P\u00c4HKIN\u00c4T<\/strong>. *&quot;E102: Saattaa vaikuttaa haitallisesti lasten aktiivisuuteen ja tarkkaavaisuuteen&quot;.<\/p>\n<p>Ravintotiedot per 100g:<\/p>\n<p>kcal: 414; kj: 1748; rasva: 5,5 g; josta tyydyttynytt\u00e4: 3,4g; hiilihydraatit: 88,4g; josta sokereita: 70,6 g; proteiini: 1,5 g; suolaa: 0,1 g<\/p>\n<p>Ei sovellu alle 3-vuotiaille lapsille. Jotkut elementit voivat olla hampaille hankalia.<br \/>\nValmistaja: Saksa<br \/>\nS\u00e4ilyvyys: toukokuu 2026<\/p>","protected":false},"excerpt":{"rendered":"<p>Sprinkleet sekoitetaan. Sokeri, t\u00e4rkkelys (VEHN\u00c4, maissi, peruna, riisi), jauhot (riisi), VEHN\u00c4MANNA, kasvi\u00f6ljyt (rypsi, t\u00e4ysin hydrattu rypsi, kookos), glukoosisiirappi, dekstroosi, maltodekstriini, t\u00e4ysmaitojauhe, kaakaovoi, kaakaomassa, v\u00e4rit (E1020*, E10200*, E10200, E3, E3 (omenatiiviste, mustaherukka, retiisi), aromi, luonnollinen vanilja-aromi, pintak\u00e4sittelyaine (E901, E903, E904), sakeuttamisaine (E414), emulgointiaine (lesitiini (auringonkukka, SOIJA), E473), irrotusaine [\u2026]<\/p>","protected":false},"featured_media":11635,"template":"","meta":{"_seopress_robots_primary_cat":"none","_seopress_titles_title":"","_seopress_titles_desc":"","_seopress_robots_index":""},"product_brand":[],"product_cat":[15,104],"product_tag":[],"class_list":{"0":"post-11634","1":"product","2":"type-product","3":"status-publish","4":"has-post-thumbnail","6":"product_cat-all-products","7":"product_cat-sprinkles","9":"first","10":"outofstock","11":"taxable","12":"shipping-taxable","13":"purchasable","14":"product-type-simple"},"_links":{"self":[{"href":"https:\/\/candeebaar.ee\/fi\/wp-json\/wp\/v2\/product\/11634","targetHints":{"allow":["GET"]}}],"collection":[{"href":"https:\/\/candeebaar.ee\/fi\/wp-json\/wp\/v2\/product"}],"about":[{"href":"https:\/\/candeebaar.ee\/fi\/wp-json\/wp\/v2\/types\/product"}],"version-history":[{"count":1,"href":"https:\/\/candeebaar.ee\/fi\/wp-json\/wp\/v2\/product\/11634\/revisions"}],"predecessor-version":[{"id":11636,"href":"https:\/\/candeebaar.ee\/fi\/wp-json\/wp\/v2\/product\/11634\/revisions\/11636"}],"wp:featuredmedia":[{"embeddable":true,"href":"https:\/\/candeebaar.ee\/fi\/wp-json\/wp\/v2\/media\/11635"}],"wp:attachment":[{"href":"https:\/\/candeebaar.ee\/fi\/wp-json\/wp\/v2\/media?parent=11634"}],"wp:term":[{"taxonomy":"product_brand","embeddable":true,"href":"https:\/\/candeebaar.ee\/fi\/wp-json\/wp\/v2\/product_brand?post=11634"},{"taxonomy":"product_cat","embeddable":true,"href":"https:\/\/candeebaar.ee\/fi\/wp-json\/wp\/v2\/product_cat?post=11634"},{"taxonomy":"product_tag","embeddable":true,"href":"https:\/\/candeebaar.ee\/fi\/wp-json\/wp\/v2\/product_tag?post=11634"}],"curies":[{"name":"wp","href":"https:\/\/api.w.org\/{rel}","templated":true}]}}