{"id":11637,"date":"2025-04-09T13:34:03","date_gmt":"2025-04-09T11:34:03","guid":{"rendered":"https:\/\/candeebaar.ee\/?post_type=product&#038;p=11637"},"modified":"2026-03-10T18:34:53","modified_gmt":"2026-03-10T16:34:53","slug":"sprinkles-rapea-suklaakeksi-45g","status":"publish","type":"product","link":"https:\/\/candeebaar.ee\/fi\/kauppa\/sprinkles-rapea-suklaakeksi-45g\/","title":{"rendered":"Sprinkleet \u201cCrunchy Choco Cookie\u201d 45g"},"content":{"rendered":"<p>Sprinkleet sekoitetaan.<\/p>\n<p>Ainekset:<\/p>\n<p>Sokeri, kaakaovoi, kaakaomassa, kaakaojauhe, kasvi\u00f6ljyt (palmu, rapsi), maissi, luonnollinen vanilja-aromi, vanilliini, glukoosisiirappi, kokonaiset\u00a0<strong>MAITO<\/strong>\u00a0jauhe, jauhot (<strong>VEHN\u00c4<\/strong>, riisi), herajauhe (<strong>MAITO<\/strong>), t\u00e4rkkelys (peruna), mallas (<strong>VEHN\u00c4<\/strong>), tiivistettyn\u00e4\u00a0<strong>MAITO, VEHN\u00c4<\/strong>\u00a0leseet, mallasuute (<strong>OHRA<\/strong>), vesi,\u00a0<strong>MAITO, OHRA<\/strong>\u00a0mallasuute, emulgointiaine (E322 (<strong>SOIJA<\/strong>, auringonkukka), E471), v\u00e4riaine (E150c), kosteuttava aine (E422), suola, pintak\u00e4sittelyaineet (E414*, E904), kalsiumkarbonaatti (E170). Saattaa sis\u00e4lt\u00e4\u00e4 j\u00e4lki\u00e4\u00a0<strong>P\u00c4HKIN\u00c4T<\/strong>. *k\u00e4sittelyn apuv\u00e4line<\/p>\n<p><span style=\"text-decoration: underline;\">Ravitsemustiedot per 100g:<\/span><\/p>\n<p>Kcal: 452; Kj: 1897; Rasva: 15,6 g; josta tyydyttyneit\u00e4: 8,0 g; Hiilihydraatit: 71,3 g; josta sokereita: 61,1; Proteiinia: 4,8 g; Suola: 0,2 g<\/p>\n<p>Ei sovellu alle 3-vuotiaille lapsille. Jotkut elementit voivat olla hampaille hankalia.<br \/>\nValmistaja: Saksa<br \/>\nS\u00e4ilyvyysaika: syyskuu 2027<\/p>","protected":false},"excerpt":{"rendered":"<p>Sprinkleet sekoitetaan. Ainesosat: Sokeri, kaakaovoi, kaakaomassa, kaakaojauhe, kasvi\u00f6ljyt (palmu, rypsi), maissi, luonnollinen vanilja-aromi, vanilliini, glukoosisiirappi, t\u00e4ysMAITOJAUHE, jauhot (VEHN\u00c4, riisi), herajauhe (MAITO), t\u00e4rkkelys (peruna), mallas (VEHN\u00c4), tiivistetty vesi, rintamaito, rintamaito MAITO, OHRAmallasuute, emulgointiaine (E322 (SOIJA, auringonkukka), E471), v\u00e4riaine (E150c), kosteuttava aine (E422), suola, pintak\u00e4sittelyaineet (E414*, E904), kalsium [\u2026]<\/p>","protected":false},"featured_media":11638,"template":"","meta":{"_seopress_robots_primary_cat":"none","_seopress_titles_title":"","_seopress_titles_desc":"","_seopress_robots_index":""},"product_brand":[],"product_cat":[15,104,106],"product_tag":[],"class_list":{"0":"post-11637","1":"product","2":"type-product","3":"status-publish","4":"has-post-thumbnail","6":"product_cat-all-products","7":"product_cat-sprinkles","8":"product_cat-new","10":"first","11":"instock","12":"taxable","13":"shipping-taxable","14":"purchasable","15":"product-type-simple"},"_links":{"self":[{"href":"https:\/\/candeebaar.ee\/fi\/wp-json\/wp\/v2\/product\/11637","targetHints":{"allow":["GET"]}}],"collection":[{"href":"https:\/\/candeebaar.ee\/fi\/wp-json\/wp\/v2\/product"}],"about":[{"href":"https:\/\/candeebaar.ee\/fi\/wp-json\/wp\/v2\/types\/product"}],"version-history":[{"count":4,"href":"https:\/\/candeebaar.ee\/fi\/wp-json\/wp\/v2\/product\/11637\/revisions"}],"predecessor-version":[{"id":14176,"href":"https:\/\/candeebaar.ee\/fi\/wp-json\/wp\/v2\/product\/11637\/revisions\/14176"}],"wp:featuredmedia":[{"embeddable":true,"href":"https:\/\/candeebaar.ee\/fi\/wp-json\/wp\/v2\/media\/11638"}],"wp:attachment":[{"href":"https:\/\/candeebaar.ee\/fi\/wp-json\/wp\/v2\/media?parent=11637"}],"wp:term":[{"taxonomy":"product_brand","embeddable":true,"href":"https:\/\/candeebaar.ee\/fi\/wp-json\/wp\/v2\/product_brand?post=11637"},{"taxonomy":"product_cat","embeddable":true,"href":"https:\/\/candeebaar.ee\/fi\/wp-json\/wp\/v2\/product_cat?post=11637"},{"taxonomy":"product_tag","embeddable":true,"href":"https:\/\/candeebaar.ee\/fi\/wp-json\/wp\/v2\/product_tag?post=11637"}],"curies":[{"name":"wp","href":"https:\/\/api.w.org\/{rel}","templated":true}]}}