{"id":11641,"date":"2025-04-09T13:47:13","date_gmt":"2025-04-09T11:47:13","guid":{"rendered":"https:\/\/candeebaar.ee\/?post_type=product&#038;p=11641"},"modified":"2025-10-25T09:06:20","modified_gmt":"2025-10-25T07:06:20","slug":"sprinkles-ice-ice-baby-45g","status":"publish","type":"product","link":"https:\/\/candeebaar.ee\/fi\/kauppa\/sprinkles-ice-ice-baby-45g\/","title":{"rendered":"Sprinkles \u201cIce Ice Baby\u201d 45g"},"content":{"rendered":"<p>Sprinkleet sekoitetaan.<\/p>\n<p>Ainekset:<\/p>\n<p>Sokeri, t\u00e4rkkelys (<b>VEHN\u00c4<\/b>, maissi, peruna, riisi), jauhot (<b>VEHN\u00c4<\/b>, riisi),\u00a0<b>VEHN\u00c4<\/b>mannasuurimot, kasvi\u00f6ljyt (rypsi, t\u00e4ysin hydrattu rapsi, kookos), glukoosisiirappi, dekstroosi, maltodekstriini, kokonaiset\u00a0<b>MAITO\u00a0<\/b>jauhe, kaakaovoi, kaakaomassa, v\u00e4ri (E100, E120, E132, E133, E162, E173, E174), elintarvikev\u00e4ri (omenatiiviste, porkkanamehu, punajuurimehu, saflori, spirulina, sitruuna), aromi, luonnollinen vanilja-aromi, E4, 901,9 glaz. (E406, E414), emulgointiaine (lesitiini (auringonkukka,\u00a0<b>SOIJA<\/b>), E473), gelatiini (naudanliha), irrotusaine (E470b, E553b). Saattaa sis\u00e4lt\u00e4\u00e4 j\u00e4lki\u00e4\u00a0<b>P\u00c4HKIN\u00c4T<\/b>.<\/p>\n<p>Ravintotiedot per 100g:<\/p>\n<p>kcal: 421; kj: 1775; rasva: 6,6 g; josta tyydyttynytt\u00e4: 4,1g; hiilihydraatit: 87,4g; josta sokereita: 72,9 g; proteiini: 1,7g; suolaa: 0,1 g<\/p>\n<p>Ei sovellu alle 3-vuotiaille lapsille. Jotkut elementit voivat olla hampaille hankalia.<br \/>\nValmistaja: Saksa<br \/>\nS\u00e4ilyvyys: huhtikuu 2026<\/p>","protected":false},"excerpt":{"rendered":"<p>Sprinkleet sekoitetaan. Ainesosat: Sokeri, t\u00e4rkkelys (VEHN\u00c4, maissi, peruna, riisi), jauhot (VEHN\u00c4, riisi), VEHN\u00c4MANUNAT, kasvi\u00f6ljyt (rypsi, t\u00e4ysin hydrattu rypsi, kookos), glukoosisiirappi, dekstroosi, maltodekstriini, t\u00e4ysMAITOJAUHE, kaakaovoi, v\u00e4riaine, E31,0, coakao E133, E162, E173, E174), elintarvikev\u00e4ri (omenatiiviste, porkkanamehu, punajuurimehu, saflori, spirulina, sitruuna), aromi, luonnollinen vanilja-aromi, pintak\u00e4sittelyaine (E901, [\u2026]<\/p>","protected":false},"featured_media":11642,"template":"","meta":{"_seopress_robots_primary_cat":"none","_seopress_titles_title":"","_seopress_titles_desc":"","_seopress_robots_index":""},"product_brand":[],"product_cat":[15,104,106],"product_tag":[],"class_list":{"0":"post-11641","1":"product","2":"type-product","3":"status-publish","4":"has-post-thumbnail","6":"product_cat-all-products","7":"product_cat-sprinkles","8":"product_cat-new","10":"first","11":"outofstock","12":"taxable","13":"shipping-taxable","14":"purchasable","15":"product-type-simple"},"_links":{"self":[{"href":"https:\/\/candeebaar.ee\/fi\/wp-json\/wp\/v2\/product\/11641","targetHints":{"allow":["GET"]}}],"collection":[{"href":"https:\/\/candeebaar.ee\/fi\/wp-json\/wp\/v2\/product"}],"about":[{"href":"https:\/\/candeebaar.ee\/fi\/wp-json\/wp\/v2\/types\/product"}],"version-history":[{"count":1,"href":"https:\/\/candeebaar.ee\/fi\/wp-json\/wp\/v2\/product\/11641\/revisions"}],"predecessor-version":[{"id":11643,"href":"https:\/\/candeebaar.ee\/fi\/wp-json\/wp\/v2\/product\/11641\/revisions\/11643"}],"wp:featuredmedia":[{"embeddable":true,"href":"https:\/\/candeebaar.ee\/fi\/wp-json\/wp\/v2\/media\/11642"}],"wp:attachment":[{"href":"https:\/\/candeebaar.ee\/fi\/wp-json\/wp\/v2\/media?parent=11641"}],"wp:term":[{"taxonomy":"product_brand","embeddable":true,"href":"https:\/\/candeebaar.ee\/fi\/wp-json\/wp\/v2\/product_brand?post=11641"},{"taxonomy":"product_cat","embeddable":true,"href":"https:\/\/candeebaar.ee\/fi\/wp-json\/wp\/v2\/product_cat?post=11641"},{"taxonomy":"product_tag","embeddable":true,"href":"https:\/\/candeebaar.ee\/fi\/wp-json\/wp\/v2\/product_tag?post=11641"}],"curies":[{"name":"wp","href":"https:\/\/api.w.org\/{rel}","templated":true}]}}