{"id":11973,"date":"2025-04-24T09:48:01","date_gmt":"2025-04-24T07:48:01","guid":{"rendered":"https:\/\/candeebaar.ee\/?post_type=product&#038;p=11973"},"modified":"2025-10-26T19:41:12","modified_gmt":"2025-10-26T17:41:12","slug":"kakkulevy-220x15-mm-kulta-musta","status":"publish","type":"product","link":"https:\/\/candeebaar.ee\/fi\/kauppa\/kakkulevy-220x15-mm-kulta-musta\/","title":{"rendered":"Cake Board 220\u00d71,5mm kulta\/musta"},"content":{"rendered":"<p>Kosteudenkest\u00e4v\u00e4 vahvistettu pahvipohja.<br \/>\nTarvitaan j\u00e4lkiruokien asianmukaiseen s\u00e4ilytykseen, kuljetukseen ja tarjoiluun.<br \/>\nPaksuus: 1,5mm<br \/>\nHalkaisija: 220mm<br \/>\nV\u00e4ri: kulta\/musta<\/p>","protected":false},"excerpt":{"rendered":"<p>Kosteutta kest\u00e4v\u00e4 vahvistettu pahvipohja. Tarpeellinen j\u00e4lkiruokien asianmukaiseen s\u00e4ilytykseen, kuljetukseen ja tarjoiluun. Paksuus: 1,5 mm Halkaisija: 220 mm V\u00e4ri: kulta\/musta<\/p>","protected":false},"featured_media":10091,"template":"","meta":{"_seopress_robots_primary_cat":"none","_seopress_titles_title":"","_seopress_titles_desc":"","_seopress_robots_index":""},"product_brand":[],"product_cat":[15,142,106],"product_tag":[],"class_list":{"0":"post-11973","1":"product","2":"type-product","3":"status-publish","4":"has-post-thumbnail","6":"product_cat-all-products","7":"product_cat-22cm","8":"product_cat-new","10":"first","11":"outofstock","12":"taxable","13":"shipping-taxable","14":"purchasable","15":"product-type-simple"},"_links":{"self":[{"href":"https:\/\/candeebaar.ee\/fi\/wp-json\/wp\/v2\/product\/11973","targetHints":{"allow":["GET"]}}],"collection":[{"href":"https:\/\/candeebaar.ee\/fi\/wp-json\/wp\/v2\/product"}],"about":[{"href":"https:\/\/candeebaar.ee\/fi\/wp-json\/wp\/v2\/types\/product"}],"version-history":[{"count":1,"href":"https:\/\/candeebaar.ee\/fi\/wp-json\/wp\/v2\/product\/11973\/revisions"}],"predecessor-version":[{"id":11974,"href":"https:\/\/candeebaar.ee\/fi\/wp-json\/wp\/v2\/product\/11973\/revisions\/11974"}],"wp:featuredmedia":[{"embeddable":true,"href":"https:\/\/candeebaar.ee\/fi\/wp-json\/wp\/v2\/media\/10091"}],"wp:attachment":[{"href":"https:\/\/candeebaar.ee\/fi\/wp-json\/wp\/v2\/media?parent=11973"}],"wp:term":[{"taxonomy":"product_brand","embeddable":true,"href":"https:\/\/candeebaar.ee\/fi\/wp-json\/wp\/v2\/product_brand?post=11973"},{"taxonomy":"product_cat","embeddable":true,"href":"https:\/\/candeebaar.ee\/fi\/wp-json\/wp\/v2\/product_cat?post=11973"},{"taxonomy":"product_tag","embeddable":true,"href":"https:\/\/candeebaar.ee\/fi\/wp-json\/wp\/v2\/product_tag?post=11973"}],"curies":[{"name":"wp","href":"https:\/\/api.w.org\/{rel}","templated":true}]}}