{"id":12001,"date":"2025-04-25T13:34:41","date_gmt":"2025-04-25T11:34:41","guid":{"rendered":"https:\/\/candeebaar.ee\/?post_type=product&#038;p=12001"},"modified":"2026-01-20T11:40:56","modified_gmt":"2026-01-20T09:40:56","slug":"sprinkles-girl-power-45g","status":"publish","type":"product","link":"https:\/\/candeebaar.ee\/fi\/kauppa\/sprinkles-girl-power-45g\/","title":{"rendered":"Sprinkleet \u201cGirl Power\u201d 45g"},"content":{"rendered":"<p>Sprinklej\u00e4 j\u00e4lkiruokien koristeluun.<\/p>\n<p><strong>Ainesosat<\/strong>:<br \/>\nsokeri, dekstroosi, dekstriini, paisutettu riisi (<strong>gluteenia<\/strong>), riisijauho, puhdistettu deodoroitu palmu\u00f6ljy, kookos\u00f6ljy, lesitiini, magnesiumstearaatti, karnaubavaha, karboksimetyyliselluloosa, vanilja-aromi, tomusokeri, maissit\u00e4rkkelys, v\u00e4rit: E124, E174, arabikumi, talkki, sellakka.<br \/>\nSaattaa sis\u00e4lt\u00e4\u00e4 j\u00e4lki\u00e4 <strong>munat, maito ja p\u00e4hkin\u00e4t<\/strong>.<\/p>\n<p>Sis\u00e4lt\u00e4\u00e4 ponzoa (E124) ja voi siksi heikent\u00e4\u00e4 lasten aktiivisuutta ja tarkkaavaisuutta.<\/p>\n<p><strong>Ravitsemustietoa:<\/strong><\/p>\n<table width=\"510\">\n<tbody>\n<tr>\n<td colspan=\"2\" width=\"510\">100g sis\u00e4lt\u00e4\u00e4 keskiarvon:<\/td>\n<\/tr>\n<tr>\n<td width=\"200\">Kaloriarvo<\/td>\n<td width=\"310\">1625,5kJ \/ 385,1kcal<\/td>\n<\/tr>\n<tr>\n<td width=\"200\">Proteiinit<\/td>\n<td width=\"310\">1,07 g<\/td>\n<\/tr>\n<tr>\n<td width=\"200\">Rasvat<\/p>\n<p>\u2013 Kyll\u00e4stynyt<\/td>\n<td width=\"310\">1,21 g<\/p>\n<p>\u2013 0,48 g<\/td>\n<\/tr>\n<tr>\n<td width=\"200\">Kokonaishiilihydraatti - Sokeri<\/td>\n<td width=\"310\">91,3 g - 62,1 g<\/td>\n<\/tr>\n<tr>\n<td width=\"200\">Natrium<\/td>\n<td width=\"310\">0,0 g<\/td>\n<\/tr>\n<\/tbody>\n<\/table>\n<p style=\"font-weight: 400;\">Ei sovellu alle 3-vuotiaille lapsille. Useimmissa elementeiss\u00e4 on pehme\u00e4 riisipohja sis\u00e4ll\u00e4, kun taas jotkut voivat olla kovia.<\/p>\n<p>Valmistaja: Saksa<br \/>\nS\u00e4ilyvyys: joulukuu 2027<\/p>","protected":false},"excerpt":{"rendered":"<p>Sprinklej\u00e4 j\u00e4lkiruokien koristeluun. Ainesosat: Sokeri, dekstroosi, dekstriini, paisutettu riisi (gluteeni), riisijauho, puhdistettu deodorisoitu palmu\u00f6ljy, kookos\u00f6ljy, lesitiini, magnesiumstearaatti, karnaubavaha, karboksimetyyliselluloosa, vanilja-aromi, tomusokeri, maissit\u00e4rkkelys, v\u00e4rit: E124, arllaabikumi, E17,4. Saattaa sis\u00e4lt\u00e4\u00e4 j\u00e4\u00e4mi\u00e4 kananmunasta, maidosta ja p\u00e4hkin\u00f6ist\u00e4. Sis\u00e4lt\u00e4\u00e4 ponzoa (E124) ja voi siksi heikent\u00e4\u00e4 aktiivisuutta ja [\u2026]<\/p>","protected":false},"featured_media":11998,"template":"","meta":{"_seopress_robots_primary_cat":"none","_seopress_titles_title":"","_seopress_titles_desc":"","_seopress_robots_index":""},"product_brand":[],"product_cat":[15,104,106],"product_tag":[],"class_list":{"0":"post-12001","1":"product","2":"type-product","3":"status-publish","4":"has-post-thumbnail","6":"product_cat-all-products","7":"product_cat-sprinkles","8":"product_cat-new","10":"first","11":"outofstock","12":"taxable","13":"shipping-taxable","14":"purchasable","15":"product-type-simple"},"_links":{"self":[{"href":"https:\/\/candeebaar.ee\/fi\/wp-json\/wp\/v2\/product\/12001","targetHints":{"allow":["GET"]}}],"collection":[{"href":"https:\/\/candeebaar.ee\/fi\/wp-json\/wp\/v2\/product"}],"about":[{"href":"https:\/\/candeebaar.ee\/fi\/wp-json\/wp\/v2\/types\/product"}],"version-history":[{"count":3,"href":"https:\/\/candeebaar.ee\/fi\/wp-json\/wp\/v2\/product\/12001\/revisions"}],"predecessor-version":[{"id":12942,"href":"https:\/\/candeebaar.ee\/fi\/wp-json\/wp\/v2\/product\/12001\/revisions\/12942"}],"wp:featuredmedia":[{"embeddable":true,"href":"https:\/\/candeebaar.ee\/fi\/wp-json\/wp\/v2\/media\/11998"}],"wp:attachment":[{"href":"https:\/\/candeebaar.ee\/fi\/wp-json\/wp\/v2\/media?parent=12001"}],"wp:term":[{"taxonomy":"product_brand","embeddable":true,"href":"https:\/\/candeebaar.ee\/fi\/wp-json\/wp\/v2\/product_brand?post=12001"},{"taxonomy":"product_cat","embeddable":true,"href":"https:\/\/candeebaar.ee\/fi\/wp-json\/wp\/v2\/product_cat?post=12001"},{"taxonomy":"product_tag","embeddable":true,"href":"https:\/\/candeebaar.ee\/fi\/wp-json\/wp\/v2\/product_tag?post=12001"}],"curies":[{"name":"wp","href":"https:\/\/api.w.org\/{rel}","templated":true}]}}