{"id":12011,"date":"2025-04-25T14:19:44","date_gmt":"2025-04-25T12:19:44","guid":{"rendered":"https:\/\/candeebaar.ee\/?post_type=product&#038;p=12011"},"modified":"2026-01-05T10:48:04","modified_gmt":"2026-01-05T08:48:04","slug":"sprinkles-love-you-45g","status":"publish","type":"product","link":"https:\/\/candeebaar.ee\/fi\/kauppa\/sprinkles-love-you-45g\/","title":{"rendered":"Sprinkleet \u201cLove You\u201d 45g"},"content":{"rendered":"<p>Sprinklej\u00e4 j\u00e4lkiruokien koristeluun.<\/p>\n<p><strong>Ainesosat<\/strong>:<\/p>\n<p>valkoista sokeria, vehn\u00e4- ja riisijauhoja (<strong>gluteenia<\/strong>), kasvirasva (osittain hydrattu palmu- ja auringonkukka\u00f6ljy, emulgointiaine (E471), hapettumisenestoaine (E320, E321)), melassi, maissi ja muunneltu maissit\u00e4rkkelys, sakeuttamisaine: tragantti, arabikumi, KMC, pintak\u00e4sittelyaine \u201dKapol\u201d (sellakka, kasvi\u00f6ljy, etanoli, 4 elintarvikev\u00e4ri: E1.2).<\/p>\n<p>Sis\u00e4lt\u00e4\u00e4 E102, E110, E124 ja saattaa siksi heikent\u00e4\u00e4 lasten aktiivisuutta ja tarkkaavaisuutta.<\/p>\n<p>Saattaa sis\u00e4lt\u00e4\u00e4 j\u00e4lki\u00e4 <strong>munat, maito ja p\u00e4hkin\u00e4t<\/strong>.<\/p>\n<p>Sis\u00e4lt\u00e4\u00e4 (E102) ja voi siksi heikent\u00e4\u00e4 lasten aktiivisuutta ja tarkkaavaisuutta.<\/p>\n<p><strong>Ravitsemustietoa:<\/strong><\/p>\n<table style=\"font-weight: 400;\" width=\"552\">\n<thead style=\"font-style: inherit; font-weight: inherit;\">\n<tr style=\"font-style: inherit; font-weight: inherit;\">\n<td style=\"font-style: inherit; font-weight: inherit;\" width=\"250\">\n<p style=\"font-style: inherit; font-weight: inherit;\"><span style=\"font-style: inherit; font-weight: inherit;\">Tyypilliset arvot<\/span><\/p>\n<\/td>\n<td style=\"font-style: inherit; font-weight: inherit;\" width=\"302\">\n<p style=\"font-style: inherit; font-weight: inherit;\"><span style=\"font-style: inherit; font-weight: inherit;\">100g kohti<\/span><\/p>\n<\/td>\n<\/tr>\n<\/thead>\n<tbody style=\"font-style: inherit; font-weight: inherit;\">\n<tr style=\"font-style: inherit; font-weight: inherit;\">\n<td style=\"font-style: inherit; font-weight: inherit;\" width=\"250\">\n<p style=\"font-style: inherit; font-weight: inherit;\"><span style=\"font-style: inherit; font-weight: inherit;\">Energiaa<\/span><\/p>\n<\/td>\n<td style=\"font-style: inherit; font-weight: inherit;\" width=\"302\"><span style=\"font-style: inherit; font-weight: inherit;\">1544<\/span><span style=\"font-style: inherit; font-weight: inherit;\">kJ\/3<\/span><span style=\"font-style: inherit; font-weight: inherit;\">69<\/span><span style=\"font-style: inherit; font-weight: inherit;\">kcal<\/span><\/td>\n<\/tr>\n<tr style=\"font-style: inherit; font-weight: inherit;\">\n<td style=\"font-style: inherit; font-weight: inherit;\" width=\"250\">\n<p style=\"font-style: inherit; font-weight: inherit;\"><span style=\"font-style: inherit; font-weight: inherit;\">Rasvat<\/span><\/p>\n<\/td>\n<td style=\"font-style: inherit; font-weight: inherit;\" width=\"302\"><span style=\"font-style: inherit; font-weight: inherit;\">3,80 g<\/span><\/td>\n<\/tr>\n<tr style=\"font-style: inherit; font-weight: inherit;\">\n<td style=\"font-style: inherit; font-weight: inherit;\" width=\"250\">\n<p style=\"font-style: inherit; font-weight: inherit;\">josta kyll\u00e4stynyt<\/p>\n<\/td>\n<td style=\"font-style: inherit; font-weight: inherit;\" width=\"302\"><span style=\"font-style: inherit; font-weight: inherit;\">1.60<\/span><span style=\"font-style: inherit; font-weight: inherit;\">g<\/span><\/td>\n<\/tr>\n<tr style=\"font-style: inherit; font-weight: inherit;\">\n<td style=\"font-style: inherit; font-weight: inherit;\" width=\"250\">\n<p style=\"font-style: inherit; font-weight: inherit;\">Hiilihydraatti<\/p>\n<\/td>\n<td style=\"font-style: inherit; font-weight: inherit;\" width=\"302\"><span style=\"font-style: inherit; font-weight: inherit;\">82.0<\/span><span style=\"font-style: inherit; font-weight: inherit;\">g<\/span><\/td>\n<\/tr>\n<tr style=\"font-style: inherit; font-weight: inherit;\">\n<td style=\"font-style: inherit; font-weight: inherit;\" width=\"250\">\n<p style=\"font-style: inherit; font-weight: inherit;\">joista sokereita<\/p>\n<\/td>\n<td style=\"font-style: inherit; font-weight: inherit;\" width=\"302\"><span style=\"font-style: inherit; font-weight: inherit;\">67.0<\/span><span style=\"font-style: inherit; font-weight: inherit;\">g<\/span><\/td>\n<\/tr>\n<tr style=\"font-style: inherit; font-weight: inherit;\">\n<td style=\"font-style: inherit; font-weight: inherit;\" width=\"250\">\n<p style=\"font-style: inherit; font-weight: inherit;\"><span style=\"font-style: inherit; font-weight: inherit;\">Proteiini<\/span><\/p>\n<\/td>\n<td style=\"font-style: inherit; font-weight: inherit;\" width=\"302\"><span style=\"font-style: inherit; font-weight: inherit;\">1.70<\/span><span style=\"font-style: inherit; font-weight: inherit;\">g<\/span><\/td>\n<\/tr>\n<tr style=\"font-style: inherit; font-weight: inherit;\">\n<td style=\"font-style: inherit; font-weight: inherit;\" width=\"250\">\n<p style=\"font-style: inherit; font-weight: inherit;\"><span style=\"font-style: inherit; font-weight: inherit;\">Suolaa<\/span><\/p>\n<\/td>\n<td style=\"font-style: inherit; font-weight: inherit;\" width=\"302\"><span style=\"font-style: inherit; font-weight: inherit;\">0.<\/span><span style=\"font-style: inherit; font-weight: inherit;\">00<\/span><span style=\"font-style: inherit; font-weight: inherit;\">g<\/span><\/td>\n<\/tr>\n<\/tbody>\n<\/table>\n<p>&nbsp;<\/p>\n<p style=\"font-weight: 400;\">Ei sovellu alle 3-vuotiaille lapsille.<br \/>\nValmistaja: Saksa<br \/>\nS\u00e4ilyvyys: joulukuu 2027<\/p>","protected":false},"excerpt":{"rendered":"<p>Sprinklej\u00e4 j\u00e4lkiruokien koristeluun. Ainesosat: valkoinen sokeri, vehn\u00e4- ja riisijauho (gluteeni), kasvirasva (osittain hydrattu palmu- ja auringonkukka\u00f6ljy, emulgointiaine (E471), hapettumisenestoaine (E320, E321)), melassi, maissi ja muunneltu maissit\u00e4rkkelys, sakeuttamisaine: tragantti, arabikumi, KMC, kasvisaine, &quot;Kapolhan&quot; v\u00e4ritys: E124. Sis\u00e4lt\u00e4\u00e4 E102, E110, E124 ja saattaa siksi heikent\u00e4\u00e4 aktiivisuutta [\u2026]<\/p>","protected":false},"featured_media":11995,"template":"","meta":{"_seopress_robots_primary_cat":"none","_seopress_titles_title":"","_seopress_titles_desc":"","_seopress_robots_index":""},"product_brand":[],"product_cat":[183,15,104,106],"product_tag":[],"class_list":{"0":"post-12011","1":"product","2":"type-product","3":"status-publish","4":"has-post-thumbnail","6":"product_cat-valentines-day","7":"product_cat-all-products","8":"product_cat-sprinkles","9":"product_cat-new","11":"first","12":"outofstock","13":"taxable","14":"shipping-taxable","15":"purchasable","16":"product-type-simple"},"_links":{"self":[{"href":"https:\/\/candeebaar.ee\/fi\/wp-json\/wp\/v2\/product\/12011","targetHints":{"allow":["GET"]}}],"collection":[{"href":"https:\/\/candeebaar.ee\/fi\/wp-json\/wp\/v2\/product"}],"about":[{"href":"https:\/\/candeebaar.ee\/fi\/wp-json\/wp\/v2\/types\/product"}],"version-history":[{"count":3,"href":"https:\/\/candeebaar.ee\/fi\/wp-json\/wp\/v2\/product\/12011\/revisions"}],"predecessor-version":[{"id":14910,"href":"https:\/\/candeebaar.ee\/fi\/wp-json\/wp\/v2\/product\/12011\/revisions\/14910"}],"wp:featuredmedia":[{"embeddable":true,"href":"https:\/\/candeebaar.ee\/fi\/wp-json\/wp\/v2\/media\/11995"}],"wp:attachment":[{"href":"https:\/\/candeebaar.ee\/fi\/wp-json\/wp\/v2\/media?parent=12011"}],"wp:term":[{"taxonomy":"product_brand","embeddable":true,"href":"https:\/\/candeebaar.ee\/fi\/wp-json\/wp\/v2\/product_brand?post=12011"},{"taxonomy":"product_cat","embeddable":true,"href":"https:\/\/candeebaar.ee\/fi\/wp-json\/wp\/v2\/product_cat?post=12011"},{"taxonomy":"product_tag","embeddable":true,"href":"https:\/\/candeebaar.ee\/fi\/wp-json\/wp\/v2\/product_tag?post=12011"}],"curies":[{"name":"wp","href":"https:\/\/api.w.org\/{rel}","templated":true}]}}