{"id":12019,"date":"2025-04-25T14:33:53","date_gmt":"2025-04-25T12:33:53","guid":{"rendered":"https:\/\/candeebaar.ee\/?post_type=product&#038;p=12019"},"modified":"2025-10-14T22:38:28","modified_gmt":"2025-10-14T20:38:28","slug":"sprinkleet-eid-al-fitr-45g","status":"publish","type":"product","link":"https:\/\/candeebaar.ee\/fi\/kauppa\/sprinkleet-eid-al-fitr-45g\/","title":{"rendered":"Sprinkleet \u201cEid al-Fitr\u201d 45g"},"content":{"rendered":"<p>Sprinklej\u00e4 j\u00e4lkiruokien koristeluun.<\/p>\n<p><strong>Ainesosat<\/strong>:<\/p>\n<p>paisutettu riisi (<strong>gluteenia<\/strong>), tomusokeri, maissit\u00e4rkkelys, v\u00e4riaine: tartratsiini (E102), ponzo 4R (E124), kalsiumkarbonaatti (E170), elintarvikehopea (E174), <strong>vehn\u00e4<\/strong>\u00a0jauhot, vesi, glukoosi, palmu\u00f6ljy (hydraamaton), riisijauho, maltodekstriini, akaasiakumi, p\u00e4\u00e4llystysaine:\u00a0<span lang=\"EN-US\">Capol\u00ae (etanoli, vaha, karnauba (E903), sellakka (E904), mehil\u00e4isvaha (E901))<\/span>.<\/p>\n<p>Saattaa sis\u00e4lt\u00e4\u00e4 j\u00e4lki\u00e4 <strong>munat, maito ja p\u00e4hkin\u00e4t<\/strong>.<\/p>\n<p>Sis\u00e4lt\u00e4\u00e4 tartratsiinia (E102), ponzo 4R (E124) ja voi siksi vaikuttaa lasten aktiivisuuteen ja tarkkaavaisuuteen.<\/p>\n<p><strong>Ravitsemustietoa:<\/strong><\/p>\n<table width=\"510\">\n<tbody>\n<tr>\n<td colspan=\"2\" width=\"510\">100g sis\u00e4lt\u00e4\u00e4 keskiarvon:<\/td>\n<\/tr>\n<tr>\n<td width=\"200\">Kaloriarvo<\/td>\n<td width=\"310\">1638,2kJ \/ 391,2kcal<\/td>\n<\/tr>\n<tr>\n<td width=\"200\">Proteiinit<\/td>\n<td width=\"310\">0,4 g<\/td>\n<\/tr>\n<tr>\n<td width=\"200\">Rasvat<\/p>\n<p>\u2013 Kyll\u00e4stynyt<\/td>\n<td width=\"310\">1,59 g<\/p>\n<p>\u2013 0,67 g<\/td>\n<\/tr>\n<tr>\n<td width=\"200\">Kokonaishiilihydraatti - Sokeri<\/td>\n<td width=\"310\">93,26 g - 73,52 g<\/td>\n<\/tr>\n<tr>\n<td width=\"200\">Suolaa<\/td>\n<td width=\"310\">0,00 g<\/td>\n<\/tr>\n<\/tbody>\n<\/table>\n<p style=\"font-weight: 400;\">Ei sovellu alle 3-vuotiaille lapsille. Useimmissa elementeiss\u00e4 on pehme\u00e4 riisipohja sis\u00e4ll\u00e4, kun taas jotkut voivat olla kovia.<br \/>\nS\u00e4ilyt\u00e4 suljettuna huoneenl\u00e4mm\u00f6ss\u00e4 ja normaalissa (40-75%) kosteudessa.<br \/>\nValmistaja: Saksa<br \/>\nS\u00e4ilyvyys: joulukuu 2026<\/p>","protected":false},"excerpt":{"rendered":"<p>Sprinklej\u00e4 j\u00e4lkiruokien koristeluun. Ainesosat: paisutettu riisi (gluteeni), tomusokeri, maissit\u00e4rkkelys, v\u00e4riaine: tartratsiini (E102), ponzo 4R (E124), kalsiumkarbonaatti (E170), elintarvikehopea (E174), vehn\u00e4jauho, vesi, glukoosi, palmu\u00f6ljy (hydraamaton), riisijauho, maltodekstriini, koetratsiini, wahdolcia, maltodekstriini karnauba (E903), sellakka (E904), mehil\u00e4isvaha (E901)). Saattaa sis\u00e4lt\u00e4\u00e4 j\u00e4\u00e4mi\u00e4 kananmunasta, maidosta ja p\u00e4hkin\u00f6ist\u00e4. Sis\u00e4lt\u00e4\u00e4 tartratsiinia (E102), [\u2026]<\/p>","protected":false},"featured_media":11993,"template":"","meta":{"_seopress_robots_primary_cat":"none","_seopress_titles_title":"","_seopress_titles_desc":"","_seopress_robots_index":""},"product_brand":[],"product_cat":[15,104,106],"product_tag":[],"class_list":{"0":"post-12019","1":"product","2":"type-product","3":"status-publish","4":"has-post-thumbnail","6":"product_cat-all-products","7":"product_cat-sprinkles","8":"product_cat-new","10":"first","11":"outofstock","12":"taxable","13":"shipping-taxable","14":"purchasable","15":"product-type-simple"},"_links":{"self":[{"href":"https:\/\/candeebaar.ee\/fi\/wp-json\/wp\/v2\/product\/12019","targetHints":{"allow":["GET"]}}],"collection":[{"href":"https:\/\/candeebaar.ee\/fi\/wp-json\/wp\/v2\/product"}],"about":[{"href":"https:\/\/candeebaar.ee\/fi\/wp-json\/wp\/v2\/types\/product"}],"version-history":[{"count":2,"href":"https:\/\/candeebaar.ee\/fi\/wp-json\/wp\/v2\/product\/12019\/revisions"}],"predecessor-version":[{"id":12021,"href":"https:\/\/candeebaar.ee\/fi\/wp-json\/wp\/v2\/product\/12019\/revisions\/12021"}],"wp:featuredmedia":[{"embeddable":true,"href":"https:\/\/candeebaar.ee\/fi\/wp-json\/wp\/v2\/media\/11993"}],"wp:attachment":[{"href":"https:\/\/candeebaar.ee\/fi\/wp-json\/wp\/v2\/media?parent=12019"}],"wp:term":[{"taxonomy":"product_brand","embeddable":true,"href":"https:\/\/candeebaar.ee\/fi\/wp-json\/wp\/v2\/product_brand?post=12019"},{"taxonomy":"product_cat","embeddable":true,"href":"https:\/\/candeebaar.ee\/fi\/wp-json\/wp\/v2\/product_cat?post=12019"},{"taxonomy":"product_tag","embeddable":true,"href":"https:\/\/candeebaar.ee\/fi\/wp-json\/wp\/v2\/product_tag?post=12019"}],"curies":[{"name":"wp","href":"https:\/\/api.w.org\/{rel}","templated":true}]}}