{"id":12026,"date":"2025-04-25T14:47:53","date_gmt":"2025-04-25T12:47:53","guid":{"rendered":"https:\/\/candeebaar.ee\/?post_type=product&#038;p=12026"},"modified":"2026-03-27T10:15:24","modified_gmt":"2026-03-27T08:15:24","slug":"strosselit-vaaleanpunaiset-peilihelmet-45g","status":"publish","type":"product","link":"https:\/\/candeebaar.ee\/fi\/kauppa\/strosselit-vaaleanpunaiset-peilihelmet-45g\/","title":{"rendered":"Sprinkles \u201cPink Mirror Pearls\u201d 45g"},"content":{"rendered":"<p>Sprinklej\u00e4 j\u00e4lkiruokien koristeluun. Helmien koko on satunnaisesti 1-10 mm.<\/p>\n<p><strong>Ainesosat<\/strong>:<\/p>\n<p>paisutettu riisi (<strong>gluteenia<\/strong>), tomusokeri, maissit\u00e4rkkelys, elintarvikev\u00e4ri: tartrasiini (E102), Ponzo 4R (E124), pintak\u00e4sittelyaine: Capol (sellakka, kasvi\u00f6ljy, etanoli).<\/p>\n<p>Sis\u00e4lt\u00e4\u00e4 tartrasiinia (E102) ja Ponzo 4R:\u00e4\u00e4 (E124) ja voi siksi heikent\u00e4\u00e4 lasten aktiivisuutta ja tarkkaavaisuutta.<\/p>\n<p>Saattaa sis\u00e4lt\u00e4\u00e4 j\u00e4lki\u00e4 <strong>munat, maito ja p\u00e4hkin\u00e4t<\/strong>.<\/p>\n<p><strong>Ravitsemustietoa:<\/strong><\/p>\n<table width=\"510\">\n<tbody>\n<tr>\n<td colspan=\"2\" width=\"510\">100g sis\u00e4lt\u00e4\u00e4 keskiarvon:<\/td>\n<\/tr>\n<tr>\n<td width=\"200\">Kaloriarvo<\/td>\n<td width=\"310\">1660kJ \/ 392kcal<\/td>\n<\/tr>\n<tr>\n<td width=\"200\">Proteiinit<\/td>\n<td width=\"310\">0,8 g<\/td>\n<\/tr>\n<tr>\n<td width=\"200\">Rasvat<\/p>\n<p>\u2013 Kyll\u00e4stynyt<\/td>\n<td width=\"310\">0,1 g<\/p>\n<p>\u2013 0 g<\/td>\n<\/tr>\n<tr>\n<td width=\"200\">Kokonaishiilihydraatti - Sokeri<\/td>\n<td width=\"310\">95,9-60 g<\/td>\n<\/tr>\n<tr>\n<td width=\"200\">Suolaa<\/td>\n<td width=\"310\">0,00 g<\/td>\n<\/tr>\n<\/tbody>\n<\/table>\n<p style=\"font-weight: 400;\">Ei sovellu alle 3-vuotiaille lapsille. Useimmissa elementeiss\u00e4 on pehme\u00e4 riisipohja sis\u00e4ll\u00e4, kun taas jotkut voivat olla kovia.<br \/>\nS\u00e4ilyt\u00e4 suljettuna huoneenl\u00e4mm\u00f6ss\u00e4 ja normaalissa (40-75%) kosteudessa.<br \/>\nValmistaja: Saksa<br \/>\nS\u00e4ilyvyys: joulukuu 2026<\/p>","protected":false},"excerpt":{"rendered":"<p>Sprinklej\u00e4 j\u00e4lkiruokien koristeluun. Helmien koko on satunnaisesti 1-10 mm. Ainesosat: paisutettu riisi (gluteeni), tomusokeri, maissit\u00e4rkkelys, elintarvikev\u00e4ri: tartratsiini (E102), Ponzo 4R (E124), p\u00e4\u00e4llystysaine: Capol (sellakka, kasvi\u00f6ljy, etanoli). Sis\u00e4lt\u00e4\u00e4 tartratsiinia (E102), Ponzo 4R:\u00e4\u00e4 (E124) ja voi siksi heikent\u00e4\u00e4 lasten aktiivisuutta ja tarkkaavaisuutta. Saattaa sis\u00e4lt\u00e4\u00e4 j\u00e4\u00e4mi\u00e4 kananmunista, maidosta ja [\u2026]<\/p>","protected":false},"featured_media":11991,"template":"","meta":{"_seopress_robots_primary_cat":"none","_seopress_titles_title":"","_seopress_titles_desc":"","_seopress_robots_index":""},"product_brand":[],"product_cat":[15,104,106],"product_tag":[],"class_list":{"0":"post-12026","1":"product","2":"type-product","3":"status-publish","4":"has-post-thumbnail","6":"product_cat-all-products","7":"product_cat-sprinkles","8":"product_cat-new","10":"first","11":"instock","12":"taxable","13":"shipping-taxable","14":"purchasable","15":"product-type-simple"},"_links":{"self":[{"href":"https:\/\/candeebaar.ee\/fi\/wp-json\/wp\/v2\/product\/12026","targetHints":{"allow":["GET"]}}],"collection":[{"href":"https:\/\/candeebaar.ee\/fi\/wp-json\/wp\/v2\/product"}],"about":[{"href":"https:\/\/candeebaar.ee\/fi\/wp-json\/wp\/v2\/types\/product"}],"version-history":[{"count":3,"href":"https:\/\/candeebaar.ee\/fi\/wp-json\/wp\/v2\/product\/12026\/revisions"}],"predecessor-version":[{"id":12029,"href":"https:\/\/candeebaar.ee\/fi\/wp-json\/wp\/v2\/product\/12026\/revisions\/12029"}],"wp:featuredmedia":[{"embeddable":true,"href":"https:\/\/candeebaar.ee\/fi\/wp-json\/wp\/v2\/media\/11991"}],"wp:attachment":[{"href":"https:\/\/candeebaar.ee\/fi\/wp-json\/wp\/v2\/media?parent=12026"}],"wp:term":[{"taxonomy":"product_brand","embeddable":true,"href":"https:\/\/candeebaar.ee\/fi\/wp-json\/wp\/v2\/product_brand?post=12026"},{"taxonomy":"product_cat","embeddable":true,"href":"https:\/\/candeebaar.ee\/fi\/wp-json\/wp\/v2\/product_cat?post=12026"},{"taxonomy":"product_tag","embeddable":true,"href":"https:\/\/candeebaar.ee\/fi\/wp-json\/wp\/v2\/product_tag?post=12026"}],"curies":[{"name":"wp","href":"https:\/\/api.w.org\/{rel}","templated":true}]}}