{"id":12042,"date":"2025-04-25T15:15:27","date_gmt":"2025-04-25T13:15:27","guid":{"rendered":"https:\/\/candeebaar.ee\/?post_type=product&#038;p=12042"},"modified":"2026-02-02T14:44:07","modified_gmt":"2026-02-02T12:44:07","slug":"sprinkles-sunset-love-45g-kopio","status":"publish","type":"product","link":"https:\/\/candeebaar.ee\/fi\/kauppa\/sprinkles-sunset-love-45g-kopio\/","title":{"rendered":"Sprinkleet &quot;Sunset Love&quot; 45g"},"content":{"rendered":"<p>Sprinklej\u00e4 j\u00e4lkiruokien koristeluun.<\/p>\n<p><strong>Ainesosat<\/strong>:<\/p>\n<p>Sokeri, dekstroosi, maissit\u00e4rkkelys, dekstriini, paisutettu riisi (<strong>gluteenia<\/strong>), riisijauho, vehn\u00e4jauho, valkoinen sokeri, puhdistettu deodorisoitu palmu\u00f6ljy, melassi, tomusokeri, hydraamaton palmu\u00f6ljy, kookos\u00f6ljy, lesitiini, magnesiumstearaatti, karnaubavaha (E903), p\u00e4\u00e4llystysaineet: arabikumi (E414), talkki (E553b), sakeuttamisaine (E:90metyylisokeri C) (E466), aromi: vanilja, elintarvikev\u00e4rit: tartratsiini (E102), auringonlaskunkeltainen FCF (E110), ponceau 4R (E124), sy\u00f6t\u00e4v\u00e4 hopea (E174).<\/p>\n<p>Saattaa sis\u00e4lt\u00e4\u00e4 j\u00e4lki\u00e4 <strong>munat, maito ja p\u00e4hkin\u00e4t<\/strong>.<\/p>\n<p>Sis\u00e4lt\u00e4\u00e4 (E102) ja voi siksi heikent\u00e4\u00e4 lasten aktiivisuutta ja tarkkaavaisuutta.<\/p>\n<p><strong>Ravitsemustietoa:<\/strong><\/p>\n<table width=\"510\">\n<tbody>\n<tr>\n<td colspan=\"2\" width=\"510\">100g sis\u00e4lt\u00e4\u00e4 keskiarvon:<\/td>\n<\/tr>\n<tr>\n<td width=\"200\">Kaloriarvo<\/td>\n<td width=\"310\">1651 kJ \/ 389,8 kcal<\/td>\n<\/tr>\n<tr>\n<td width=\"200\">Proteiinit<\/td>\n<td width=\"310\">0,4 g<\/td>\n<\/tr>\n<tr>\n<td width=\"200\">Rasvat<\/p>\n<p>\u2013 Kyll\u00e4stynyt<\/td>\n<td width=\"310\">0,12 g<\/p>\n<p>- 0,01 g<\/td>\n<\/tr>\n<tr>\n<td width=\"200\">Kokonaishiilihydraatti - Sokeri<\/td>\n<td width=\"310\">95,5-60,5 g<\/td>\n<\/tr>\n<tr>\n<td width=\"200\">Suolaa<\/td>\n<td width=\"310\">0,002 g<\/td>\n<\/tr>\n<\/tbody>\n<\/table>\n<p style=\"font-weight: 400;\">Ei sovellu alle 3-vuotiaille lapsille. Useimmissa elementeiss\u00e4 on pehme\u00e4 riisipohja sis\u00e4ll\u00e4, kun taas jotkut voivat olla kovia.<br \/>\nS\u00e4ilyt\u00e4 suljettuna huoneenl\u00e4mm\u00f6ss\u00e4 ja normaalissa (40-75%) kosteudessa.<br \/>\nValmistaja: Saksa<br \/>\nS\u00e4ilyvyys: tammikuu 2027<\/p>","protected":false},"excerpt":{"rendered":"<p>Sprinklej\u00e4 j\u00e4lkiruokien koristeluun. Ainesosat: Sokeri, dekstroosi, maissit\u00e4rkkelys, dekstriini, paisutettu riisi(gluteeni), riisijauho, vehn\u00e4jauho, valkoinen sokeri, puhdistettu deodorisoitu palmu\u00f6ljy, melassi, tomusokeri, hydraamaton palmu\u00f6ljy, kookos\u00f6ljy, lesitiini, magnesiumstearaatti, karnaubavaha, kookoskumi (E90:14), arabikumi (E90:14). (E553b), sellakka (E904), sakeuttamisaine: karboksimetyyliselluloosa (CMC) (E466), aromi: vanilja, elintarvikev\u00e4rit: tartratsiini (E102), [\u2026]<\/p>","protected":false},"featured_media":11985,"template":"","meta":{"_seopress_robots_primary_cat":"none","_seopress_titles_title":"","_seopress_titles_desc":"","_seopress_robots_index":""},"product_brand":[],"product_cat":[183,15,104,106],"product_tag":[],"class_list":{"0":"post-12042","1":"product","2":"type-product","3":"status-publish","4":"has-post-thumbnail","6":"product_cat-valentines-day","7":"product_cat-all-products","8":"product_cat-sprinkles","9":"product_cat-new","11":"first","12":"outofstock","13":"taxable","14":"shipping-taxable","15":"purchasable","16":"product-type-simple"},"_links":{"self":[{"href":"https:\/\/candeebaar.ee\/fi\/wp-json\/wp\/v2\/product\/12042","targetHints":{"allow":["GET"]}}],"collection":[{"href":"https:\/\/candeebaar.ee\/fi\/wp-json\/wp\/v2\/product"}],"about":[{"href":"https:\/\/candeebaar.ee\/fi\/wp-json\/wp\/v2\/types\/product"}],"version-history":[{"count":1,"href":"https:\/\/candeebaar.ee\/fi\/wp-json\/wp\/v2\/product\/12042\/revisions"}],"predecessor-version":[{"id":12043,"href":"https:\/\/candeebaar.ee\/fi\/wp-json\/wp\/v2\/product\/12042\/revisions\/12043"}],"wp:featuredmedia":[{"embeddable":true,"href":"https:\/\/candeebaar.ee\/fi\/wp-json\/wp\/v2\/media\/11985"}],"wp:attachment":[{"href":"https:\/\/candeebaar.ee\/fi\/wp-json\/wp\/v2\/media?parent=12042"}],"wp:term":[{"taxonomy":"product_brand","embeddable":true,"href":"https:\/\/candeebaar.ee\/fi\/wp-json\/wp\/v2\/product_brand?post=12042"},{"taxonomy":"product_cat","embeddable":true,"href":"https:\/\/candeebaar.ee\/fi\/wp-json\/wp\/v2\/product_cat?post=12042"},{"taxonomy":"product_tag","embeddable":true,"href":"https:\/\/candeebaar.ee\/fi\/wp-json\/wp\/v2\/product_tag?post=12042"}],"curies":[{"name":"wp","href":"https:\/\/api.w.org\/{rel}","templated":true}]}}