{"id":12059,"date":"2025-04-27T10:37:20","date_gmt":"2025-04-27T08:37:20","guid":{"rendered":"https:\/\/candeebaar.ee\/?post_type=product&#038;p=12059"},"modified":"2025-04-27T10:38:55","modified_gmt":"2025-04-27T08:38:55","slug":"callebaut-60-40-38-tumma-suklaa-60-1-400g","status":"publish","type":"product","link":"https:\/\/candeebaar.ee\/fi\/kauppa\/callebaut-60-40-38-tumma-suklaa-60-1-400g\/","title":{"rendered":"Callebaut 60 40 38 tumma suklaa (60.1%) 400g"},"content":{"rendered":"<p>Tunnettua suklaata. Sill\u00e4 on korkein laatu.<br \/>\nAinesosat: Kaakaomassa, sokeri, kaakaovoi, emulgointiaine: lesitiinit (<strong>SOIJA<\/strong>), luonnollinen vanilja-aromi<br \/>\nPaino: 400g<\/p>\n<p>Valmistaja: CALLEBAUT Belgia<br \/>\nLis\u00e4ksi voit l\u00f6yt\u00e4\u00e4 verkkosivuilta monia uusia reseptej\u00e4 ja tutustua heid\u00e4n tuotteisiinsa <a href=\"https:\/\/www.callebaut.com\/\">callebaut.com<\/a>.<br \/>\nVarastointil\u00e4mp\u00f6tila: <strong>12-20 \u00b0C<br \/>\n<\/strong>Saattaa sis\u00e4lt\u00e4\u00e4 <strong>Maito.<\/strong><\/p>\n<p>&nbsp;<\/p>","protected":false},"excerpt":{"rendered":"<p>Tunnettu suklaa. Se on korkealaatuista. Ainesosat: Kaakaomassa, sokeri, kaakaovoi, emulgointiaine: lesitiinit (SOIJA), luontainen vanilja-aromi. Paino: 400 g. Valmistaja: CALLEBAUT Belgium. Lis\u00e4ksi voit l\u00f6yt\u00e4\u00e4 monia uusia reseptej\u00e4 ja tutustua heid\u00e4n tuotteisiinsa verkkosivustolla callebaut.com. S\u00e4ilytysl\u00e4mp\u00f6tila: 12\u201320 \u00b0C. Saattaa sis\u00e4lt\u00e4\u00e4 maitoa. &nbsp;<\/p>","protected":false},"featured_media":12057,"template":"","meta":{"_seopress_robots_primary_cat":"none","_seopress_titles_title":"","_seopress_titles_desc":"","_seopress_robots_index":""},"product_brand":[],"product_cat":[15,110,106],"product_tag":[],"class_list":{"0":"post-12059","1":"product","2":"type-product","3":"status-publish","4":"has-post-thumbnail","6":"product_cat-all-products","7":"product_cat-callebaut","8":"product_cat-new","10":"first","11":"instock","12":"taxable","13":"shipping-taxable","14":"purchasable","15":"product-type-simple"},"_links":{"self":[{"href":"https:\/\/candeebaar.ee\/fi\/wp-json\/wp\/v2\/product\/12059","targetHints":{"allow":["GET"]}}],"collection":[{"href":"https:\/\/candeebaar.ee\/fi\/wp-json\/wp\/v2\/product"}],"about":[{"href":"https:\/\/candeebaar.ee\/fi\/wp-json\/wp\/v2\/types\/product"}],"version-history":[{"count":1,"href":"https:\/\/candeebaar.ee\/fi\/wp-json\/wp\/v2\/product\/12059\/revisions"}],"predecessor-version":[{"id":12060,"href":"https:\/\/candeebaar.ee\/fi\/wp-json\/wp\/v2\/product\/12059\/revisions\/12060"}],"wp:featuredmedia":[{"embeddable":true,"href":"https:\/\/candeebaar.ee\/fi\/wp-json\/wp\/v2\/media\/12057"}],"wp:attachment":[{"href":"https:\/\/candeebaar.ee\/fi\/wp-json\/wp\/v2\/media?parent=12059"}],"wp:term":[{"taxonomy":"product_brand","embeddable":true,"href":"https:\/\/candeebaar.ee\/fi\/wp-json\/wp\/v2\/product_brand?post=12059"},{"taxonomy":"product_cat","embeddable":true,"href":"https:\/\/candeebaar.ee\/fi\/wp-json\/wp\/v2\/product_cat?post=12059"},{"taxonomy":"product_tag","embeddable":true,"href":"https:\/\/candeebaar.ee\/fi\/wp-json\/wp\/v2\/product_tag?post=12059"}],"curies":[{"name":"wp","href":"https:\/\/api.w.org\/{rel}","templated":true}]}}