{"id":12252,"date":"2025-05-09T09:10:37","date_gmt":"2025-05-09T07:10:37","guid":{"rendered":"https:\/\/candeebaar.ee\/?post_type=product&#038;p=12252"},"modified":"2026-03-03T10:33:21","modified_gmt":"2026-03-03T08:33:21","slug":"pyorea-suutin-13-mm-2","status":"publish","type":"product","link":"https:\/\/candeebaar.ee\/fi\/kauppa\/pyorea-suutin-13-mm-2\/","title":{"rendered":"Py\u00f6re\u00e4 suutin 13 mm"},"content":{"rendered":"<p>Metallinen py\u00f6re\u00e4 suutin.<br \/>\nKoko: 25 * 38 mm<br \/>\nL\u00e4ht\u00f6: 13mm<\/p>","protected":false},"excerpt":{"rendered":"<p>Metallinen py\u00f6re\u00e4 suutin. Koko: 25 * 38 mm. Tuotto: 13 mm.<\/p>","protected":false},"featured_media":7285,"template":"","meta":{"_seopress_robots_primary_cat":"none","_seopress_titles_title":"","_seopress_titles_desc":"","_seopress_robots_index":""},"product_brand":[],"product_cat":[15,121,106],"product_tag":[],"class_list":{"0":"post-12252","1":"product","2":"type-product","3":"status-publish","4":"has-post-thumbnail","6":"product_cat-all-products","7":"product_cat-round","8":"product_cat-new","10":"first","11":"instock","12":"taxable","13":"shipping-taxable","14":"purchasable","15":"product-type-simple"},"_links":{"self":[{"href":"https:\/\/candeebaar.ee\/fi\/wp-json\/wp\/v2\/product\/12252","targetHints":{"allow":["GET"]}}],"collection":[{"href":"https:\/\/candeebaar.ee\/fi\/wp-json\/wp\/v2\/product"}],"about":[{"href":"https:\/\/candeebaar.ee\/fi\/wp-json\/wp\/v2\/types\/product"}],"version-history":[{"count":1,"href":"https:\/\/candeebaar.ee\/fi\/wp-json\/wp\/v2\/product\/12252\/revisions"}],"predecessor-version":[{"id":12253,"href":"https:\/\/candeebaar.ee\/fi\/wp-json\/wp\/v2\/product\/12252\/revisions\/12253"}],"wp:featuredmedia":[{"embeddable":true,"href":"https:\/\/candeebaar.ee\/fi\/wp-json\/wp\/v2\/media\/7285"}],"wp:attachment":[{"href":"https:\/\/candeebaar.ee\/fi\/wp-json\/wp\/v2\/media?parent=12252"}],"wp:term":[{"taxonomy":"product_brand","embeddable":true,"href":"https:\/\/candeebaar.ee\/fi\/wp-json\/wp\/v2\/product_brand?post=12252"},{"taxonomy":"product_cat","embeddable":true,"href":"https:\/\/candeebaar.ee\/fi\/wp-json\/wp\/v2\/product_cat?post=12252"},{"taxonomy":"product_tag","embeddable":true,"href":"https:\/\/candeebaar.ee\/fi\/wp-json\/wp\/v2\/product_tag?post=12252"}],"curies":[{"name":"wp","href":"https:\/\/api.w.org\/{rel}","templated":true}]}}