{"id":12548,"date":"2025-06-05T09:40:59","date_gmt":"2025-06-05T07:40:59","guid":{"rendered":"https:\/\/candeebaar.ee\/?post_type=product&#038;p=12548"},"modified":"2025-10-01T11:38:43","modified_gmt":"2025-10-01T09:38:43","slug":"kakkulevy-2020-cm-3-mm-nelio-valkoinen-paivankakkara","status":"publish","type":"product","link":"https:\/\/candeebaar.ee\/fi\/kauppa\/kakkulevy-2020-cm-3-mm-nelio-valkoinen-paivankakkara\/","title":{"rendered":"Kakkulevy 20 * 20 cm * 3 mm neli\u00f6 Valkoinen p\u00e4iv\u00e4nkakkara"},"content":{"rendered":"<p>Neli\u00f6nmuotoinen pohja laminoitua tihe\u00e4\u00e4 aaltopahvia.<br \/>\nV\u00e4ri: valkoinen<br \/>\nKoko: 195 * 195 mm<br \/>\nPaksuus: 3mm<\/p>","protected":false},"excerpt":{"rendered":"<p>Neli\u00f6nmuotoinen pohja laminoitua tihe\u00e4\u00e4 aaltopahvia. V\u00e4ri: valkoinen Koko: 195 * 195 mm Paksuus: 3 mm<\/p>","protected":false},"featured_media":5792,"template":"","meta":{"_seopress_robots_primary_cat":"none","_seopress_titles_title":"","_seopress_titles_desc":"","_seopress_robots_index":""},"product_brand":[],"product_cat":[15,141,149,106],"product_tag":[],"class_list":{"0":"post-12548","1":"product","2":"type-product","3":"status-publish","4":"has-post-thumbnail","6":"product_cat-all-products","7":"product_cat-20cm","8":"product_cat-square-and-rectangular","9":"product_cat-new","11":"first","12":"outofstock","13":"taxable","14":"shipping-taxable","15":"purchasable","16":"product-type-simple"},"_links":{"self":[{"href":"https:\/\/candeebaar.ee\/fi\/wp-json\/wp\/v2\/product\/12548","targetHints":{"allow":["GET"]}}],"collection":[{"href":"https:\/\/candeebaar.ee\/fi\/wp-json\/wp\/v2\/product"}],"about":[{"href":"https:\/\/candeebaar.ee\/fi\/wp-json\/wp\/v2\/types\/product"}],"version-history":[{"count":2,"href":"https:\/\/candeebaar.ee\/fi\/wp-json\/wp\/v2\/product\/12548\/revisions"}],"predecessor-version":[{"id":12550,"href":"https:\/\/candeebaar.ee\/fi\/wp-json\/wp\/v2\/product\/12548\/revisions\/12550"}],"wp:featuredmedia":[{"embeddable":true,"href":"https:\/\/candeebaar.ee\/fi\/wp-json\/wp\/v2\/media\/5792"}],"wp:attachment":[{"href":"https:\/\/candeebaar.ee\/fi\/wp-json\/wp\/v2\/media?parent=12548"}],"wp:term":[{"taxonomy":"product_brand","embeddable":true,"href":"https:\/\/candeebaar.ee\/fi\/wp-json\/wp\/v2\/product_brand?post=12548"},{"taxonomy":"product_cat","embeddable":true,"href":"https:\/\/candeebaar.ee\/fi\/wp-json\/wp\/v2\/product_cat?post=12548"},{"taxonomy":"product_tag","embeddable":true,"href":"https:\/\/candeebaar.ee\/fi\/wp-json\/wp\/v2\/product_tag?post=12548"}],"curies":[{"name":"wp","href":"https:\/\/api.w.org\/{rel}","templated":true}]}}