{"id":12633,"date":"2025-06-12T07:55:46","date_gmt":"2025-06-12T05:55:46","guid":{"rendered":"https:\/\/candeebaar.ee\/?post_type=product&#038;p=12633"},"modified":"2026-03-23T19:03:02","modified_gmt":"2026-03-23T17:03:02","slug":"kuivavari-sinista-8-g-elintarvikevaria-2","status":"publish","type":"product","link":"https:\/\/candeebaar.ee\/fi\/kauppa\/kuivavari-sinista-8-g-elintarvikevaria-2\/","title":{"rendered":"Kuivav\u00e4ri sininen 8g elintarvikev\u00e4rej\u00e4"},"content":{"rendered":"<p>Kuiva elintarvikev\u00e4ri, vesiliukoinen \u201dSininen\u201d.<br \/>\nK\u00e4ytt\u00f6: Liuota tarvittava m\u00e4\u00e4r\u00e4 v\u00e4riainetta pieneen m\u00e4\u00e4r\u00e4\u00e4n vett\u00e4 tai muuta nestett\u00e4 ja lis\u00e4\u00e4 se sitten tuotteeseen. Suositeltu annostus 0,003%-0,007% tuotteen painosta.<br \/>\nKoostumus: E133. Varastoi kuivassa, viile\u00e4ss\u00e4 paikassa. S\u00e4ilyvyys 4 vuotta valmistusp\u00e4iv\u00e4st\u00e4.<br \/>\n* Saattaa vaikuttaa negatiivisesti lasten aktiivisuuteen ja huomiokykyyn.<br \/>\nPaino: 8g<br \/>\nValmistaja: Food Colours, Puola<\/p>","protected":false},"excerpt":{"rendered":"<p>Kuiva elintarvikev\u00e4ri, vesiliukoinen \u201dSininen\u201d. K\u00e4ytt\u00f6: Liuota tarvittava m\u00e4\u00e4r\u00e4 v\u00e4riainetta pieneen m\u00e4\u00e4r\u00e4\u00e4n vett\u00e4 tai muuta nestett\u00e4 ja lis\u00e4\u00e4 se sitten tuotteeseen. Suositeltu annostus 0,003%-0,007% tuotteen painosta. Koostumus: E133. S\u00e4ilyt\u00e4 kuivassa ja viile\u00e4ss\u00e4 paikassa. S\u00e4ilyvyysaika 4 vuotta valmistusp\u00e4iv\u00e4st\u00e4. *Saattaa olla negatiivinen [\u2026]<\/p>","protected":false},"featured_media":12635,"template":"","meta":{"_seopress_robots_primary_cat":"none","_seopress_titles_title":"","_seopress_titles_desc":"","_seopress_robots_index":""},"product_brand":[],"product_cat":[15,112,106],"product_tag":[],"class_list":{"0":"post-12633","1":"product","2":"type-product","3":"status-publish","4":"has-post-thumbnail","6":"product_cat-all-products","7":"product_cat-powder-water-soluble","8":"product_cat-new","10":"first","11":"instock","12":"taxable","13":"shipping-taxable","14":"purchasable","15":"product-type-simple"},"_links":{"self":[{"href":"https:\/\/candeebaar.ee\/fi\/wp-json\/wp\/v2\/product\/12633","targetHints":{"allow":["GET"]}}],"collection":[{"href":"https:\/\/candeebaar.ee\/fi\/wp-json\/wp\/v2\/product"}],"about":[{"href":"https:\/\/candeebaar.ee\/fi\/wp-json\/wp\/v2\/types\/product"}],"version-history":[{"count":1,"href":"https:\/\/candeebaar.ee\/fi\/wp-json\/wp\/v2\/product\/12633\/revisions"}],"predecessor-version":[{"id":12634,"href":"https:\/\/candeebaar.ee\/fi\/wp-json\/wp\/v2\/product\/12633\/revisions\/12634"}],"wp:featuredmedia":[{"embeddable":true,"href":"https:\/\/candeebaar.ee\/fi\/wp-json\/wp\/v2\/media\/12635"}],"wp:attachment":[{"href":"https:\/\/candeebaar.ee\/fi\/wp-json\/wp\/v2\/media?parent=12633"}],"wp:term":[{"taxonomy":"product_brand","embeddable":true,"href":"https:\/\/candeebaar.ee\/fi\/wp-json\/wp\/v2\/product_brand?post=12633"},{"taxonomy":"product_cat","embeddable":true,"href":"https:\/\/candeebaar.ee\/fi\/wp-json\/wp\/v2\/product_cat?post=12633"},{"taxonomy":"product_tag","embeddable":true,"href":"https:\/\/candeebaar.ee\/fi\/wp-json\/wp\/v2\/product_tag?post=12633"}],"curies":[{"name":"wp","href":"https:\/\/api.w.org\/{rel}","templated":true}]}}