{"id":12668,"date":"2025-06-16T13:12:19","date_gmt":"2025-06-16T11:12:19","guid":{"rendered":"https:\/\/candeebaar.ee\/?post_type=product&#038;p=12668"},"modified":"2026-04-06T08:35:44","modified_gmt":"2026-04-06T06:35:44","slug":"agar-agar-1200-500-g","status":"publish","type":"product","link":"https:\/\/candeebaar.ee\/fi\/kauppa\/agar-agar-1200-500-g\/","title":{"rendered":"Agar-agar 1200 kukintoa 500 g"},"content":{"rendered":"<p>Agar-agaria k\u00e4ytet\u00e4\u00e4n sakeuttamisaineena vaahtokarkkeja, hyytel\u00f6it\u00e4, &quot;lintumaitoa&quot; ja muita.<br \/>\nKasvipohjainen gelatiinin korvike ilman v\u00e4ri\u00e4 ja hajua.<br \/>\nVahvuus on <strong>\u00a01200 kukintaa<\/strong>.<br \/>\nPaino: 500g<br \/>\nSis\u00e4lt\u00f6 per 100g:<br \/>\nRavintoarvo: 1411kJ\/336kcal<br \/>\nProteiinia: 6,2 g<br \/>\nRasvat: 0,3 g<br \/>\nHiilihydraatit (sokerit): 73,2 g (3 g)<br \/>\nKuitua: 7,7 g<br \/>\nS\u00e4ilyt\u00e4 kuivassa, viile\u00e4ss\u00e4, suljetussa pakkauksessa. Saattaa sis\u00e4lt\u00e4\u00e4 j\u00e4lki\u00e4: <strong>p\u00e4hkin\u00e4t, soija, gluteeni<\/strong>.<br \/>\nTuotanto: Puola<\/p>","protected":false},"excerpt":{"rendered":"<p>Agar-agaria k\u00e4ytet\u00e4\u00e4n sakeuttamisaineena vaahtokarkkien, hyytel\u00f6n, &quot;linnunmaidon&quot; ja muiden valmistuksessa. Kasvipohjainen gelatiinin korvike ilman v\u00e4ri\u00e4 ja hajua. Vahvuus on 1200 bloomia. Massa: 500 g Sis\u00e4lt\u00f6 per 100 g: Ravintosis\u00e4lt\u00f6: 1411 kJ\/336 kcal Proteiinit: 6,2 g Rasvat: 0,3 g Hiilihydraatit (sokerit): 73,2 g (3 g) Kuitu: 7,7 g S\u00e4ilyt\u00e4 kuivassa, viile\u00e4ss\u00e4 paikassa, suljetussa pakkauksessa. [\u2026]<\/p>","protected":false},"featured_media":6171,"template":"","meta":{"_seopress_robots_primary_cat":"none","_seopress_titles_title":"","_seopress_titles_desc":"","_seopress_robots_index":""},"product_brand":[],"product_cat":[15,100,106],"product_tag":[],"class_list":{"0":"post-12668","1":"product","2":"type-product","3":"status-publish","4":"has-post-thumbnail","6":"product_cat-all-products","7":"product_cat-thickeners","8":"product_cat-new","10":"first","11":"instock","12":"taxable","13":"shipping-taxable","14":"purchasable","15":"product-type-simple"},"_links":{"self":[{"href":"https:\/\/candeebaar.ee\/fi\/wp-json\/wp\/v2\/product\/12668","targetHints":{"allow":["GET"]}}],"collection":[{"href":"https:\/\/candeebaar.ee\/fi\/wp-json\/wp\/v2\/product"}],"about":[{"href":"https:\/\/candeebaar.ee\/fi\/wp-json\/wp\/v2\/types\/product"}],"version-history":[{"count":1,"href":"https:\/\/candeebaar.ee\/fi\/wp-json\/wp\/v2\/product\/12668\/revisions"}],"predecessor-version":[{"id":12669,"href":"https:\/\/candeebaar.ee\/fi\/wp-json\/wp\/v2\/product\/12668\/revisions\/12669"}],"wp:featuredmedia":[{"embeddable":true,"href":"https:\/\/candeebaar.ee\/fi\/wp-json\/wp\/v2\/media\/6171"}],"wp:attachment":[{"href":"https:\/\/candeebaar.ee\/fi\/wp-json\/wp\/v2\/media?parent=12668"}],"wp:term":[{"taxonomy":"product_brand","embeddable":true,"href":"https:\/\/candeebaar.ee\/fi\/wp-json\/wp\/v2\/product_brand?post=12668"},{"taxonomy":"product_cat","embeddable":true,"href":"https:\/\/candeebaar.ee\/fi\/wp-json\/wp\/v2\/product_cat?post=12668"},{"taxonomy":"product_tag","embeddable":true,"href":"https:\/\/candeebaar.ee\/fi\/wp-json\/wp\/v2\/product_tag?post=12668"}],"curies":[{"name":"wp","href":"https:\/\/api.w.org\/{rel}","templated":true}]}}