{"id":12672,"date":"2025-06-16T13:26:54","date_gmt":"2025-06-16T11:26:54","guid":{"rendered":"https:\/\/candeebaar.ee\/?post_type=product&#038;p=12672"},"modified":"2025-09-24T09:12:19","modified_gmt":"2025-09-24T07:12:19","slug":"laped-pasta-1000g-valkoinen-kopio","status":"publish","type":"product","link":"https:\/\/candeebaar.ee\/fi\/kauppa\/laped-pasta-1000g-valkoinen-kopio\/","title":{"rendered":"Laped Wonder -tahna 1000 g (valkoinen)"},"content":{"rendered":"<p>K\u00e4ytt\u00f6valmis sile\u00e4 rullamassa j\u00e4lkiruokien p\u00e4\u00e4llyst\u00e4miseen, helppo v\u00e4rj\u00e4t\u00e4 geeli- tai jauhemaisilla vesiliukoisilla v\u00e4reill\u00e4.<br \/>\nPaino: 1000g<br \/>\nAinesosat: sokeri, glukoosisiirappi, puhdistettu ja kovetettu kasvi\u00f6ljy (palmu-, puuvilla-, kookos-, saflori-, auringonkukka-, babassu-, sheavoi- ja illipe\u00f6ljy), stabilointiaineet (E414, E466, E412), emulgointiaine (E422), happamuudens\u00e4\u00e4t\u00f6aine (E330), s\u00e4il\u00f6nt\u00e4aine (E202), aromit.<br \/>\nSis\u00e4lt\u00f6 per 100g:<br \/>\nEnergia: 389 kcal\/1577 kJ<br \/>\nRasvaa (tyydyttynytt\u00e4): 4,7 (3,5) g<br \/>\nKarbonaatit (sokerit): 87,8 (80,2) g<br \/>\nProteiinia: 0 g<br \/>\nSuola: 0,1 g<br \/>\nS\u00e4ilyt\u00e4 viile\u00e4ss\u00e4, pime\u00e4ss\u00e4 paikassa tiiviisti suljettuna.<br \/>\nParasta ennen (er\u00e4numero): 04.06.2026 (24339100WIP)<br \/>\nTuotanto: Laped, Italia<\/p>","protected":false},"excerpt":{"rendered":"<p>K\u00e4ytt\u00f6valmis sile\u00e4 rullamassa j\u00e4lkiruokien p\u00e4\u00e4llyst\u00e4miseen, helppo v\u00e4rj\u00e4t\u00e4 geeli- tai jauhemaisilla vesiliukoisilla v\u00e4reill\u00e4. Paino: 1000 g Ainesosat: sokeri, glukoosisiirappi, puhdistettu ja kovetettu kasvi\u00f6ljy (palmu-, puuvilla-, kookos-, saflori-, auringonkukka-, babassu-, sheavoi- ja illipe\u00f6ljy), stabilointiaine E414, E466, E412, emulgointiaine E422, happamuudens\u00e4\u00e4t\u00f6aine: E330, s\u00e4il\u00f6nt\u00e4aine: E202, aromit Sis\u00e4lt\u00f6 per 100 g: [\u2026]<\/p>","protected":false},"featured_media":12674,"template":"","meta":{"_seopress_robots_primary_cat":"none","_seopress_titles_title":"","_seopress_titles_desc":"","_seopress_robots_index":""},"product_brand":[],"product_cat":[15,102,106],"product_tag":[],"class_list":{"0":"post-12672","1":"product","2":"type-product","3":"status-publish","4":"has-post-thumbnail","6":"product_cat-all-products","7":"product_cat-sugars","8":"product_cat-new","10":"first","11":"outofstock","12":"taxable","13":"shipping-taxable","14":"purchasable","15":"product-type-simple"},"_links":{"self":[{"href":"https:\/\/candeebaar.ee\/fi\/wp-json\/wp\/v2\/product\/12672","targetHints":{"allow":["GET"]}}],"collection":[{"href":"https:\/\/candeebaar.ee\/fi\/wp-json\/wp\/v2\/product"}],"about":[{"href":"https:\/\/candeebaar.ee\/fi\/wp-json\/wp\/v2\/types\/product"}],"version-history":[{"count":1,"href":"https:\/\/candeebaar.ee\/fi\/wp-json\/wp\/v2\/product\/12672\/revisions"}],"predecessor-version":[{"id":12675,"href":"https:\/\/candeebaar.ee\/fi\/wp-json\/wp\/v2\/product\/12672\/revisions\/12675"}],"wp:featuredmedia":[{"embeddable":true,"href":"https:\/\/candeebaar.ee\/fi\/wp-json\/wp\/v2\/media\/12674"}],"wp:attachment":[{"href":"https:\/\/candeebaar.ee\/fi\/wp-json\/wp\/v2\/media?parent=12672"}],"wp:term":[{"taxonomy":"product_brand","embeddable":true,"href":"https:\/\/candeebaar.ee\/fi\/wp-json\/wp\/v2\/product_brand?post=12672"},{"taxonomy":"product_cat","embeddable":true,"href":"https:\/\/candeebaar.ee\/fi\/wp-json\/wp\/v2\/product_cat?post=12672"},{"taxonomy":"product_tag","embeddable":true,"href":"https:\/\/candeebaar.ee\/fi\/wp-json\/wp\/v2\/product_tag?post=12672"}],"curies":[{"name":"wp","href":"https:\/\/api.w.org\/{rel}","templated":true}]}}