{"id":12847,"date":"2025-06-30T18:01:41","date_gmt":"2025-06-30T16:01:41","guid":{"rendered":"https:\/\/candeebaar.ee\/?post_type=product&#038;p=12847"},"modified":"2026-04-04T22:58:51","modified_gmt":"2026-04-04T20:58:51","slug":"kuutiolaatikko-9-cm","status":"publish","type":"product","link":"https:\/\/candeebaar.ee\/fi\/kauppa\/kuutiolaatikko-9-cm\/","title":{"rendered":"Kuutiolaatikko 9 cm"},"content":{"rendered":"<p>Pieni l\u00e4pin\u00e4kyv\u00e4 annospakkaus, jossa py\u00f6re\u00e4 pahvipohja.<br \/>\nKoko: 90 * 90 * korkeus 90 mm<br \/>\nMateriaali: muovi (suojakalvolla), pahvi<br \/>\nV\u00e4ri: l\u00e4pin\u00e4kyv\u00e4\/valkoinen<\/p>","protected":false},"excerpt":{"rendered":"<p>Pieni l\u00e4pin\u00e4kyv\u00e4 annospakkaus, jossa py\u00f6re\u00e4 pahvipohja. Koko: 90 * 90 * korkeus 90 mm. Materiaali: muovi (suojakalvolla), pahvi. V\u00e4ri: l\u00e4pin\u00e4kyv\u00e4\/valkoinen.<\/p>","protected":false},"featured_media":12833,"template":"","meta":{"_seopress_robots_primary_cat":"none","_seopress_titles_title":"","_seopress_titles_desc":"","_seopress_robots_index":""},"product_brand":[],"product_cat":[180,15,152,154,93,109,106],"product_tag":[],"class_list":{"0":"post-12847","1":"product","2":"type-product","3":"status-publish","4":"has-post-thumbnail","6":"product_cat-wedding-products","7":"product_cat-all-products","8":"product_cat-cupcakes","9":"product_cat-different-style","10":"product_cat-gift-packaging","11":"product_cat-sale","12":"product_cat-new","14":"first","15":"outofstock","16":"sale","17":"taxable","18":"shipping-taxable","19":"purchasable","20":"product-type-simple"},"_links":{"self":[{"href":"https:\/\/candeebaar.ee\/fi\/wp-json\/wp\/v2\/product\/12847","targetHints":{"allow":["GET"]}}],"collection":[{"href":"https:\/\/candeebaar.ee\/fi\/wp-json\/wp\/v2\/product"}],"about":[{"href":"https:\/\/candeebaar.ee\/fi\/wp-json\/wp\/v2\/types\/product"}],"version-history":[{"count":3,"href":"https:\/\/candeebaar.ee\/fi\/wp-json\/wp\/v2\/product\/12847\/revisions"}],"predecessor-version":[{"id":12851,"href":"https:\/\/candeebaar.ee\/fi\/wp-json\/wp\/v2\/product\/12847\/revisions\/12851"}],"wp:featuredmedia":[{"embeddable":true,"href":"https:\/\/candeebaar.ee\/fi\/wp-json\/wp\/v2\/media\/12833"}],"wp:attachment":[{"href":"https:\/\/candeebaar.ee\/fi\/wp-json\/wp\/v2\/media?parent=12847"}],"wp:term":[{"taxonomy":"product_brand","embeddable":true,"href":"https:\/\/candeebaar.ee\/fi\/wp-json\/wp\/v2\/product_brand?post=12847"},{"taxonomy":"product_cat","embeddable":true,"href":"https:\/\/candeebaar.ee\/fi\/wp-json\/wp\/v2\/product_cat?post=12847"},{"taxonomy":"product_tag","embeddable":true,"href":"https:\/\/candeebaar.ee\/fi\/wp-json\/wp\/v2\/product_tag?post=12847"}],"curies":[{"name":"wp","href":"https:\/\/api.w.org\/{rel}","templated":true}]}}