{"id":12906,"date":"2025-07-08T07:50:17","date_gmt":"2025-07-08T05:50:17","guid":{"rendered":"https:\/\/candeebaar.ee\/?post_type=product&#038;p=12906"},"modified":"2026-04-09T20:38:28","modified_gmt":"2026-04-09T18:38:28","slug":"kuppikakkuvuoka-33-kpl-punainen","status":"publish","type":"product","link":"https:\/\/candeebaar.ee\/fi\/kauppa\/kuppikakkuvuoka-33-kpl-punainen\/","title":{"rendered":"Kuppikakkuvuoka 33 kpl Punainen"},"content":{"rendered":"<p>Paperimuotti on t\u00e4ydellinen kuppikakkujen paistamiseen. S\u00e4ilytt\u00e4\u00e4 muotonsa eik\u00e4 vaadi ylim\u00e4\u00e4r\u00e4ist\u00e4 metallipohjaa taitetun yl\u00e4reunan ansiosta.<br \/>\nPohjan halkaisija: 5 cm<br \/>\nYl\u00e4osan halkaisija: 6,8 cm<br \/>\nKorkeus: 3,8 cm<br \/>\nV\u00e4ri: punainen<br \/>\nPakkaus sis\u00e4lt\u00e4\u00e4 33 kpl.<\/p>","protected":false},"excerpt":{"rendered":"<p>Paperivuoka sopii t\u00e4ydellisesti kuppikakkujen leipomiseen. S\u00e4ilytt\u00e4\u00e4 muotonsa eik\u00e4 vaadi erillist\u00e4 metallipohjaa taitetun yl\u00e4reunan ansiosta. Pohjan halkaisija: 5 cm Yl\u00e4osan halkaisija: 6,8 cm Korkeus: 3,8 cm V\u00e4ri: punainen Pakkaus sis\u00e4lt\u00e4\u00e4 33 kpl.<\/p>","protected":false},"featured_media":12909,"template":"","meta":{"_seopress_robots_primary_cat":"none","_seopress_titles_title":"","_seopress_titles_desc":"","_seopress_robots_index":""},"product_brand":[],"product_cat":[15,117,90,152,106],"product_tag":[],"class_list":{"0":"post-12906","1":"product","2":"type-product","3":"status-publish","4":"has-post-thumbnail","6":"product_cat-all-products","7":"product_cat-paper","8":"product_cat-paper-cups-and-tulips","9":"product_cat-cupcakes","10":"product_cat-new","12":"first","13":"instock","14":"taxable","15":"shipping-taxable","16":"purchasable","17":"product-type-simple"},"_links":{"self":[{"href":"https:\/\/candeebaar.ee\/fi\/wp-json\/wp\/v2\/product\/12906","targetHints":{"allow":["GET"]}}],"collection":[{"href":"https:\/\/candeebaar.ee\/fi\/wp-json\/wp\/v2\/product"}],"about":[{"href":"https:\/\/candeebaar.ee\/fi\/wp-json\/wp\/v2\/types\/product"}],"version-history":[{"count":4,"href":"https:\/\/candeebaar.ee\/fi\/wp-json\/wp\/v2\/product\/12906\/revisions"}],"predecessor-version":[{"id":12938,"href":"https:\/\/candeebaar.ee\/fi\/wp-json\/wp\/v2\/product\/12906\/revisions\/12938"}],"wp:featuredmedia":[{"embeddable":true,"href":"https:\/\/candeebaar.ee\/fi\/wp-json\/wp\/v2\/media\/12909"}],"wp:attachment":[{"href":"https:\/\/candeebaar.ee\/fi\/wp-json\/wp\/v2\/media?parent=12906"}],"wp:term":[{"taxonomy":"product_brand","embeddable":true,"href":"https:\/\/candeebaar.ee\/fi\/wp-json\/wp\/v2\/product_brand?post=12906"},{"taxonomy":"product_cat","embeddable":true,"href":"https:\/\/candeebaar.ee\/fi\/wp-json\/wp\/v2\/product_cat?post=12906"},{"taxonomy":"product_tag","embeddable":true,"href":"https:\/\/candeebaar.ee\/fi\/wp-json\/wp\/v2\/product_tag?post=12906"}],"curies":[{"name":"wp","href":"https:\/\/api.w.org\/{rel}","templated":true}]}}