{"id":12985,"date":"2025-07-14T09:13:05","date_gmt":"2025-07-14T07:13:05","guid":{"rendered":"https:\/\/candeebaar.ee\/?post_type=product&#038;p=12985"},"modified":"2026-01-27T11:46:41","modified_gmt":"2026-01-27T09:46:41","slug":"silikoni-lastalasetti-3-kpl","status":"publish","type":"product","link":"https:\/\/candeebaar.ee\/fi\/kauppa\/silikoni-lastalasetti-3-kpl\/","title":{"rendered":"Silikoni-lastalasetti 3 kpl"},"content":{"rendered":"<p>Silikoninen lastasetti, l\u00e4mm\u00f6nkest\u00e4v\u00e4 (jopa 230 \u00b0C).<br \/>\nPituus: 310 mm, 235 mm, 155 mm<br \/>\nLeveys: 20 mm, 10 mm, 7 mm<br \/>\nMateriaali: elintarvikesilikoni<br \/>\nValmistettu: Kiinassa<\/p>","protected":false},"excerpt":{"rendered":"<p>Silikoninen lastasetti, l\u00e4mm\u00f6nkest\u00e4v\u00e4 (jopa 230 \u00b0C). Pituus: 310 mm, 235 mm, 155 mm. Leveys: 20 mm, 10 mm, 7 mm. Materiaali: elintarvikesilikoni. Valmistusmaa: Kiina.<\/p>","protected":false},"featured_media":12986,"template":"","meta":{"_seopress_robots_primary_cat":"none","_seopress_titles_title":"","_seopress_titles_desc":"","_seopress_robots_index":""},"product_brand":[],"product_cat":[15,84,106],"product_tag":[],"class_list":{"0":"post-12985","1":"product","2":"type-product","3":"status-publish","4":"has-post-thumbnail","6":"product_cat-all-products","7":"product_cat-tools","8":"product_cat-new","10":"first","11":"outofstock","12":"taxable","13":"shipping-taxable","14":"purchasable","15":"product-type-simple"},"_links":{"self":[{"href":"https:\/\/candeebaar.ee\/fi\/wp-json\/wp\/v2\/product\/12985","targetHints":{"allow":["GET"]}}],"collection":[{"href":"https:\/\/candeebaar.ee\/fi\/wp-json\/wp\/v2\/product"}],"about":[{"href":"https:\/\/candeebaar.ee\/fi\/wp-json\/wp\/v2\/types\/product"}],"version-history":[{"count":2,"href":"https:\/\/candeebaar.ee\/fi\/wp-json\/wp\/v2\/product\/12985\/revisions"}],"predecessor-version":[{"id":12988,"href":"https:\/\/candeebaar.ee\/fi\/wp-json\/wp\/v2\/product\/12985\/revisions\/12988"}],"wp:featuredmedia":[{"embeddable":true,"href":"https:\/\/candeebaar.ee\/fi\/wp-json\/wp\/v2\/media\/12986"}],"wp:attachment":[{"href":"https:\/\/candeebaar.ee\/fi\/wp-json\/wp\/v2\/media?parent=12985"}],"wp:term":[{"taxonomy":"product_brand","embeddable":true,"href":"https:\/\/candeebaar.ee\/fi\/wp-json\/wp\/v2\/product_brand?post=12985"},{"taxonomy":"product_cat","embeddable":true,"href":"https:\/\/candeebaar.ee\/fi\/wp-json\/wp\/v2\/product_cat?post=12985"},{"taxonomy":"product_tag","embeddable":true,"href":"https:\/\/candeebaar.ee\/fi\/wp-json\/wp\/v2\/product_tag?post=12985"}],"curies":[{"name":"wp","href":"https:\/\/api.w.org\/{rel}","templated":true}]}}