{"id":12989,"date":"2025-07-14T09:31:52","date_gmt":"2025-07-14T07:31:52","guid":{"rendered":"https:\/\/candeebaar.ee\/?post_type=product&#038;p=12989"},"modified":"2026-04-02T16:26:52","modified_gmt":"2026-04-02T14:26:52","slug":"koristeellinen-puristuspullo-50ml","status":"publish","type":"product","link":"https:\/\/candeebaar.ee\/fi\/kauppa\/koristeellinen-puristuspullo-50ml\/","title":{"rendered":"Koristeellinen puristuspullo 50ml"},"content":{"rendered":"<p>Helppok\u00e4ytt\u00f6inen pehme\u00e4 pullo on suunniteltu tekem\u00e4\u00e4n kirjainten ja koristeiden tekemisest\u00e4 superhelppoa. Kaada vain neste pulloon, kiinnit\u00e4 tarvittava suutin (1\/7) ja aloita!<br \/>\nPullo: 50 ml pehme\u00e4\u00e4 muovia<br \/>\nSuuttimet: eritt\u00e4in tarkat muovisuuttimet 1\u20130,1 mm (voidaan leikata tarpeidesi mukaan) sek\u00e4 yksi metallinen neulasuutin.<\/p>","protected":false},"excerpt":{"rendered":"<p>Helppok\u00e4ytt\u00f6inen pehme\u00e4 pullo on suunniteltu tekem\u00e4\u00e4n kirjainten ja koristeiden tekemisest\u00e4 superhelppoa. Kaada vain neste pulloon, kiinnit\u00e4 tarvittava suutin (1\/7) ja aloita! Pullo: 50 ml pehme\u00e4\u00e4 muovia. Suuttimet: eritt\u00e4in tarkat muovisuuttimet 1\u20130,1 mm (voidaan leikata tarpeidesi mukaan) ja yksi metallinen neulasuutin.<\/p>","protected":false},"featured_media":12992,"template":"","meta":{"_seopress_robots_primary_cat":"none","_seopress_titles_title":"","_seopress_titles_desc":"","_seopress_robots_index":""},"product_brand":[],"product_cat":[15,122,84,106],"product_tag":[],"class_list":{"0":"post-12989","1":"product","2":"type-product","3":"status-publish","4":"has-post-thumbnail","6":"product_cat-all-products","7":"product_cat-miscellaneous","8":"product_cat-tools","9":"product_cat-new","11":"first","12":"outofstock","13":"taxable","14":"shipping-taxable","15":"purchasable","16":"product-type-simple"},"_links":{"self":[{"href":"https:\/\/candeebaar.ee\/fi\/wp-json\/wp\/v2\/product\/12989","targetHints":{"allow":["GET"]}}],"collection":[{"href":"https:\/\/candeebaar.ee\/fi\/wp-json\/wp\/v2\/product"}],"about":[{"href":"https:\/\/candeebaar.ee\/fi\/wp-json\/wp\/v2\/types\/product"}],"version-history":[{"count":1,"href":"https:\/\/candeebaar.ee\/fi\/wp-json\/wp\/v2\/product\/12989\/revisions"}],"predecessor-version":[{"id":12993,"href":"https:\/\/candeebaar.ee\/fi\/wp-json\/wp\/v2\/product\/12989\/revisions\/12993"}],"wp:featuredmedia":[{"embeddable":true,"href":"https:\/\/candeebaar.ee\/fi\/wp-json\/wp\/v2\/media\/12992"}],"wp:attachment":[{"href":"https:\/\/candeebaar.ee\/fi\/wp-json\/wp\/v2\/media?parent=12989"}],"wp:term":[{"taxonomy":"product_brand","embeddable":true,"href":"https:\/\/candeebaar.ee\/fi\/wp-json\/wp\/v2\/product_brand?post=12989"},{"taxonomy":"product_cat","embeddable":true,"href":"https:\/\/candeebaar.ee\/fi\/wp-json\/wp\/v2\/product_cat?post=12989"},{"taxonomy":"product_tag","embeddable":true,"href":"https:\/\/candeebaar.ee\/fi\/wp-json\/wp\/v2\/product_tag?post=12989"}],"curies":[{"name":"wp","href":"https:\/\/api.w.org\/{rel}","templated":true}]}}